{"id":2595,"date":"2025-12-17T19:23:17","date_gmt":"2025-12-17T19:23:17","guid":{"rendered":"https:\/\/de-middel.com\/busqueda-de-proveedores\/"},"modified":"2026-01-14T11:08:48","modified_gmt":"2026-01-14T11:08:48","slug":"busqueda-de-proveedores","status":"publish","type":"page","link":"https:\/\/de-middel.com\/es\/busqueda-de-proveedores\/","title":{"rendered":"B\u00fasqueda de proveedores"},"content":{"rendered":"\t\t<div data-elementor-type=\"wp-page\" data-elementor-id=\"2595\" class=\"elementor elementor-2595 elementor-159\" data-elementor-post-type=\"page\">\n\t\t\t\t<div class=\"elementor-element elementor-element-86ad687 e-flex e-con-boxed wpr-particle-no wpr-jarallax-no wpr-parallax-no wpr-sticky-section-no e-con e-parent\" data-id=\"86ad687\" data-element_type=\"container\">\n\t\t\t\t\t<div class=\"e-con-inner\">\n\t\t\t\t<div class=\"elementor-element elementor-element-e99607c elementor-widget elementor-widget-heading\" data-id=\"e99607c\" data-element_type=\"widget\" data-widget_type=\"heading.default\">\n\t\t\t\t\t<h2 class=\"elementor-heading-title elementor-size-default\">B\u00fasqueda de proveedores<\/h2>\t\t\t\t<\/div>\n\t\t\t\t<div class=\"elementor-element elementor-element-e00bdb1 elementor-widget elementor-widget-text-editor\" data-id=\"e00bdb1\" data-element_type=\"widget\" data-widget_type=\"text-editor.default\">\n\t\t\t\t\t\t\t\t\t<p>Una obra de arte espec\u00edfica, un regalo especial o el vestido de sus sue\u00f1os. Si est\u00e1 buscando un objeto en particular, ser\u00e1 un placer para nosotros emprender la b\u00fasqueda y aconsejarle sobre las opciones m\u00e1s adecuadas. Para coleccionistas privados, dise\u00f1adores y particulares, aprovechar\u00e9 personalmente mi red global para buscar opciones en su nombre. Actuamos como su socio de confianza, gestionando todo el proceso, desde la b\u00fasqueda y la autenticaci\u00f3n hasta la adquisici\u00f3n final y la log\u00edstica.<\/p>\t\t\t\t\t\t\t\t<\/div>\n\t\t<div class=\"elementor-element elementor-element-6b5204c e-con-full e-flex wpr-particle-no wpr-jarallax-no wpr-parallax-no wpr-sticky-section-no e-con e-child\" data-id=\"6b5204c\" data-element_type=\"container\">\n\t\t\t\t<div class=\"elementor-element elementor-element-bec7de6 elementor-widget__width-initial elementor-align-justify elementor-widget elementor-widget-button\" data-id=\"bec7de6\" data-element_type=\"widget\" data-widget_type=\"button.default\">\n\t\t\t\t\t\t\t\t\t\t<a class=\"elementor-button elementor-button-link elementor-size-sm\" href=\"https:\/\/de-middel.com\/es\/contactenos\/\">\n\t\t\t\t\t\t<span class=\"elementor-button-content-wrapper\">\n\t\t\t\t\t\t\t\t\t<span class=\"elementor-button-text\">COMPARTA SU PROYECTO ESPECIAL CON NOSOTROS<\/span>\n\t\t\t\t\t<\/span>\n\t\t\t\t\t<\/a>\n\t\t\t\t\t\t\t\t<\/div>\n\t\t\t\t<\/div>\n\t\t\t\t\t<\/div>\n\t\t\t\t<\/div>\n\t\t\t\t<\/div>\n\t\t","protected":false},"excerpt":{"rendered":"<p>B\u00fasqueda de proveedores Una obra de arte espec\u00edfica, un regalo especial o el vestido de sus sue\u00f1os. Si est\u00e1 buscando un objeto en particular, ser\u00e1 un placer para nosotros emprender la b\u00fasqueda y aconsejarle sobre las opciones m\u00e1s adecuadas. Para coleccionistas privados, dise\u00f1adores y particulares, aprovechar\u00e9 personalmente mi red global para buscar opciones en su nombre. Actuamos como su socio de confianza, gestionando todo el proceso, desde la b\u00fasqueda y la autenticaci\u00f3n hasta la adquisici\u00f3n final y la log\u00edstica. COMPARTA SU PROYECTO ESPECIAL CON NOSOTROS<\/p>\n","protected":false},"author":1,"featured_media":0,"parent":0,"menu_order":0,"comment_status":"closed","ping_status":"closed","template":"","meta":{"_acf_changed":false,"footnotes":""},"class_list":["post-2595","page","type-page","status-publish","hentry"],"acf":[],"aioseo_notices":[],"_hostinger_reach_plugin_has_subscription_block":false,"_hostinger_reach_plugin_is_elementor":false,"_links":{"self":[{"href":"https:\/\/de-middel.com\/es\/wp-json\/wp\/v2\/pages\/2595","targetHints":{"allow":["GET"]}}],"collection":[{"href":"https:\/\/de-middel.com\/es\/wp-json\/wp\/v2\/pages"}],"about":[{"href":"https:\/\/de-middel.com\/es\/wp-json\/wp\/v2\/types\/page"}],"author":[{"embeddable":true,"href":"https:\/\/de-middel.com\/es\/wp-json\/wp\/v2\/users\/1"}],"replies":[{"embeddable":true,"href":"https:\/\/de-middel.com\/es\/wp-json\/wp\/v2\/comments?post=2595"}],"version-history":[{"count":1,"href":"https:\/\/de-middel.com\/es\/wp-json\/wp\/v2\/pages\/2595\/revisions"}],"predecessor-version":[{"id":2596,"href":"https:\/\/de-middel.com\/es\/wp-json\/wp\/v2\/pages\/2595\/revisions\/2596"}],"wp:attachment":[{"href":"https:\/\/de-middel.com\/es\/wp-json\/wp\/v2\/media?parent=2595"}],"curies":[{"name":"wp","href":"https:\/\/api.w.org\/{rel}","templated":true}]}}