{"id":2598,"date":"2025-12-17T20:58:56","date_gmt":"2025-12-17T20:58:56","guid":{"rendered":"https:\/\/de-middel.com\/aviso-legal\/"},"modified":"2026-01-14T11:09:00","modified_gmt":"2026-01-14T11:09:00","slug":"aviso-legal","status":"publish","type":"page","link":"https:\/\/de-middel.com\/es\/aviso-legal\/","title":{"rendered":"AVISO LEGAL"},"content":{"rendered":"\t\t<div data-elementor-type=\"wp-page\" data-elementor-id=\"2598\" class=\"elementor elementor-2598 elementor-265\" data-elementor-post-type=\"page\">\n\t\t\t\t<div class=\"elementor-element elementor-element-d8c6a12 services e-flex e-con-boxed wpr-particle-no wpr-jarallax-no wpr-parallax-no wpr-sticky-section-no e-con e-parent\" data-id=\"d8c6a12\" data-element_type=\"container\">\n\t\t\t\t\t<div class=\"e-con-inner\">\n\t\t\t\t<div class=\"elementor-element elementor-element-73743e3 elementor-widget elementor-widget-heading\" data-id=\"73743e3\" data-element_type=\"widget\" data-widget_type=\"heading.default\">\n\t\t\t\t\t<h2 class=\"elementor-heading-title elementor-size-default\">AVISO LEGAL\n<\/h2>\t\t\t\t<\/div>\n\t\t\t\t<div class=\"elementor-element elementor-element-1b5475d elementor-widget elementor-widget-heading\" data-id=\"1b5475d\" data-element_type=\"widget\" data-widget_type=\"heading.default\">\n\t\t\t\t\t<h2 class=\"elementor-heading-title elementor-size-default\">I. EDITOR Y OPERADOR<\/h2>\t\t\t\t<\/div>\n\t\t\t\t<div class=\"elementor-element elementor-element-04596bd elementor-widget elementor-widget-text-editor\" data-id=\"04596bd\" data-element_type=\"widget\" data-widget_type=\"text-editor.default\">\n\t\t\t\t\t\t\t\t\t<p>Este sitio web y la marca De Middel son propiedad de y est\u00e1n operados por: Axolotles Ltd<\/p>\t\t\t\t\t\t\t\t<\/div>\n\t\t\t\t<div class=\"elementor-element elementor-element-e010d65 elementor-widget elementor-widget-heading\" data-id=\"e010d65\" data-element_type=\"widget\" data-widget_type=\"heading.default\">\n\t\t\t\t\t<h2 class=\"elementor-heading-title elementor-size-default\">II.Domicilio social y contacto<\/h2>\t\t\t\t<\/div>\n\t\t\t\t<div class=\"elementor-element elementor-element-9ccde7d elementor-widget elementor-widget-text-editor\" data-id=\"9ccde7d\" data-element_type=\"widget\" data-widget_type=\"text-editor.default\">\n\t\t\t\t\t\t\t\t\tDirecci\u00f3n registrada: 209 Fulham Road, London SW10 9PJ, Reino Unido<br>Correo electr\u00f3nico de contacto: studio@de-middel.com<br>Tel\u00e9fono de contacto: +44 7481028 429\n<br>N\u00famero de registro de la empresa: 11420111\t\t\t\t\t\t\t\t<\/div>\n\t\t\t\t<div class=\"elementor-element elementor-element-678014b elementor-widget elementor-widget-heading\" data-id=\"678014b\" data-element_type=\"widget\" data-widget_type=\"heading.default\">\n\t\t\t\t\t<h2 class=\"elementor-heading-title elementor-size-default\">III.Informaci\u00f3n general<\/h2>\t\t\t\t<\/div>\n\t\t\t\t<div class=\"elementor-element elementor-element-e0e307e elementor-widget elementor-widget-text-editor\" data-id=\"e0e307e\" data-element_type=\"widget\" data-widget_type=\"text-editor.default\">\n\t\t\t\t\t\t\t\t\t<p>Este sitio web y la marca De Middel son propiedad de y est\u00e1n operados por: Axolotles Ltd<\/p>\t\t\t\t\t\t\t\t<\/div>\n\t\t\t\t\t<\/div>\n\t\t\t\t<\/div>\n\t\t\t\t<\/div>\n\t\t","protected":false},"excerpt":{"rendered":"<p>AVISO LEGAL I. EDITOR Y OPERADOR Este sitio web y la marca De Middel son propiedad de y est\u00e1n operados por: Axolotles Ltd II.Domicilio social y contacto Direcci\u00f3n registrada: 209 Fulham Road, London SW10 9PJ, Reino UnidoCorreo electr\u00f3nico de contacto: studio@de-middel.comTel\u00e9fono de contacto: +44 7481028 429 N\u00famero de registro de la empresa: 11420111 III.Informaci\u00f3n general Este sitio web y la marca De Middel son propiedad de y est\u00e1n operados por: Axolotles Ltd<\/p>\n","protected":false},"author":1,"featured_media":0,"parent":0,"menu_order":0,"comment_status":"closed","ping_status":"closed","template":"","meta":{"_acf_changed":false,"footnotes":""},"class_list":["post-2598","page","type-page","status-publish","hentry"],"acf":[],"aioseo_notices":[],"_hostinger_reach_plugin_has_subscription_block":false,"_hostinger_reach_plugin_is_elementor":false,"_links":{"self":[{"href":"https:\/\/de-middel.com\/es\/wp-json\/wp\/v2\/pages\/2598","targetHints":{"allow":["GET"]}}],"collection":[{"href":"https:\/\/de-middel.com\/es\/wp-json\/wp\/v2\/pages"}],"about":[{"href":"https:\/\/de-middel.com\/es\/wp-json\/wp\/v2\/types\/page"}],"author":[{"embeddable":true,"href":"https:\/\/de-middel.com\/es\/wp-json\/wp\/v2\/users\/1"}],"replies":[{"embeddable":true,"href":"https:\/\/de-middel.com\/es\/wp-json\/wp\/v2\/comments?post=2598"}],"version-history":[{"count":1,"href":"https:\/\/de-middel.com\/es\/wp-json\/wp\/v2\/pages\/2598\/revisions"}],"predecessor-version":[{"id":2600,"href":"https:\/\/de-middel.com\/es\/wp-json\/wp\/v2\/pages\/2598\/revisions\/2600"}],"wp:attachment":[{"href":"https:\/\/de-middel.com\/es\/wp-json\/wp\/v2\/media?parent=2598"}],"curies":[{"name":"wp","href":"https:\/\/api.w.org\/{rel}","templated":true}]}}