{"id":2764,"date":"2026-01-02T20:21:52","date_gmt":"2026-01-02T20:21:52","guid":{"rendered":"https:\/\/de-middel.com\/el-registro-seleccionado\/"},"modified":"2026-01-14T11:10:27","modified_gmt":"2026-01-14T11:10:27","slug":"el-registro-seleccionado","status":"publish","type":"page","link":"https:\/\/de-middel.com\/es\/el-registro-seleccionado\/","title":{"rendered":"EL REGISTRO SELECCIONADO"},"content":{"rendered":"\t\t<div data-elementor-type=\"wp-page\" data-elementor-id=\"2764\" class=\"elementor elementor-2764 elementor-2011\" data-elementor-post-type=\"page\">\n\t\t\t\t<div class=\"elementor-element elementor-element-fde0253 e-flex e-con-boxed wpr-particle-no wpr-jarallax-no wpr-parallax-no wpr-sticky-section-no e-con e-parent\" data-id=\"fde0253\" data-element_type=\"container\">\n\t\t\t\t\t<div class=\"e-con-inner\">\n\t\t\t\t<div class=\"elementor-element elementor-element-af60b9c elementor-widget elementor-widget-heading\" data-id=\"af60b9c\" data-element_type=\"widget\" data-widget_type=\"heading.default\">\n\t\t\t\t\t<h2 class=\"elementor-heading-title elementor-size-default\">EL REGISTRO SELECCIONADO<br>UNA VIDA DE CELEBRACI\u00d3N<\/h2>\t\t\t\t<\/div>\n\t\t\t\t<div class=\"elementor-element elementor-element-4305782 elementor-widget elementor-widget-text-editor\" data-id=\"4305782\" data-element_type=\"widget\" data-widget_type=\"text-editor.default\">\n\t\t\t\t\t\t\t\t\t<div class=\"container-7 _60\"><div class=\"div-block-173\"><div class=\"text-block-72\"><p class=\"paragraph-5 _85\">Incluso si cada nuevo d\u00eda es un hito en s\u00ed mismo, hay momentos que particularmente queremos compartir con los dem\u00e1s. Creemos que estas celebraciones importantes (una boda, un aniversario, un nuevo hogar) deben ser honradas con objetos de verdadera resonancia y permanencia. Nuestro servicio de registro es una invitaci\u00f3n a construir su legado. Es una oportunidad para comenzar su nueva historia rodeado de arte y objetos que le aporten una alegr\u00eda profunda y duradera.   <\/p><\/div><\/div><\/div>\t\t\t\t\t\t\t\t<\/div>\n\t\t<div class=\"elementor-element elementor-element-c2c75f1 e-con-full e-flex wpr-particle-no wpr-jarallax-no wpr-parallax-no wpr-sticky-section-no e-con e-child\" data-id=\"c2c75f1\" data-element_type=\"container\">\n\t\t<div class=\"elementor-element elementor-element-f9e6e26 e-grid e-con-full wpr-particle-no wpr-jarallax-no wpr-parallax-no wpr-sticky-section-no e-con e-child\" data-id=\"f9e6e26\" data-element_type=\"container\">\n\t\t<div class=\"elementor-element elementor-element-5620d0d e-con-full e-flex wpr-particle-no wpr-jarallax-no wpr-parallax-no wpr-sticky-section-no e-con e-child\" data-id=\"5620d0d\" data-element_type=\"container\">\n\t\t\t\t<div class=\"elementor-element elementor-element-afc5ee0 elementor-widget elementor-widget-image\" data-id=\"afc5ee0\" data-element_type=\"widget\" data-widget_type=\"image.default\">\n\t\t\t\t\t\t\t\t\t\t\t\t\t\t\t<img fetchpriority=\"high\" decoding=\"async\" width=\"300\" height=\"296\" src=\"https:\/\/de-middel.com\/wp-content\/uploads\/2025\/12\/693c1685edf458a58bbf008b_Screenshot-2025-12-12-at-13.02.56-300x296.png\" class=\"attachment-medium size-medium wp-image-115\" alt=\"\" srcset=\"https:\/\/de-middel.com\/wp-content\/uploads\/2025\/12\/693c1685edf458a58bbf008b_Screenshot-2025-12-12-at-13.02.56-300x296.png 300w, https:\/\/de-middel.com\/wp-content\/uploads\/2025\/12\/693c1685edf458a58bbf008b_Screenshot-2025-12-12-at-13.02.56-200x198.png 200w, https:\/\/de-middel.com\/wp-content\/uploads\/2025\/12\/693c1685edf458a58bbf008b_Screenshot-2025-12-12-at-13.02.56-100x100.png 100w, https:\/\/de-middel.com\/wp-content\/uploads\/2025\/12\/693c1685edf458a58bbf008b_Screenshot-2025-12-12-at-13.02.56-600x593.png 600w, https:\/\/de-middel.com\/wp-content\/uploads\/2025\/12\/693c1685edf458a58bbf008b_Screenshot-2025-12-12-at-13.02.56-768x759.png 768w, https:\/\/de-middel.com\/wp-content\/uploads\/2025\/12\/693c1685edf458a58bbf008b_Screenshot-2025-12-12-at-13.02.56.png 815w\" sizes=\"(max-width: 300px) 100vw, 300px\" \/>\t\t\t\t\t\t\t\t\t\t\t\t\t\t\t<\/div>\n\t\t\t\t<\/div>\n\t\t<div class=\"elementor-element elementor-element-b5cc5ad e-con-full e-flex wpr-particle-no wpr-jarallax-no wpr-parallax-no wpr-sticky-section-no e-con e-child\" data-id=\"b5cc5ad\" data-element_type=\"container\">\n\t\t\t\t<div class=\"elementor-element elementor-element-28d1666 elementor-widget elementor-widget-heading\" data-id=\"28d1666\" data-element_type=\"widget\" data-widget_type=\"heading.default\">\n\t\t\t\t\t<h2 class=\"elementor-heading-title elementor-size-default\">NUESTRO SERVICIO<\/h2>\t\t\t\t<\/div>\n\t\t\t\t<div class=\"elementor-element elementor-element-37118b5 elementor-widget elementor-widget-text-editor\" data-id=\"37118b5\" data-element_type=\"widget\" data-widget_type=\"text-editor.default\">\n\t\t\t\t\t\t\t\t\t<div class=\"container-7 _60\"><div class=\"div-block-173\"><div class=\"text-block-72\"><p class=\"paragraph-5 _85\">Ofrecemos una experiencia de registro verdaderamente a medida. Personalmente, le consultar\u00e9 para seleccionar una lista privada de nuestra completa colecci\u00f3n de bellas artes, artes decorativas, libros raros y moda. <\/p><p class=\"paragraph-5 _85\">Si su visi\u00f3n incluye una pieza espec\u00edfica que no se encuentra actualmente en nuestra colecci\u00f3n, con gusto aprovechar\u00e9 mi red global para encontrarla para usted.<\/p><p>Tambi\u00e9n ayudamos a los invitados a encontrar el regalo perfecto, ya sea para una contribuci\u00f3n grupal o un art\u00edculo singular y especial. Gestionamos todo el proceso tanto para los anfitriones como para los invitados, con la discreci\u00f3n y la elegancia que su celebraci\u00f3n merece <\/p><\/div><\/div><\/div>\t\t\t\t\t\t\t\t<\/div>\n\t\t\t\t<\/div>\n\t\t\t\t<\/div>\n\t\t<div class=\"elementor-element elementor-element-b9f0a14 e-con-full e-flex wpr-particle-no wpr-jarallax-no wpr-parallax-no wpr-sticky-section-no e-con e-child\" data-id=\"b9f0a14\" data-element_type=\"container\">\n\t\t\t\t<div class=\"elementor-element elementor-element-959b123 elementor-widget elementor-widget-heading\" data-id=\"959b123\" data-element_type=\"widget\" data-widget_type=\"heading.default\">\n\t\t\t\t\t<h2 class=\"elementor-heading-title elementor-size-default\">UNA CELEBRACI\u00d3N CON PROP\u00d3SITO\n<\/h2>\t\t\t\t<\/div>\n\t\t\t\t<div class=\"elementor-element elementor-element-8e30e14 elementor-widget elementor-widget-text-editor\" data-id=\"8e30e14\" data-element_type=\"widget\" data-widget_type=\"text-editor.default\">\n\t\t\t\t\t\t\t\t\t<div class=\"container-7 _60\"><div class=\"div-block-173\"><div class=\"text-block-72\"><p class=\"paragraph-5 _85\">Creemos que una vida seleccionada es una vida de conexi\u00f3n y prop\u00f3sito. Como parte de nuestro compromiso con esto, una parte de nuestro trabajo se dedica a colaboraciones con la comunidad local, incluyendo programas de entrenamiento y empoderamiento. Elegir DE-MIDDEL para su registro significa que su celebraci\u00f3n tambi\u00e9n apoya esta misi\u00f3n m\u00e1s amplia.  <\/p><\/div><\/div><\/div>\t\t\t\t\t\t\t\t<\/div>\n\t\t\t\t<div class=\"elementor-element elementor-element-64b178f elementor-align-justify elementor-widget__width-initial elementor-widget elementor-widget-button\" data-id=\"64b178f\" data-element_type=\"widget\" data-widget_type=\"button.default\">\n\t\t\t\t\t\t\t\t\t\t<a class=\"elementor-button elementor-button-link elementor-size-sm\" href=\"https:\/\/de-middel.com\/es\/contactenos\/\">\n\t\t\t\t\t\t<span class=\"elementor-button-content-wrapper\">\n\t\t\t\t\t\t\t\t\t<span class=\"elementor-button-text\">Comience su registro<\/span>\n\t\t\t\t\t<\/span>\n\t\t\t\t\t<\/a>\n\t\t\t\t\t\t\t\t<\/div>\n\t\t\t\t<\/div>\n\t\t\t\t<\/div>\n\t\t\t\t\t<\/div>\n\t\t\t\t<\/div>\n\t\t\t\t<\/div>\n\t\t","protected":false},"excerpt":{"rendered":"<p>EL REGISTRO SELECCIONADOUNA VIDA DE CELEBRACI\u00d3N Incluso si cada nuevo d\u00eda es un hito en s\u00ed mismo, hay momentos que particularmente queremos compartir con los dem\u00e1s. Creemos que estas celebraciones importantes (una boda, un aniversario, un nuevo hogar) deben ser honradas con objetos de verdadera resonancia y permanencia. Nuestro servicio de registro es una invitaci\u00f3n a construir su legado. Es una oportunidad para comenzar su nueva historia rodeado de arte y objetos que le aporten una alegr\u00eda profunda y duradera. NUESTRO SERVICIO Ofrecemos una experiencia de registro verdaderamente a medida. Personalmente, le consultar\u00e9 para seleccionar una lista privada de nuestra completa colecci\u00f3n de bellas artes, artes decorativas, libros raros y moda. Si su visi\u00f3n incluye una pieza espec\u00edfica que no se encuentra actualmente en nuestra colecci\u00f3n, con gusto aprovechar\u00e9 mi red global para encontrarla para usted. Tambi\u00e9n ayudamos a los invitados a encontrar el regalo perfecto, ya sea para una contribuci\u00f3n grupal o un art\u00edculo singular y especial. Gestionamos todo el proceso tanto para los anfitriones como para los invitados, con la discreci\u00f3n y la elegancia que su celebraci\u00f3n merece UNA CELEBRACI\u00d3N CON PROP\u00d3SITO Creemos que una vida seleccionada es una vida de conexi\u00f3n y prop\u00f3sito. Como parte de nuestro compromiso con esto, una parte de nuestro trabajo se dedica a colaboraciones con la comunidad local, incluyendo programas de entrenamiento y empoderamiento. Elegir DE-MIDDEL para su registro significa que su celebraci\u00f3n tambi\u00e9n apoya esta misi\u00f3n m\u00e1s amplia. Comience su registro<\/p>\n","protected":false},"author":1,"featured_media":0,"parent":0,"menu_order":0,"comment_status":"closed","ping_status":"closed","template":"","meta":{"_acf_changed":false,"footnotes":""},"class_list":["post-2764","page","type-page","status-publish","hentry"],"acf":[],"aioseo_notices":[],"_hostinger_reach_plugin_has_subscription_block":false,"_hostinger_reach_plugin_is_elementor":false,"_links":{"self":[{"href":"https:\/\/de-middel.com\/es\/wp-json\/wp\/v2\/pages\/2764","targetHints":{"allow":["GET"]}}],"collection":[{"href":"https:\/\/de-middel.com\/es\/wp-json\/wp\/v2\/pages"}],"about":[{"href":"https:\/\/de-middel.com\/es\/wp-json\/wp\/v2\/types\/page"}],"author":[{"embeddable":true,"href":"https:\/\/de-middel.com\/es\/wp-json\/wp\/v2\/users\/1"}],"replies":[{"embeddable":true,"href":"https:\/\/de-middel.com\/es\/wp-json\/wp\/v2\/comments?post=2764"}],"version-history":[{"count":1,"href":"https:\/\/de-middel.com\/es\/wp-json\/wp\/v2\/pages\/2764\/revisions"}],"predecessor-version":[{"id":2767,"href":"https:\/\/de-middel.com\/es\/wp-json\/wp\/v2\/pages\/2764\/revisions\/2767"}],"wp:attachment":[{"href":"https:\/\/de-middel.com\/es\/wp-json\/wp\/v2\/media?parent=2764"}],"curies":[{"name":"wp","href":"https:\/\/api.w.org\/{rel}","templated":true}]}}