{"id":2770,"date":"2025-12-17T19:20:52","date_gmt":"2025-12-17T19:20:52","guid":{"rendered":"https:\/\/de-middel.com\/nuestro-atelier-de-alquiler\/"},"modified":"2026-01-14T11:10:55","modified_gmt":"2026-01-14T11:10:55","slug":"nuestro-atelier-de-alquiler","status":"publish","type":"page","link":"https:\/\/de-middel.com\/es\/nuestro-atelier-de-alquiler\/","title":{"rendered":"Nuestro Atelier de alquiler"},"content":{"rendered":"\t\t<div data-elementor-type=\"wp-page\" data-elementor-id=\"2770\" class=\"elementor elementor-2770 elementor-151\" data-elementor-post-type=\"page\">\n\t\t\t\t<div class=\"elementor-element elementor-element-d0ae977 e-flex e-con-boxed wpr-particle-no wpr-jarallax-no wpr-parallax-no wpr-sticky-section-no e-con e-parent\" data-id=\"d0ae977\" data-element_type=\"container\">\n\t\t\t\t\t<div class=\"e-con-inner\">\n\t\t\t\t<div class=\"elementor-element elementor-element-33e5f4c elementor-widget elementor-widget-heading\" data-id=\"33e5f4c\" data-element_type=\"widget\" data-widget_type=\"heading.default\">\n\t\t\t\t\t<h2 class=\"elementor-heading-title elementor-size-default\">Nuestro Atelier de alquiler\n<\/h2>\t\t\t\t<\/div>\n\t\t\t\t<div class=\"elementor-element elementor-element-2b3d038 elementor-widget elementor-widget-text-editor\" data-id=\"2b3d038\" data-element_type=\"widget\" data-widget_type=\"text-editor.default\">\n\t\t\t\t\t\t\t\t\t<div class=\"container-7 _60\"><div class=\"container-7 _60\"><div id=\"w-node-_74771631-1281-714d-4f25-97874e7c0f80-2f0b2a48\" class=\"w-layout-layout quick-stack-laptop-2 show wf-layout-layout\"><div id=\"w-node-_74771631-1281-714d-4f25-97874e7c0f81-2f0b2a48\" class=\"w-layout-cell cell-61\"><div id=\"w-node-_74771631-1281-714d-4f25-97874e7c0f90-2f0b2a48\" class=\"w-layout-cell\"><div class=\"normal-text-cormorant-little-space\">La esencia de la belleza es la circularidad.<br>Nuestro servicio de alquiler es la ant\u00edtesis de la moda r\u00e1pida y el consumismo sin alma; es una forma consciente y moderna de participar en la historia de un objeto. Ofrecemos una selecci\u00f3n cuidada de nuestra moda, accesorios y arte para uso personal, mientras que nuestra colecci\u00f3n completa est\u00e1 disponible para estilistas, productoras y dise\u00f1adores para proyectos de cine, sesiones de fotos y proyectos de escenograf\u00eda.<\/div><\/div><\/div><\/div><\/div><\/div>\t\t\t\t\t\t\t\t<\/div>\n\t\t<div class=\"elementor-element elementor-element-480d5c3 e-con-full e-flex wpr-particle-no wpr-jarallax-no wpr-parallax-no wpr-sticky-section-no e-con e-child\" data-id=\"480d5c3\" data-element_type=\"container\">\n\t\t\t\t<div class=\"elementor-element elementor-element-b8dd7bb elementor-widget__width-initial elementor-align-justify elementor-widget elementor-widget-button\" data-id=\"b8dd7bb\" data-element_type=\"widget\" data-widget_type=\"button.default\">\n\t\t\t\t\t\t\t\t\t\t<a class=\"elementor-button elementor-button-link elementor-size-sm\" href=\"https:\/\/de-middel.com\/es\/contactenos\/\">\n\t\t\t\t\t\t<span class=\"elementor-button-content-wrapper\">\n\t\t\t\t\t\t\t\t\t<span class=\"elementor-button-text\">Consultar<\/span>\n\t\t\t\t\t<\/span>\n\t\t\t\t\t<\/a>\n\t\t\t\t\t\t\t\t<\/div>\n\t\t\t\t<\/div>\n\t\t\t\t\t<\/div>\n\t\t\t\t<\/div>\n\t\t\t\t<\/div>\n\t\t","protected":false},"excerpt":{"rendered":"<p>Nuestro Atelier de alquiler La esencia de la belleza es la circularidad.Nuestro servicio de alquiler es la ant\u00edtesis de la moda r\u00e1pida y el consumismo sin alma; es una forma consciente y moderna de participar en la historia de un objeto. Ofrecemos una selecci\u00f3n cuidada de nuestra moda, accesorios y arte para uso personal, mientras que nuestra colecci\u00f3n completa est\u00e1 disponible para estilistas, productoras y dise\u00f1adores para proyectos de cine, sesiones de fotos y proyectos de escenograf\u00eda. Consultar<\/p>\n","protected":false},"author":1,"featured_media":0,"parent":0,"menu_order":0,"comment_status":"closed","ping_status":"closed","template":"","meta":{"_acf_changed":false,"footnotes":""},"class_list":["post-2770","page","type-page","status-publish","hentry"],"acf":[],"aioseo_notices":[],"_hostinger_reach_plugin_has_subscription_block":false,"_hostinger_reach_plugin_is_elementor":false,"_links":{"self":[{"href":"https:\/\/de-middel.com\/es\/wp-json\/wp\/v2\/pages\/2770","targetHints":{"allow":["GET"]}}],"collection":[{"href":"https:\/\/de-middel.com\/es\/wp-json\/wp\/v2\/pages"}],"about":[{"href":"https:\/\/de-middel.com\/es\/wp-json\/wp\/v2\/types\/page"}],"author":[{"embeddable":true,"href":"https:\/\/de-middel.com\/es\/wp-json\/wp\/v2\/users\/1"}],"replies":[{"embeddable":true,"href":"https:\/\/de-middel.com\/es\/wp-json\/wp\/v2\/comments?post=2770"}],"version-history":[{"count":1,"href":"https:\/\/de-middel.com\/es\/wp-json\/wp\/v2\/pages\/2770\/revisions"}],"predecessor-version":[{"id":2773,"href":"https:\/\/de-middel.com\/es\/wp-json\/wp\/v2\/pages\/2770\/revisions\/2773"}],"wp:attachment":[{"href":"https:\/\/de-middel.com\/es\/wp-json\/wp\/v2\/media?parent=2770"}],"curies":[{"name":"wp","href":"https:\/\/api.w.org\/{rel}","templated":true}]}}