{"id":2779,"date":"2025-12-17T19:17:48","date_gmt":"2025-12-17T19:17:48","guid":{"rendered":"https:\/\/de-middel.com\/servicios-de-envoltorio-para-regalo\/"},"modified":"2026-01-14T11:10:55","modified_gmt":"2026-01-14T11:10:55","slug":"servicios-de-envoltorio-para-regalo","status":"publish","type":"page","link":"https:\/\/de-middel.com\/es\/servicios-de-envoltorio-para-regalo\/","title":{"rendered":"SERVICIOS DE ENVOLTORIO PARA REGALO"},"content":{"rendered":"\t\t<div data-elementor-type=\"wp-page\" data-elementor-id=\"2779\" class=\"elementor elementor-2779 elementor-146\" data-elementor-post-type=\"page\">\n\t\t\t\t<div class=\"elementor-element elementor-element-8ef7c26 e-flex e-con-boxed wpr-particle-no wpr-jarallax-no wpr-parallax-no wpr-sticky-section-no e-con e-parent\" data-id=\"8ef7c26\" data-element_type=\"container\">\n\t\t\t\t\t<div class=\"e-con-inner\">\n\t\t\t\t<div class=\"elementor-element elementor-element-dc86b24 elementor-widget elementor-widget-heading\" data-id=\"dc86b24\" data-element_type=\"widget\" data-widget_type=\"heading.default\">\n\t\t\t\t\t<h2 class=\"elementor-heading-title elementor-size-default\">SERVICIOS DE ENVOLTORIO PARA REGALO\n<\/h2>\t\t\t\t<\/div>\n\t\t\t\t<div class=\"elementor-element elementor-element-353a008 elementor-widget elementor-widget-text-editor\" data-id=\"353a008\" data-element_type=\"widget\" data-widget_type=\"text-editor.default\">\n\t\t\t\t\t\t\t\t\t<div class=\"container-7 _60\"><div class=\"div-block-173\"><div class=\"text-block-72\"><div class=\"text-block-64 blue\">En De Middel, la verificaci\u00f3n de la historia y el origen de un objeto es fundamental para nuestro proceso de selecci\u00f3n. Cada pieza ofrecida es \u00fanica, y nos comprometemos a proporcionar el m\u00e1s alto nivel de confianza y transparencia para su adquisici\u00f3n. <\/div><div class=\"text-block-64 w-richtext\"> <\/div><\/div><\/div><\/div>\t\t\t\t\t\t\t\t<\/div>\n\t\t\t\t<div class=\"elementor-element elementor-element-2afc921 elementor-widget elementor-widget-text-editor\" data-id=\"2afc921\" data-element_type=\"widget\" data-widget_type=\"text-editor.default\">\n\t\t\t\t\t\t\t\t\t<div class=\"container-7 _60\"><div class=\"div-block-173\"><div class=\"text-block-72\"><div class=\"text-block-64 blue\"><p>I. Verificaci\u00f3n interna y certificado de autenticidad<br>Todos los lotes son verificados por nuestros especialistas internos para garantizar su autenticidad como originales. Al completar su adquisici\u00f3n, recibir\u00e1 un certificado de autenticidad formal de De Middel. <\/p><p>Este certificado garantiza el origen y la identidad del art\u00edculo tal como se representa en nuestro sitio web, proporcionando tranquilidad con cada adquisici\u00f3n.<\/p><p>\u200d<\/p><p>II. Servicio de autenticaci\u00f3n a terceros a medida <\/p><p>Para los clientes que requieran el m\u00e1s alto nivel de garant\u00eda independiente, ofrecemos un servicio dedicado a coordinar la autenticaci\u00f3n externa por parte de terceros:<\/p><p>Socios expertos: Trabajamos con autenticadores externos de renombre y reconocidos en todo el mundo, pero tambi\u00e9n estamos encantados de trabajar con la contraparte elegida por el cliente para gestionar el proceso de verificaci\u00f3n.<\/p><p>Proceso: Nos encargamos de toda la log\u00edstica, la correspondencia y la presentaci\u00f3n del objeto al experto externo.<\/p><p>Estructura de tarifas: El coste total de este servicio depender\u00e1 del objeto (por ejemplo, tama\u00f1o, medio y experto requerido). De Middel cobrar\u00e1 al cliente el coste real de la tarifa del experto externo. <\/p><p>Cargo por servicio: De Middel cobrar\u00e1 un cargo por servicio del 10% para cubrir la administraci\u00f3n, la log\u00edstica y la manipulaci\u00f3n de este servicio especializado, con un cargo m\u00ednimo de 50 \u00a3 por art\u00edculo. Esta tarifa es independiente de la tarifa de valoraci\u00f3n del experto externo. <\/p><\/div><\/div><\/div><\/div>\t\t\t\t\t\t\t\t<\/div>\n\t\t\t\t\t<\/div>\n\t\t\t\t<\/div>\n\t\t\t\t<\/div>\n\t\t","protected":false},"excerpt":{"rendered":"<p>SERVICIOS DE ENVOLTORIO PARA REGALO En De Middel, la verificaci\u00f3n de la historia y el origen de un objeto es fundamental para nuestro proceso de selecci\u00f3n. Cada pieza ofrecida es \u00fanica, y nos comprometemos a proporcionar el m\u00e1s alto nivel de confianza y transparencia para su adquisici\u00f3n. I. Verificaci\u00f3n interna y certificado de autenticidadTodos los lotes son verificados por nuestros especialistas internos para garantizar su autenticidad como originales. Al completar su adquisici\u00f3n, recibir\u00e1 un certificado de autenticidad formal de De Middel. Este certificado garantiza el origen y la identidad del art\u00edculo tal como se representa en nuestro sitio web, proporcionando tranquilidad con cada adquisici\u00f3n. \u200d II. Servicio de autenticaci\u00f3n a terceros a medida Para los clientes que requieran el m\u00e1s alto nivel de garant\u00eda independiente, ofrecemos un servicio dedicado a coordinar la autenticaci\u00f3n externa por parte de terceros: Socios expertos: Trabajamos con autenticadores externos de renombre y reconocidos en todo el mundo, pero tambi\u00e9n estamos encantados de trabajar con la contraparte elegida por el cliente para gestionar el proceso de verificaci\u00f3n. Proceso: Nos encargamos de toda la log\u00edstica, la correspondencia y la presentaci\u00f3n del objeto al experto externo. Estructura de tarifas: El coste total de este servicio depender\u00e1 del objeto (por ejemplo, tama\u00f1o, medio y experto requerido). De Middel cobrar\u00e1 al cliente el coste real de la tarifa del experto externo. Cargo por servicio: De Middel cobrar\u00e1 un cargo por servicio del 10% para cubrir la administraci\u00f3n, la log\u00edstica y la manipulaci\u00f3n de este servicio especializado, con un cargo m\u00ednimo de 50 \u00a3 por art\u00edculo. Esta tarifa es independiente de la tarifa de valoraci\u00f3n del experto externo.<\/p>\n","protected":false},"author":1,"featured_media":0,"parent":0,"menu_order":0,"comment_status":"closed","ping_status":"closed","template":"","meta":{"_acf_changed":false,"footnotes":""},"class_list":["post-2779","page","type-page","status-publish","hentry"],"acf":[],"aioseo_notices":[],"_hostinger_reach_plugin_has_subscription_block":false,"_hostinger_reach_plugin_is_elementor":false,"_links":{"self":[{"href":"https:\/\/de-middel.com\/es\/wp-json\/wp\/v2\/pages\/2779","targetHints":{"allow":["GET"]}}],"collection":[{"href":"https:\/\/de-middel.com\/es\/wp-json\/wp\/v2\/pages"}],"about":[{"href":"https:\/\/de-middel.com\/es\/wp-json\/wp\/v2\/types\/page"}],"author":[{"embeddable":true,"href":"https:\/\/de-middel.com\/es\/wp-json\/wp\/v2\/users\/1"}],"replies":[{"embeddable":true,"href":"https:\/\/de-middel.com\/es\/wp-json\/wp\/v2\/comments?post=2779"}],"version-history":[{"count":1,"href":"https:\/\/de-middel.com\/es\/wp-json\/wp\/v2\/pages\/2779\/revisions"}],"predecessor-version":[{"id":2781,"href":"https:\/\/de-middel.com\/es\/wp-json\/wp\/v2\/pages\/2779\/revisions\/2781"}],"wp:attachment":[{"href":"https:\/\/de-middel.com\/es\/wp-json\/wp\/v2\/media?parent=2779"}],"curies":[{"name":"wp","href":"https:\/\/api.w.org\/{rel}","templated":true}]}}