{"id":2798,"date":"2025-12-17T20:32:12","date_gmt":"2025-12-17T20:32:12","guid":{"rendered":"https:\/\/de-middel.com\/politica-de-privacidad\/"},"modified":"2026-01-14T11:11:21","modified_gmt":"2026-01-14T11:11:21","slug":"politica-de-privacidad","status":"publish","type":"page","link":"https:\/\/de-middel.com\/es\/politica-de-privacidad\/","title":{"rendered":"Pol\u00edtica de privacidad"},"content":{"rendered":"\t\t<div data-elementor-type=\"wp-page\" data-elementor-id=\"2798\" class=\"elementor elementor-2798 elementor-239\" data-elementor-post-type=\"page\">\n\t\t\t\t<div class=\"elementor-element elementor-element-e672fd9 services e-flex e-con-boxed wpr-particle-no wpr-jarallax-no wpr-parallax-no wpr-sticky-section-no e-con e-parent\" data-id=\"e672fd9\" data-element_type=\"container\">\n\t\t\t\t\t<div class=\"e-con-inner\">\n\t\t\t\t<div class=\"elementor-element elementor-element-1f3ac0e elementor-widget elementor-widget-heading\" data-id=\"1f3ac0e\" data-element_type=\"widget\" data-widget_type=\"heading.default\">\n\t\t\t\t\t<h2 class=\"elementor-heading-title elementor-size-default\">POL\u00cdTICA DE PRIVACIDAD\n<\/h2>\t\t\t\t<\/div>\n\t\t\t\t<div class=\"elementor-element elementor-element-4edc617 elementor-widget elementor-widget-heading\" data-id=\"4edc617\" data-element_type=\"widget\" data-widget_type=\"heading.default\">\n\t\t\t\t\t<h2 class=\"elementor-heading-title elementor-size-default\">F E C H A D E E N T R A D A E N V I G O R : 0 1 \/1 2 \/ 2 0 2 5<\/h2>\t\t\t\t<\/div>\n\t\t\t\t<div class=\"elementor-element elementor-element-e650863 elementor-widget elementor-widget-text-editor\" data-id=\"e650863\" data-element_type=\"widget\" data-widget_type=\"text-editor.default\">\n\t\t\t\t\t\t\t\t\t<div class=\"container-7 _60\"><div class=\"div-block-173\"><div class=\"text-block-72\"><div class=\"text-block-64 blue _00\">Esta Pol\u00edtica de Privacidad se aplica a la marca De Middel, que es propiedad de Axolotles Ltd. y est\u00e1 operada por esta (en adelante, \u00abnosotros\u00bb, \u00abnos\u00bb o \u00abnuestro\u00bb). Nos comprometemos a proteger la privacidad y la seguridad de sus datos personales. Esta pol\u00edtica explica c\u00f3mo nosotros, como Axolotles Ltd. que opera la marca De Middel, recopilamos, utilizamos, divulgamos y protegemos su informaci\u00f3n cuando visita nuestro sitio web, utiliza nuestros servicios a medida o compra art\u00edculos de nuestras colecciones.  <\/div><\/div><\/div><\/div>\t\t\t\t\t\t\t\t<\/div>\n\t\t\t\t<div class=\"elementor-element elementor-element-deb15f3 elementor-widget elementor-widget-text-editor\" data-id=\"deb15f3\" data-element_type=\"widget\" data-widget_type=\"text-editor.default\">\n\t\t\t\t\t\t\t\t\t<div class=\"container-7 _60\"><div class=\"div-block-173\"><div class=\"text-block-72\"><div class=\"text-block-64 blue _00\"><h4 class=\"heading-102\">DATOS QUE RECOPILAMOS<\/h4><p class=\"paragraph-12 pading\">Solo recopilamos los datos necesarios para proporcionar nuestros servicios personalizados y procesar las adquisiciones.<\/p><\/div><\/div><\/div><\/div>\t\t\t\t\t\t\t\t<\/div>\n\t\t\t\t<div class=\"elementor-element elementor-element-504f6bc wpr-data-table-type-custom wpr-table-align-items-left elementor-widget elementor-widget-wpr-data-table\" data-id=\"504f6bc\" data-element_type=\"widget\" data-widget_type=\"wpr-data-table.default\">\n\t\t\t\t\t\n\t\t\t\t\n\t\t<div class=\"wpr-table-container\">\n\t\t<div class=\"wpr-table-inner-container \" data-table-sorting=\"no\" data-custom-pagination=\"no\" data-row-pagination=\"\" data-entry-info=\"no\" data-rows-per-page=\"\">\n\n\t\t\n\t\t\t<table class=\"wpr-data-table\" id=\"wpr-data-table\">\n\t\t\t\t\t\t\t\t\n\t\t\t\t<thead>\n\t\t\t\t\t<tr class=\"wpr-table-head-row wpr-table-row\">\n\t\t\t\t\t\n\t\t\t\t\t\t<th class=\"wpr-table-th elementor-repeater-item-de58eaf\" colspan=\"1\">\n\t\t\t\t\t\t\t<div class=\"\">\n\t\t\t\t\t\t\t\t\t\t\t\t\t\t\t\t\n\t\t\t\t\t\t\t\t\t\t\t\t\t\t\t\t\t<span class=\"wpr-table-text\">Categor\u00eda<\/span>\n\t\t\t\t\t\t\t\t\t\t\t\t\t\t\t\t\t\t\t\t\t\t\t\t\t\t\t\t\t\t\t\t\t\t\t\t\t\t\t\t\t\t\t\t\t\t\t<\/div>\n\t\t\t\t\t\t<\/th>\n\t\t\t\t\t\t\n\t\t\t\t\t\t<th class=\"wpr-table-th elementor-repeater-item-22a7ed5\" colspan=\"1\">\n\t\t\t\t\t\t\t<div class=\"\">\n\t\t\t\t\t\t\t\t\t\t\t\t\t\t\t\t\n\t\t\t\t\t\t\t\t\t\t\t\t\t\t\t\t\t<span class=\"wpr-table-text\">Datos recopilados<\/span>\n\t\t\t\t\t\t\t\t\t\t\t\t\t\t\t\t\t\t\t\t\t\t\t\t\t\t\t\t\t\t\t\t\t\t\t\t\t\t\t\t\t\t\t\t\t\t\t<\/div>\n\t\t\t\t\t\t<\/th>\n\t\t\t\t\t\t\n\t\t\t\t\t\t<th class=\"wpr-table-th elementor-repeater-item-b0b9929\" colspan=\"1\">\n\t\t\t\t\t\t\t<div class=\"\">\n\t\t\t\t\t\t\t\t\t\t\t\t\t\t\t\t\n\t\t\t\t\t\t\t\t\t\t\t\t\t\t\t\t\t<span class=\"wpr-table-text\">Finalidad de la recopilaci\u00f3n<\/span>\n\t\t\t\t\t\t\t\t\t\t\t\t\t\t\t\t\t\t\t\t\t\t\t\t\t\t\t\t\t\t\t\t\t\t\t\t\t\t\t\t\t\t\t\t\t\t\t<\/div>\n\t\t\t\t\t\t<\/th>\n\t\t\t\t\t\t\t\t\t\t\t<\/tr>\n\t\t\t\t<\/thead>\n\n\t\t\t\t<tbody>\n\t\t\t\t\t\t\t\t\t<tr class=\"wpr-table-body-row wpr-table-row elementor-repeater-item-4658e8d wpr-odd\">\n\t\t\t\t\t\t\t\t\t\t\t\t\t\n\t\t\t\t\t\t\t<td colspan=\"\" rowspan=\"\" class=\"elementor-repeater-item-998b7a8 wpr-table-td\">\n\n\t\t\t\t\t\t\t\t<div class=\"wpr-td-content-wrapper \">\n\n\t\t\t\t\t\t\t\t\t<span style=\"display: inline-block; vertical-align: middle;\"><\/span>\t\t\t\t\t\t\t\t\t\t\t\t\t\t\t\t\t\t\t\t<span>\n\t\t\t\t\t\t\t\t\t \n\t\t\t\t\t\t\t\t\t\t\t<span class=\"wpr-table-text\">\n\t\t\t\t\t\t\t\t\t\t\t\tDatos de contacto\/consulta\n\t\t\t\t\t\t\t\t\t\t\t<\/span>\n\t\t\t\t\t\t\t\t\t\t\t\t\t\t\t\t\t\t\t\t<\/span>\n\t\t\t\t\t\t\t\t\t\t\t\t\t\t\t\t\t\t\t\t\t\t\t\t\t\t\t\t\n\t\t\t\t\t\t\t\t<\/div>\n\n\t\t\t\t\t\t\t<\/td>\n\t\t\t\t\t\t\t\t\t\t\t\t\t\t\t\n\t\t\t\t\t\t\t<td colspan=\"\" rowspan=\"\" class=\"elementor-repeater-item-ad2026e wpr-table-td\">\n\n\t\t\t\t\t\t\t\t<div class=\"wpr-td-content-wrapper \">\n\n\t\t\t\t\t\t\t\t\t\t\t\t\t\t\t\t\t\t\t\t\t\t\t\t\t\t\t\t\t<span>\n\t\t\t\t\t\t\t\t\t \n\t\t\t\t\t\t\t\t\t\t\t<span class=\"wpr-table-text\">\n\t\t\t\t\t\t\t\t\t\t\t\tNombre, correo electr\u00f3nico, n\u00famero de tel\u00e9fono, direcci\u00f3n postal.\n\t\t\t\t\t\t\t\t\t\t\t<\/span>\n\t\t\t\t\t\t\t\t\t\t\t\t\t\t\t\t\t\t\t\t<\/span>\n\t\t\t\t\t\t\t\t\t\t\t\t\t\t\t\t\t\t\t\t\t\t\t\t\t\t\t\t\n\t\t\t\t\t\t\t\t<\/div>\n\n\t\t\t\t\t\t\t<\/td>\n\t\t\t\t\t\t\t\t\t\t\t\t\t\t\t\n\t\t\t\t\t\t\t<td colspan=\"\" rowspan=\"\" class=\"elementor-repeater-item-c4001de wpr-table-td\">\n\n\t\t\t\t\t\t\t\t<div class=\"wpr-td-content-wrapper \">\n\n\t\t\t\t\t\t\t\t\t\t\t\t\t\t\t\t\t\t\t\t\t\t\t\t\t\t\t\t\t<span>\n\t\t\t\t\t\t\t\t\t \n\t\t\t\t\t\t\t\t\t\t\t<span class=\"wpr-table-text\">\n\t\t\t\t\t\t\t\t\t\t\t\tPara responder a las solicitudes de servicios a medida, facilitar las citas y gestionar la comunicaci\u00f3n.\n\t\t\t\t\t\t\t\t\t\t\t<\/span>\n\t\t\t\t\t\t\t\t\t\t\t\t\t\t\t\t\t\t\t\t<\/span>\n\t\t\t\t\t\t\t\t\t\t\t\t\t\t\t\t\t\t\t\t\t\t\t\t\t\t\t\t\n\t\t\t\t\t\t\t\t<\/div>\n\n\t\t\t\t\t\t\t<\/td>\n\t\t\t\t\t\t\t\t\t\t\t\t<\/tr>\n\t\t\t        \t\t\t\t\t<tr class=\"wpr-table-body-row wpr-table-row elementor-repeater-item-060800b wpr-odd\">\n\t\t\t\t\t\t\t\t\t\t\t\t\t\n\t\t\t\t\t\t\t<td colspan=\"\" rowspan=\"\" class=\"elementor-repeater-item-1431a4a wpr-table-td\">\n\n\t\t\t\t\t\t\t\t<div class=\"wpr-td-content-wrapper \">\n\n\t\t\t\t\t\t\t\t\t\t\t\t\t\t\t\t\t\t\t\t\t\t\t\t\t\t\t\t\t<span>\n\t\t\t\t\t\t\t\t\t \n\t\t\t\t\t\t\t\t\t\t\t<span class=\"wpr-table-text\">\n\t\t\t\t\t\t\t\t\t\t\t\tDatos de adquisici\u00f3n\n\t\t\t\t\t\t\t\t\t\t\t<\/span>\n\t\t\t\t\t\t\t\t\t\t\t\t\t\t\t\t\t\t\t\t<\/span>\n\t\t\t\t\t\t\t\t\t\t\t\t\t\t\t\t\t\t\t\t\t\t\t\t\t\t\t\t\n\t\t\t\t\t\t\t\t<\/div>\n\n\t\t\t\t\t\t\t<\/td>\n\t\t\t\t\t\t\t\t\t\t\t\t\t\t\t\n\t\t\t\t\t\t\t<td colspan=\"\" rowspan=\"\" class=\"elementor-repeater-item-b94f33d wpr-table-td\">\n\n\t\t\t\t\t\t\t\t<div class=\"wpr-td-content-wrapper \">\n\n\t\t\t\t\t\t\t\t\t\t\t\t\t\t\t\t\t\t\t\t\t\t\t\t\t\t\t\t\t<span>\n\t\t\t\t\t\t\t\t\t \n\t\t\t\t\t\t\t\t\t\t\t<span class=\"wpr-table-text\">\n\t\t\t\t\t\t\t\t\t\t\t\tDirecci\u00f3n de env\u00edo, direcci\u00f3n de facturaci\u00f3n, detalles de la transacci\u00f3n (excluidos los n\u00fameros de tarjeta de cr\u00e9dito completos).\n\t\t\t\t\t\t\t\t\t\t\t<\/span>\n\t\t\t\t\t\t\t\t\t\t\t\t\t\t\t\t\t\t\t\t<\/span>\n\t\t\t\t\t\t\t\t\t\t\t\t\t\t\t\t\t\t\t\t\t\t\t\t\t\t\t\t\n\t\t\t\t\t\t\t\t<\/div>\n\n\t\t\t\t\t\t\t<\/td>\n\t\t\t\t\t\t\t\t\t\t\t\t\t\t\t\n\t\t\t\t\t\t\t<td colspan=\"\" rowspan=\"\" class=\"elementor-repeater-item-4f3fc3f wpr-table-td\">\n\n\t\t\t\t\t\t\t\t<div class=\"wpr-td-content-wrapper \">\n\n\t\t\t\t\t\t\t\t\t\t\t\t\t\t\t\t\t\t\t\t\t\t\t\t\t\t\t\t\t<span>\n\t\t\t\t\t\t\t\t\t \n\t\t\t\t\t\t\t\t\t\t\t<span class=\"wpr-table-text\">\n\t\t\t\t\t\t\t\t\t\t\t\tPara procesar las reservas, gestionar los pagos, organizar la log\u00edstica de env\u00edo especializada y emitir facturas.\n\t\t\t\t\t\t\t\t\t\t\t<\/span>\n\t\t\t\t\t\t\t\t\t\t\t\t\t\t\t\t\t\t\t\t<\/span>\n\t\t\t\t\t\t\t\t\t\t\t\t\t\t\t\t\t\t\t\t\t\t\t\t\t\t\t\t\n\t\t\t\t\t\t\t\t<\/div>\n\n\t\t\t\t\t\t\t<\/td>\n\t\t\t\t\t\t\t\t\t\t\t\t<\/tr>\n\t\t\t        \t\t\t\t\t<tr class=\"wpr-table-body-row wpr-table-row elementor-repeater-item-47d8e5f wpr-odd\">\n\t\t\t\t\t\t\t\t\t\t\t\t\t\n\t\t\t\t\t\t\t<td colspan=\"\" rowspan=\"\" class=\"elementor-repeater-item-d14f3f9 wpr-table-td\">\n\n\t\t\t\t\t\t\t\t<div class=\"wpr-td-content-wrapper \">\n\n\t\t\t\t\t\t\t\t\t\t\t\t\t\t\t\t\t\t\t\t\t\t\t\t\t\t\t\t\t<span>\n\t\t\t\t\t\t\t\t\t \n\t\t\t\t\t\t\t\t\t\t\t<span class=\"wpr-table-text\">\n\t\t\t\t\t\t\t\t\t\t\t\tDatos del servicio a medida\n\t\t\t\t\t\t\t\t\t\t\t<\/span>\n\t\t\t\t\t\t\t\t\t\t\t\t\t\t\t\t\t\t\t\t<\/span>\n\t\t\t\t\t\t\t\t\t\t\t\t\t\t\t\t\t\t\t\t\t\t\t\t\t\t\t\t\n\t\t\t\t\t\t\t\t<\/div>\n\n\t\t\t\t\t\t\t<\/td>\n\t\t\t\t\t\t\t\t\t\t\t\t\t\t\t\n\t\t\t\t\t\t\t<td colspan=\"\" rowspan=\"\" class=\"elementor-repeater-item-a0f4a61 wpr-table-td\">\n\n\t\t\t\t\t\t\t\t<div class=\"wpr-td-content-wrapper \">\n\n\t\t\t\t\t\t\t\t\t\t\t\t\t\t\t\t\t\t\t\t\t\t\t\t\t\t\t\t\t<span>\n\t\t\t\t\t\t\t\t\t \n\t\t\t\t\t\t\t\t\t\t\t<span class=\"wpr-table-text\">\n\t\t\t\t\t\t\t\t\t\t\t\tAlcance del proyecto, cronograma, visi\u00f3n espec\u00edfica (por ejemplo, detalles sobre art\u00edculos personales con una alta carga emocional).\n\t\t\t\t\t\t\t\t\t\t\t<\/span>\n\t\t\t\t\t\t\t\t\t\t\t\t\t\t\t\t\t\t\t\t<\/span>\n\t\t\t\t\t\t\t\t\t\t\t\t\t\t\t\t\t\t\t\t\t\t\t\t\t\t\t\t\n\t\t\t\t\t\t\t\t<\/div>\n\n\t\t\t\t\t\t\t<\/td>\n\t\t\t\t\t\t\t\t\t\t\t\t\t\t\t\n\t\t\t\t\t\t\t<td colspan=\"\" rowspan=\"\" class=\"elementor-repeater-item-3c63e00 wpr-table-td\">\n\n\t\t\t\t\t\t\t\t<div class=\"wpr-td-content-wrapper \">\n\n\t\t\t\t\t\t\t\t\t\t\t\t\t\t\t\t\t\t\t\t\t\t\t\t\t\t\t\t\t<span>\n\t\t\t\t\t\t\t\t\t \n\t\t\t\t\t\t\t\t\t\t\t<span class=\"wpr-table-text\">\n\t\t\t\t\t\t\t\t\t\t\t\tPara preparar propuestas curatoriales altamente personalizadas y llevar a cabo la diligencia debida necesaria.\n\t\t\t\t\t\t\t\t\t\t\t<\/span>\n\t\t\t\t\t\t\t\t\t\t\t\t\t\t\t\t\t\t\t\t<\/span>\n\t\t\t\t\t\t\t\t\t\t\t\t\t\t\t\t\t\t\t\t\t\t\t\t\t\t\t\t\n\t\t\t\t\t\t\t\t<\/div>\n\n\t\t\t\t\t\t\t<\/td>\n\t\t\t\t\t\t\t\t\t\t\t\t<\/tr>\n\t\t\t        \t\t\t\t\t<tr class=\"wpr-table-body-row wpr-table-row elementor-repeater-item-9fe13b9 wpr-odd\">\n\t\t\t\t\t\t\t\t\t\t\t\t\t\n\t\t\t\t\t\t\t<td colspan=\"\" rowspan=\"\" class=\"elementor-repeater-item-f4f9a65 wpr-table-td\">\n\n\t\t\t\t\t\t\t\t<div class=\"wpr-td-content-wrapper \">\n\n\t\t\t\t\t\t\t\t\t\t\t\t\t\t\t\t\t\t\t\t\t\t\t\t\t\t\t\t\t<span>\n\t\t\t\t\t\t\t\t\t \n\t\t\t\t\t\t\t\t\t\t\t<span class=\"wpr-table-text\">\n\t\t\t\t\t\t\t\t\t\t\t\tDatos de marketing\n\t\t\t\t\t\t\t\t\t\t\t<\/span>\n\t\t\t\t\t\t\t\t\t\t\t\t\t\t\t\t\t\t\t\t<\/span>\n\t\t\t\t\t\t\t\t\t\t\t\t\t\t\t\t\t\t\t\t\t\t\t\t\t\t\t\t\n\t\t\t\t\t\t\t\t<\/div>\n\n\t\t\t\t\t\t\t<\/td>\n\t\t\t\t\t\t\t\t\t\t\t\t\t\t\t\n\t\t\t\t\t\t\t<td colspan=\"\" rowspan=\"\" class=\"elementor-repeater-item-f1f4f61 wpr-table-td\">\n\n\t\t\t\t\t\t\t\t<div class=\"wpr-td-content-wrapper \">\n\n\t\t\t\t\t\t\t\t\t\t\t\t\t\t\t\t\t\t\t\t\t\t\t\t\t\t\t\t\t<span>\n\t\t\t\t\t\t\t\t\t \n\t\t\t\t\t\t\t\t\t\t\t<span class=\"wpr-table-text\">\n\t\t\t\t\t\t\t\t\t\t\t\tDirecci\u00f3n de correo electr\u00f3nico recopilada a trav\u00e9s del registro de la 'Colecci\u00f3n C\u00e1psula Festiva' u otras listas de correo.\n\t\t\t\t\t\t\t\t\t\t\t<\/span>\n\t\t\t\t\t\t\t\t\t\t\t\t\t\t\t\t\t\t\t\t<\/span>\n\t\t\t\t\t\t\t\t\t\t\t\t\t\t\t\t\t\t\t\t\t\t\t\t\t\t\t\t\n\t\t\t\t\t\t\t\t<\/div>\n\n\t\t\t\t\t\t\t<\/td>\n\t\t\t\t\t\t\t\t\t\t\t\t\t\t\t\n\t\t\t\t\t\t\t<td colspan=\"\" rowspan=\"\" class=\"elementor-repeater-item-4291509 wpr-table-td\">\n\n\t\t\t\t\t\t\t\t<div class=\"wpr-td-content-wrapper \">\n\n\t\t\t\t\t\t\t\t\t\t\t\t\t\t\t\t\t\t\t\t\t\t\t\t\t\t\t\t\t<span>\n\t\t\t\t\t\t\t\t\t \n\t\t\t\t\t\t\t\t\t\t\t<span class=\"wpr-table-text\">\n\t\t\t\t\t\t\t\t\t\t\t\tPara enviar invitaciones exclusivas, anuncios de lanzamiento y noticias sobre los pr\u00f3ximos eventos de descubrimiento.\n\t\t\t\t\t\t\t\t\t\t\t<\/span>\n\t\t\t\t\t\t\t\t\t\t\t\t\t\t\t\t\t\t\t\t<\/span>\n\t\t\t\t\t\t\t\t\t\t\t\t\t\t\t\t\t\t\t\t\t\t\t\t\t\t\t\t\n\t\t\t\t\t\t\t\t<\/div>\n\n\t\t\t\t\t\t\t<\/td>\n\t\t\t\t\t\t\t\t\t\t\t\t<\/tr>\n\t\t\t        \t\t\t\t\t<tr class=\"wpr-table-body-row wpr-table-row elementor-repeater-item-202ea98 wpr-odd\">\n\t\t\t\t\t\t\t\t\t\t\t\t\t\n\t\t\t\t\t\t\t<td colspan=\"\" rowspan=\"\" class=\"elementor-repeater-item-3d5382f wpr-table-td\">\n\n\t\t\t\t\t\t\t\t<div class=\"wpr-td-content-wrapper \">\n\n\t\t\t\t\t\t\t\t\t\t\t\t\t\t\t\t\t\t\t\t\t\t\t\t\t\t\t\t\t<span>\n\t\t\t\t\t\t\t\t\t \n\t\t\t\t\t\t\t\t\t\t\t<span class=\"wpr-table-text\">\n\t\t\t\t\t\t\t\t\t\t\t\tDatos t\u00e9cnicos\n\t\t\t\t\t\t\t\t\t\t\t<\/span>\n\t\t\t\t\t\t\t\t\t\t\t\t\t\t\t\t\t\t\t\t<\/span>\n\t\t\t\t\t\t\t\t\t\t\t\t\t\t\t\t\t\t\t\t\t\t\t\t\t\t\t\t\n\t\t\t\t\t\t\t\t<\/div>\n\n\t\t\t\t\t\t\t<\/td>\n\t\t\t\t\t\t\t\t\t\t\t\t\t\t\t\n\t\t\t\t\t\t\t<td colspan=\"\" rowspan=\"\" class=\"elementor-repeater-item-6da716e wpr-table-td\">\n\n\t\t\t\t\t\t\t\t<div class=\"wpr-td-content-wrapper \">\n\n\t\t\t\t\t\t\t\t\t\t\t\t\t\t\t\t\t\t\t\t\t\t\t\t\t\t\t\t\t<span>\n\t\t\t\t\t\t\t\t\t \n\t\t\t\t\t\t\t\t\t\t\t<span class=\"wpr-table-text\">\n\t\t\t\t\t\t\t\t\t\t\t\tDirecci\u00f3n IP, tipo de navegador, detalles del dispositivo y uso del sitio web (a trav\u00e9s de an\u00e1lisis).\n\t\t\t\t\t\t\t\t\t\t\t<\/span>\n\t\t\t\t\t\t\t\t\t\t\t\t\t\t\t\t\t\t\t\t<\/span>\n\t\t\t\t\t\t\t\t\t\t\t\t\t\t\t\t\t\t\t\t\t\t\t\t\t\t\t\t\n\t\t\t\t\t\t\t\t<\/div>\n\n\t\t\t\t\t\t\t<\/td>\n\t\t\t\t\t\t\t\t\t\t\t\t\t\t\t\n\t\t\t\t\t\t\t<td colspan=\"\" rowspan=\"\" class=\"elementor-repeater-item-548fde0 wpr-table-td\">\n\n\t\t\t\t\t\t\t\t<div class=\"wpr-td-content-wrapper \">\n\n\t\t\t\t\t\t\t\t\t\t\t\t\t\t\t\t\t\t\t\t\t\t\t\t\t\t\t\t\t<span>\n\t\t\t\t\t\t\t\t\t \n\t\t\t\t\t\t\t\t\t\t\t<span class=\"wpr-table-text\">\n\t\t\t\t\t\t\t\t\t\t\t\tPara garantizar la seguridad del sitio, diagnosticar problemas y analizar el rendimiento del sitio web.\n\t\t\t\t\t\t\t\t\t\t\t<\/span>\n\t\t\t\t\t\t\t\t\t\t\t\t\t\t\t\t\t\t\t\t<\/span>\n\t\t\t\t\t\t\t\t\t\t\t\t\t\t\t\t\t\t\t\t\t\t\t\t\t\t\t\t\n\t\t\t\t\t\t\t\t<\/div>\n\n\t\t\t\t\t\t\t<\/td>\n\t\t\t\t\t\t\t\t\t\t\t\t<\/tr>\n\t\t\t        \t\t\t\t<\/tbody>\n\t\t\t<\/table>\n\t\t<\/div>\n\t\t<\/div>\n    \t\t\t\t\t<\/div>\n\t\t\t\t<div class=\"elementor-element elementor-element-2915b66 elementor-widget elementor-widget-text-editor\" data-id=\"2915b66\" data-element_type=\"widget\" data-widget_type=\"text-editor.default\">\n\t\t\t\t\t\t\t\t\t<div class=\"container-7 _60\"><div class=\"div-block-173\"><div class=\"text-block-72\"><div class=\"text-block-64 blue _00\"><div class=\"div-block-264\"><h4 class=\"heading-102\">BASE LEGAL PARA EL PROCESAMIENTO (CUMPLIMIENTO DEL RGPD)<\/h4><\/div><div class=\"paragraph-12 w-richtext\"><p>Procesamos sus datos personales sobre la base de los siguientes fundamentos jur\u00eddicos:<\/p><ul role=\"list\"><li>Contrato: El procesamiento es necesario para cumplir nuestro contrato con usted (por ejemplo, cumplir con una adquisici\u00f3n o proporcionar servicios a medida).<\/li><li>Intereses leg\u00edtimos: El procesamiento es necesario para nuestros intereses leg\u00edtimos (por ejemplo, asegurar nuestra red, analizar las tendencias de ventas o mejorar nuestros servicios), siempre que sus derechos no prevalezcan sobre esos intereses.<\/li><li>Consentimiento: Cuando lo exige la ley (por ejemplo, para correos electr\u00f3nicos de marketing directo como la lista de la Colecci\u00f3n C\u00e1psula), obtenemos su consentimiento expl\u00edcito.<\/li><\/ul><\/div><h4 class=\"heading-102\">C\u00d3MO UTILIZAMOS SUS DATOS<\/h4><div class=\"paragraph-12 w-richtext\"><p>Su informaci\u00f3n se utiliza exclusivamente para facilitar nuestros servicios:<\/p><ul role=\"list\"><li>Para completar las reservas de adquisici\u00f3n y procesar los pagos.<\/li><li>Para organizar la log\u00edstica de env\u00edo y entrega a medida y asegurada.<\/li><li>Para adaptar el asesoramiento curatorial y las propuestas de servicios personalizados.<\/li><li>Para notificarle sobre nuestros eventos exclusivos, ferias y lanzamientos de nuevas colecciones.<\/li><\/ul><\/div><h4 class=\"heading-102\">DIVULGACI\u00d3N Y SEGURIDAD DE LOS DATOS<\/h4><div class=\"paragraph-12 w-richtext\"><p>No vendemos sus datos personales. Solo compartimos informaci\u00f3n con terceros cuando es necesario para la prestaci\u00f3n de nuestros servicios: <\/p><ul role=\"list\"><li>Socios log\u00edsticos: Transportistas asegurados y transitarios (para organizar la entrega).<\/li><li>Procesadores financieros: Pasarelas de pago (para procesar las transacciones de forma segura).<\/li><li>Legal\/Cumplimiento: Seg\u00fan lo exija la ley, a organismos gubernamentales o autoridades reguladoras.<\/li><\/ul><\/div><h4 class=\"heading-102\">SUS DERECHOS<\/h4><div class=\"paragraph-12 w-richtext\"><p>En virtud del RGPD, usted tiene derecho a:<\/p><ul role=\"list\"><li>Acceso: Solicitar una copia de los datos personales que tenemos sobre usted.<\/li><li>Rectificaci\u00f3n: Solicitar la correcci\u00f3n de datos inexactos o incompletos.<\/li><li>Supresi\u00f3n (\u00abDerecho al olvido\u00bb): Solicitar la eliminaci\u00f3n de sus datos, sujeto a obligaciones legales.<\/li><li>Oposici\u00f3n: Oponerse al procesamiento de sus datos con fines de marketing directo.<\/li><\/ul><\/div><h4 class=\"heading-102\">CONSERVACI\u00d3N DE DATOS<\/h4><div class=\"paragraph-12 w-richtext\"><p>Conservamos los datos personales solo durante el tiempo necesario para cumplir con los fines para los que se recopilaron, incluido el cumplimiento de cualquier requisito legal, contable o de informaci\u00f3n. Los registros de adquisici\u00f3n se conservan normalmente durante seis a\u00f1os para el cumplimiento financiero. <\/p><\/div><h4 class=\"heading-102\">INFORMACI\u00d3N DE CONTACTO<\/h4><div class=\"paragraph-12 w-richtext\"><p>Si tiene alguna pregunta o inquietud sobre esta pol\u00edtica o desea ejercer sus derechos, p\u00f3ngase en contacto con el responsable del tratamiento de datos de DE MIDDEL (propiedad de Axolotles ltd) en: studio@de-middel.com, Direcci\u00f3n: 209 Fulham Road, London SW10 9PJ<\/p><\/div><\/div><\/div><\/div><\/div>\t\t\t\t\t\t\t\t<\/div>\n\t\t\t\t\t<\/div>\n\t\t\t\t<\/div>\n\t\t\t\t<\/div>\n\t\t","protected":false},"excerpt":{"rendered":"<p>POL\u00cdTICA DE PRIVACIDAD F E C H A D E E N T R A D A E N V I G O R : 0 1 \/1 2 \/ 2 0 2 5 Esta Pol\u00edtica de Privacidad se aplica a la marca De Middel, que es propiedad de Axolotles Ltd. y est\u00e1 operada por esta (en adelante, \u00abnosotros\u00bb, \u00abnos\u00bb o \u00abnuestro\u00bb). Nos comprometemos a proteger la privacidad y la seguridad de sus datos personales. Esta pol\u00edtica explica c\u00f3mo nosotros, como Axolotles Ltd. que opera la marca De Middel, recopilamos, utilizamos, divulgamos y protegemos su informaci\u00f3n cuando visita nuestro sitio web, utiliza nuestros servicios a medida o compra art\u00edculos de nuestras colecciones. DATOS QUE RECOPILAMOS Solo recopilamos los datos necesarios para proporcionar nuestros servicios personalizados y procesar las adquisiciones. Categor\u00eda Datos recopilados Finalidad de la recopilaci\u00f3n Datos de contacto\/consulta Nombre, correo electr\u00f3nico, n\u00famero de tel\u00e9fono, direcci\u00f3n postal. Para responder a las solicitudes de servicios a medida, facilitar las citas y gestionar la comunicaci\u00f3n. Datos de adquisici\u00f3n Direcci\u00f3n de env\u00edo, direcci\u00f3n de facturaci\u00f3n, detalles de la transacci\u00f3n (excluidos los n\u00fameros de tarjeta de cr\u00e9dito completos). Para procesar las reservas, gestionar los pagos, organizar la log\u00edstica de env\u00edo especializada y emitir facturas. Datos del servicio a medida Alcance del proyecto, cronograma, visi\u00f3n espec\u00edfica (por ejemplo, detalles sobre art\u00edculos personales con una alta carga emocional). Para preparar propuestas curatoriales altamente personalizadas y llevar a cabo la diligencia debida necesaria. Datos de marketing Direcci\u00f3n de correo electr\u00f3nico recopilada a trav\u00e9s del registro de la &#8216;Colecci\u00f3n C\u00e1psula Festiva&#8217; u otras listas de correo. Para enviar invitaciones exclusivas, anuncios de lanzamiento y noticias sobre los pr\u00f3ximos eventos de descubrimiento. Datos t\u00e9cnicos Direcci\u00f3n IP, tipo de navegador, detalles del dispositivo y uso del sitio web (a trav\u00e9s de an\u00e1lisis). Para garantizar la seguridad del sitio, diagnosticar problemas y analizar el rendimiento del sitio web. BASE LEGAL PARA EL PROCESAMIENTO (CUMPLIMIENTO DEL RGPD) Procesamos sus datos personales sobre la base de los siguientes fundamentos jur\u00eddicos: Contrato: El procesamiento es necesario para cumplir nuestro contrato con usted (por ejemplo, cumplir con una adquisici\u00f3n o proporcionar servicios a medida). Intereses leg\u00edtimos: El procesamiento es necesario para nuestros intereses leg\u00edtimos (por ejemplo, asegurar nuestra red, analizar las tendencias de ventas o mejorar nuestros servicios), siempre que sus derechos no prevalezcan sobre esos intereses. Consentimiento: Cuando lo exige la ley (por ejemplo, para correos electr\u00f3nicos de marketing directo como la lista de la Colecci\u00f3n C\u00e1psula), obtenemos su consentimiento expl\u00edcito. C\u00d3MO UTILIZAMOS SUS DATOS Su informaci\u00f3n se utiliza exclusivamente para facilitar nuestros servicios: Para completar las reservas de adquisici\u00f3n y procesar los pagos. Para organizar la log\u00edstica de env\u00edo y entrega a medida y asegurada. Para adaptar el asesoramiento curatorial y las propuestas de servicios personalizados. Para notificarle sobre nuestros eventos exclusivos, ferias y lanzamientos de nuevas colecciones. DIVULGACI\u00d3N Y SEGURIDAD DE LOS DATOS No vendemos sus datos personales. Solo compartimos informaci\u00f3n con terceros cuando es necesario para la prestaci\u00f3n de nuestros servicios: Socios log\u00edsticos: Transportistas asegurados y transitarios (para organizar la entrega). Procesadores financieros: Pasarelas de pago (para procesar las transacciones de forma segura). Legal\/Cumplimiento: Seg\u00fan lo exija la ley, a organismos gubernamentales o autoridades reguladoras. SUS DERECHOS En virtud del RGPD, usted tiene derecho a: Acceso: Solicitar una copia de los datos personales que tenemos sobre usted. Rectificaci\u00f3n: Solicitar la correcci\u00f3n de datos inexactos o incompletos. Supresi\u00f3n (\u00abDerecho al olvido\u00bb): Solicitar la eliminaci\u00f3n de sus datos, sujeto a obligaciones legales. Oposici\u00f3n: Oponerse al procesamiento de sus datos con fines de marketing directo. CONSERVACI\u00d3N DE DATOS Conservamos los datos personales solo durante el tiempo necesario para cumplir con los fines para los que se recopilaron, incluido el cumplimiento de cualquier requisito legal, contable o de informaci\u00f3n. Los registros de adquisici\u00f3n se conservan normalmente durante seis a\u00f1os para el cumplimiento financiero. INFORMACI\u00d3N DE CONTACTO Si tiene alguna pregunta o inquietud sobre esta pol\u00edtica o desea ejercer sus derechos, p\u00f3ngase en contacto con el responsable del tratamiento de datos de DE MIDDEL (propiedad de Axolotles ltd) en: studio@de-middel.com, Direcci\u00f3n: 209 Fulham Road, London SW10 9PJ<\/p>\n","protected":false},"author":1,"featured_media":0,"parent":0,"menu_order":0,"comment_status":"closed","ping_status":"closed","template":"","meta":{"_acf_changed":false,"footnotes":""},"class_list":["post-2798","page","type-page","status-publish","hentry"],"acf":[],"aioseo_notices":[],"_hostinger_reach_plugin_has_subscription_block":false,"_hostinger_reach_plugin_is_elementor":false,"_links":{"self":[{"href":"https:\/\/de-middel.com\/es\/wp-json\/wp\/v2\/pages\/2798","targetHints":{"allow":["GET"]}}],"collection":[{"href":"https:\/\/de-middel.com\/es\/wp-json\/wp\/v2\/pages"}],"about":[{"href":"https:\/\/de-middel.com\/es\/wp-json\/wp\/v2\/types\/page"}],"author":[{"embeddable":true,"href":"https:\/\/de-middel.com\/es\/wp-json\/wp\/v2\/users\/1"}],"replies":[{"embeddable":true,"href":"https:\/\/de-middel.com\/es\/wp-json\/wp\/v2\/comments?post=2798"}],"version-history":[{"count":1,"href":"https:\/\/de-middel.com\/es\/wp-json\/wp\/v2\/pages\/2798\/revisions"}],"predecessor-version":[{"id":2800,"href":"https:\/\/de-middel.com\/es\/wp-json\/wp\/v2\/pages\/2798\/revisions\/2800"}],"wp:attachment":[{"href":"https:\/\/de-middel.com\/es\/wp-json\/wp\/v2\/media?parent=2798"}],"curies":[{"name":"wp","href":"https:\/\/api.w.org\/{rel}","templated":true}]}}