{"id":2908,"date":"2025-12-21T17:48:22","date_gmt":"2025-12-21T17:48:22","guid":{"rendered":"https:\/\/de-middel.com\/haga-mas\/"},"modified":"2026-01-14T11:12:38","modified_gmt":"2026-01-14T11:12:38","slug":"haga-mas","status":"publish","type":"page","link":"https:\/\/de-middel.com\/es\/haga-mas\/","title":{"rendered":"Haga m\u00e1s"},"content":{"rendered":"\t\t<div data-elementor-type=\"wp-page\" data-elementor-id=\"2908\" class=\"elementor elementor-2908 elementor-848\" data-elementor-post-type=\"page\">\n\t\t\t\t<div class=\"elementor-element elementor-element-c477795 e-flex e-con-boxed wpr-particle-no wpr-jarallax-no wpr-parallax-no wpr-sticky-section-no e-con e-parent\" data-id=\"c477795\" data-element_type=\"container\">\n\t\t\t\t\t<div class=\"e-con-inner\">\n\t\t<div class=\"elementor-element elementor-element-a5ead33 e-grid e-con-full wpr-particle-no wpr-jarallax-no wpr-parallax-no wpr-sticky-section-no e-con e-child\" data-id=\"a5ead33\" data-element_type=\"container\">\n\t\t<div class=\"elementor-element elementor-element-4655a84 e-con-full e-flex wpr-particle-no wpr-jarallax-no wpr-parallax-no wpr-sticky-section-no e-con e-child\" data-id=\"4655a84\" data-element_type=\"container\">\n\t\t\t\t<div class=\"elementor-element elementor-element-0efa11d elementor-widget elementor-widget-heading\" data-id=\"0efa11d\" data-element_type=\"widget\" data-widget_type=\"heading.default\">\n\t\t\t\t\t<h2 class=\"elementor-heading-title elementor-size-default\">Haga m\u00e1s<\/h2>\t\t\t\t<\/div>\n\t\t\t\t<div class=\"elementor-element elementor-element-5d28f4f elementor-widget elementor-widget-text-editor\" data-id=\"5d28f4f\" data-element_type=\"widget\" data-widget_type=\"text-editor.default\">\n\t\t\t\t\t\t\t\t\t<div class=\"container-7 _60\"><div class=\"div-block-173\"><div class=\"text-block-72\"><p class=\"paragraph-5 _85\">Nuestro primer compromiso es seleccionar con integridad. Mantener la carrera de un artista prometedor es una alegr\u00eda profunda en s\u00ed misma. Por lo tanto, cada pieza en esta plataforma, ya sea de una voz emergente o de un maestro establecido, se elige no por su valor comercial, sino por su capacidad para despertar alegr\u00eda y continuar su historia con usted.  <\/p><p>En un nivel m\u00e1s profundo y personal, mi compromiso es de gratitud. Me identifico con las palabras de Louise Bourgeois: \u00abHe ido al infierno y he vuelto. Y d\u00e9jeme decirle que fue maravilloso\u00bb.  <\/p><\/div><\/div><\/div>\t\t\t\t\t\t\t\t<\/div>\n\t\t\t\t<\/div>\n\t\t<div class=\"elementor-element elementor-element-07489ba e-con-full e-flex wpr-particle-no wpr-jarallax-no wpr-parallax-no wpr-sticky-section-no e-con e-child\" data-id=\"07489ba\" data-element_type=\"container\">\n\t\t\t\t<div class=\"elementor-element elementor-element-691bb0a elementor-widget elementor-widget-image\" data-id=\"691bb0a\" data-element_type=\"widget\" data-widget_type=\"image.default\">\n\t\t\t\t\t\t\t\t\t\t\t\t\t\t\t<img fetchpriority=\"high\" decoding=\"async\" width=\"281\" height=\"300\" src=\"https:\/\/de-middel.com\/wp-content\/uploads\/2025\/12\/693be89d5c9765f2f908f0d5_Screenshot-2025-12-12-at-08.05.17-2-281x300.png\" class=\"attachment-medium size-medium wp-image-850\" alt=\"\" srcset=\"https:\/\/de-middel.com\/wp-content\/uploads\/2025\/12\/693be89d5c9765f2f908f0d5_Screenshot-2025-12-12-at-08.05.17-2-281x300.png 281w, https:\/\/de-middel.com\/wp-content\/uploads\/2025\/12\/693be89d5c9765f2f908f0d5_Screenshot-2025-12-12-at-08.05.17-2-200x214.png 200w, https:\/\/de-middel.com\/wp-content\/uploads\/2025\/12\/693be89d5c9765f2f908f0d5_Screenshot-2025-12-12-at-08.05.17-2.png 546w\" sizes=\"(max-width: 281px) 100vw, 281px\" \/>\t\t\t\t\t\t\t\t\t\t\t\t\t\t\t<\/div>\n\t\t\t\t<\/div>\n\t\t\t\t<\/div>\n\t\t\t\t<div class=\"elementor-element elementor-element-155bc2c elementor-widget elementor-widget-text-editor\" data-id=\"155bc2c\" data-element_type=\"widget\" data-widget_type=\"text-editor.default\">\n\t\t\t\t\t\t\t\t\t<div class=\"container-7 _60\"><div class=\"div-block-173\"><div class=\"text-block-72\"><p class=\"paragraph-5 _85\">A lo largo de mi vida, he tenido la suerte de cruzarme con personas que me han acompa\u00f1ado, escuchando y brindando una mano amiga. El Arte de la Alegr\u00eda tambi\u00e9n se trata de compartir esta fortaleza. Como coach, me comprometo a transmitir este apoyo ofreciendo sesiones gratuitas a v\u00edctimas de violencia dom\u00e9stica, ayud\u00e1ndolas a reconectar con su propia historia y encontrar su propio camino hacia la alegr\u00eda.  <\/p><\/div><\/div><\/div>\t\t\t\t\t\t\t\t<\/div>\n\t\t\t\t<div class=\"elementor-element elementor-element-705db62 elementor-align-justify elementor-widget__width-initial elementor-widget elementor-widget-button\" data-id=\"705db62\" data-element_type=\"widget\" data-widget_type=\"button.default\">\n\t\t\t\t\t\t\t\t\t\t<a class=\"elementor-button elementor-button-link elementor-size-sm\" href=\"https:\/\/de-middel.com\/es\/contactenos\/\">\n\t\t\t\t\t\t<span class=\"elementor-button-content-wrapper\">\n\t\t\t\t\t\t\t\t\t<span class=\"elementor-button-text\"> comparta su proyecto<\/span>\n\t\t\t\t\t<\/span>\n\t\t\t\t\t<\/a>\n\t\t\t\t\t\t\t\t<\/div>\n\t\t\t\t\t<\/div>\n\t\t\t\t<\/div>\n\t\t\t\t<\/div>\n\t\t","protected":false},"excerpt":{"rendered":"<p>Haga m\u00e1s Nuestro primer compromiso es seleccionar con integridad. Mantener la carrera de un artista prometedor es una alegr\u00eda profunda en s\u00ed misma. Por lo tanto, cada pieza en esta plataforma, ya sea de una voz emergente o de un maestro establecido, se elige no por su valor comercial, sino por su capacidad para despertar alegr\u00eda y continuar su historia con usted. En un nivel m\u00e1s profundo y personal, mi compromiso es de gratitud. Me identifico con las palabras de Louise Bourgeois: \u00abHe ido al infierno y he vuelto. Y d\u00e9jeme decirle que fue maravilloso\u00bb. A lo largo de mi vida, he tenido la suerte de cruzarme con personas que me han acompa\u00f1ado, escuchando y brindando una mano amiga. El Arte de la Alegr\u00eda tambi\u00e9n se trata de compartir esta fortaleza. Como coach, me comprometo a transmitir este apoyo ofreciendo sesiones gratuitas a v\u00edctimas de violencia dom\u00e9stica, ayud\u00e1ndolas a reconectar con su propia historia y encontrar su propio camino hacia la alegr\u00eda. comparta su proyecto<\/p>\n","protected":false},"author":1,"featured_media":0,"parent":0,"menu_order":0,"comment_status":"closed","ping_status":"closed","template":"","meta":{"_acf_changed":false,"footnotes":""},"class_list":["post-2908","page","type-page","status-publish","hentry"],"acf":[],"aioseo_notices":[],"_hostinger_reach_plugin_has_subscription_block":false,"_hostinger_reach_plugin_is_elementor":false,"_links":{"self":[{"href":"https:\/\/de-middel.com\/es\/wp-json\/wp\/v2\/pages\/2908","targetHints":{"allow":["GET"]}}],"collection":[{"href":"https:\/\/de-middel.com\/es\/wp-json\/wp\/v2\/pages"}],"about":[{"href":"https:\/\/de-middel.com\/es\/wp-json\/wp\/v2\/types\/page"}],"author":[{"embeddable":true,"href":"https:\/\/de-middel.com\/es\/wp-json\/wp\/v2\/users\/1"}],"replies":[{"embeddable":true,"href":"https:\/\/de-middel.com\/es\/wp-json\/wp\/v2\/comments?post=2908"}],"version-history":[{"count":1,"href":"https:\/\/de-middel.com\/es\/wp-json\/wp\/v2\/pages\/2908\/revisions"}],"predecessor-version":[{"id":2912,"href":"https:\/\/de-middel.com\/es\/wp-json\/wp\/v2\/pages\/2908\/revisions\/2912"}],"wp:attachment":[{"href":"https:\/\/de-middel.com\/es\/wp-json\/wp\/v2\/media?parent=2908"}],"curies":[{"name":"wp","href":"https:\/\/api.w.org\/{rel}","templated":true}]}}