{"id":2914,"date":"2025-12-17T20:09:33","date_gmt":"2025-12-17T20:09:33","guid":{"rendered":"https:\/\/de-middel.com\/visitas\/"},"modified":"2026-01-14T11:12:38","modified_gmt":"2026-01-14T11:12:38","slug":"visitas","status":"publish","type":"page","link":"https:\/\/de-middel.com\/es\/visitas\/","title":{"rendered":"VISITAS"},"content":{"rendered":"\t\t<div data-elementor-type=\"wp-page\" data-elementor-id=\"2914\" class=\"elementor elementor-2914 elementor-225\" data-elementor-post-type=\"page\">\n\t\t\t\t<div class=\"elementor-element elementor-element-edb979b e-flex e-con-boxed wpr-particle-no wpr-jarallax-no wpr-parallax-no wpr-sticky-section-no e-con e-parent\" data-id=\"edb979b\" data-element_type=\"container\">\n\t\t\t\t\t<div class=\"e-con-inner\">\n\t\t\t\t<div class=\"elementor-element elementor-element-f8c9317 elementor-widget elementor-widget-heading\" data-id=\"f8c9317\" data-element_type=\"widget\" data-widget_type=\"heading.default\">\n\t\t\t\t\t<h2 class=\"elementor-heading-title elementor-size-default\">VISITAS<\/h2>\t\t\t\t<\/div>\n\t\t\t\t<div class=\"elementor-element elementor-element-b88e393 elementor-widget elementor-widget-text-editor\" data-id=\"b88e393\" data-element_type=\"widget\" data-widget_type=\"text-editor.default\">\n\t\t\t\t\t\t\t\t\t<div class=\"container-7 _60\"><div class=\"div-block-173\"><div class=\"text-block-72\"><div class=\"div-block-267\"><div class=\"text-block-64 blue\">En De Middel, valoramos enormemente la experiencia directa de nuestras colecciones. Nuestro enfoque a medida est\u00e1 dise\u00f1ado para ofrecer la m\u00e1xima flexibilidad y permitirle apreciar plenamente la calidad, la artesan\u00eda y la narrativa \u00fanicas de cada art\u00edculo. Le invitamos cordialmente a programar una cita para ver los art\u00edculos en persona.  <\/div><\/div><\/div><\/div><\/div>\t\t\t\t\t\t\t\t<\/div>\n\t\t\t\t\t<\/div>\n\t\t\t\t<\/div>\n\t\t<div class=\"elementor-element elementor-element-636b7b7 e-flex e-con-boxed wpr-particle-no wpr-jarallax-no wpr-parallax-no wpr-sticky-section-no e-con e-parent\" data-id=\"636b7b7\" data-element_type=\"container\">\n\t\t\t\t\t<div class=\"e-con-inner\">\n\t\t\t\t<div class=\"elementor-element elementor-element-f51d91e elementor-widget elementor-widget-heading\" data-id=\"f51d91e\" data-element_type=\"widget\" data-widget_type=\"heading.default\">\n\t\t\t\t\t<h2 class=\"elementor-heading-title elementor-size-default\">LOG\u00cdSTICA DE RECOGIDA Y VISITA\n<\/h2>\t\t\t\t<\/div>\n\t\t\t\t<div class=\"elementor-element elementor-element-1903657 elementor-widget elementor-widget-text-editor\" data-id=\"1903657\" data-element_type=\"widget\" data-widget_type=\"text-editor.default\">\n\t\t\t\t\t\t\t\t\t<div class=\"container-7 _60\"><div class=\"div-block-173\"><div class=\"text-block-72\"><div class=\"div-block-267\"><div class=\"text-block-64 blue\"><div class=\"container-7 _60\"><div class=\"div-block-173\"><div class=\"text-block-72\"><div class=\"div-block-268\"><div class=\"div-block-269\"><p class=\"text-block-64\">Gestionamos nuestro diverso inventario en varias ubicaciones seguras en toda Europa para garantizar la correcta conservaci\u00f3n, seguridad y almacenamiento especializado de cada pieza. Esta estructura dispersa exige un enfoque personalizado y de alto contacto para la programaci\u00f3n. La visualizaci\u00f3n de todas las colecciones, incluidas las de Bellas Artes, Artes Decorativas, Libros Raros, Moda y Joyer\u00eda, se realiza estrictamente con cita previa. P\u00f3ngase en contacto con nuestro estudio para especificar el\/los art\u00edculo(s) exacto(s) que desea ver y su ubicaci\u00f3n. Confirmaremos la ubicaci\u00f3n europea actual del art\u00edculo (ya que var\u00eda seg\u00fan el objeto). Disposici\u00f3n a medida: A continuaci\u00f3n, concertaremos una hora y un lugar de visita, que a menudo requieren una log\u00edstica especializada para garantizar que el art\u00edculo se presente en un entorno adecuado y seguro. Debido a la ubicaci\u00f3n \u00fanica y a los requisitos de manipulaci\u00f3n de nuestro inventario, le rogamos que nos avise con un m\u00ednimo de tres d\u00edas de antelaci\u00f3n para organizar su cita de visita personalizada.      <\/p><\/div><\/div><\/div><\/div><\/div><\/div><\/div><\/div><\/div><\/div>\t\t\t\t\t\t\t\t<\/div>\n\t\t\t\t\t<\/div>\n\t\t\t\t<\/div>\n\t\t<div class=\"elementor-element elementor-element-8c81dd5 e-flex e-con-boxed wpr-particle-no wpr-jarallax-no wpr-parallax-no wpr-sticky-section-no e-con e-parent\" data-id=\"8c81dd5\" data-element_type=\"container\">\n\t\t\t\t\t<div class=\"e-con-inner\">\n\t\t\t\t<div class=\"elementor-element elementor-element-c5f6480 elementor-widget elementor-widget-heading\" data-id=\"c5f6480\" data-element_type=\"widget\" data-widget_type=\"heading.default\">\n\t\t\t\t\t<h2 class=\"elementor-heading-title elementor-size-default\">EVENTOS DE DESCUBRIMIENTO EXCLUSIVOS\n<\/h2>\t\t\t\t<\/div>\n\t\t\t\t<div class=\"elementor-element elementor-element-922639b elementor-widget elementor-widget-text-editor\" data-id=\"922639b\" data-element_type=\"widget\" data-widget_type=\"text-editor.default\">\n\t\t\t\t\t\t\t\t\t<div class=\"container-7 _60\"><div class=\"div-block-173\"><div class=\"text-block-72\"><div class=\"div-block-267\"><div class=\"text-block-64 blue\"><div class=\"container-7 _60\"><div class=\"div-block-173\"><div class=\"text-block-72\"><div class=\"div-block-268\"><div class=\"div-block-269\"><div class=\"div-block-202\"><div class=\"viewings-and-returnings-div\"><div class=\"div-block-204\"><div class=\"text-block-64 w-richtext\"><p>Creemos en el fomento de las conexiones directas con nuestros coleccionistas y en la presentaci\u00f3n de nuestras colecciones en entornos \u00edntimos y seleccionados:<\/p><ul role=\"list\"><li>Solo por invitaci\u00f3n: Regularmente celebramos eventos de descubrimiento exclusivos tanto en el Reino Unido como en toda Europa para nuestros coleccionistas registrados.<\/li><li>Ferias especializadas: Tambi\u00e9n participamos en ferias especializadas selectas y relevantes a lo largo del a\u00f1o.<\/li><li>Nuestras reuniones \u00fanicas en casa: Ocasionalmente organizamos nuestras \u00abReuniones en casa\u00bb exclusivas, que proporcionan un entorno \u00edntimo y \u00fanico para experimentar de primera mano nuestra filosof\u00eda curatorial.<\/li><\/ul><p>P\u00f3ngase en contacto con nuestro estudio para asegurarse de que est\u00e1 registrado para recibir invitaciones a estos eventos.<\/p><\/div><\/div><\/div><\/div><div class=\"footer-v5\"><div class=\"div-block-256\"> <\/div><\/div><\/div><\/div><\/div><\/div><\/div><\/div><\/div><\/div><\/div><\/div>\t\t\t\t\t\t\t\t<\/div>\n\t\t\t\t\t<\/div>\n\t\t\t\t<\/div>\n\t\t\t\t<\/div>\n\t\t","protected":false},"excerpt":{"rendered":"<p>VISITAS En De Middel, valoramos enormemente la experiencia directa de nuestras colecciones. Nuestro enfoque a medida est\u00e1 dise\u00f1ado para ofrecer la m\u00e1xima flexibilidad y permitirle apreciar plenamente la calidad, la artesan\u00eda y la narrativa \u00fanicas de cada art\u00edculo. Le invitamos cordialmente a programar una cita para ver los art\u00edculos en persona. LOG\u00cdSTICA DE RECOGIDA Y VISITA Gestionamos nuestro diverso inventario en varias ubicaciones seguras en toda Europa para garantizar la correcta conservaci\u00f3n, seguridad y almacenamiento especializado de cada pieza. Esta estructura dispersa exige un enfoque personalizado y de alto contacto para la programaci\u00f3n. La visualizaci\u00f3n de todas las colecciones, incluidas las de Bellas Artes, Artes Decorativas, Libros Raros, Moda y Joyer\u00eda, se realiza estrictamente con cita previa. P\u00f3ngase en contacto con nuestro estudio para especificar el\/los art\u00edculo(s) exacto(s) que desea ver y su ubicaci\u00f3n. Confirmaremos la ubicaci\u00f3n europea actual del art\u00edculo (ya que var\u00eda seg\u00fan el objeto). Disposici\u00f3n a medida: A continuaci\u00f3n, concertaremos una hora y un lugar de visita, que a menudo requieren una log\u00edstica especializada para garantizar que el art\u00edculo se presente en un entorno adecuado y seguro. Debido a la ubicaci\u00f3n \u00fanica y a los requisitos de manipulaci\u00f3n de nuestro inventario, le rogamos que nos avise con un m\u00ednimo de tres d\u00edas de antelaci\u00f3n para organizar su cita de visita personalizada. EVENTOS DE DESCUBRIMIENTO EXCLUSIVOS Creemos en el fomento de las conexiones directas con nuestros coleccionistas y en la presentaci\u00f3n de nuestras colecciones en entornos \u00edntimos y seleccionados: Solo por invitaci\u00f3n: Regularmente celebramos eventos de descubrimiento exclusivos tanto en el Reino Unido como en toda Europa para nuestros coleccionistas registrados. Ferias especializadas: Tambi\u00e9n participamos en ferias especializadas selectas y relevantes a lo largo del a\u00f1o. Nuestras reuniones \u00fanicas en casa: Ocasionalmente organizamos nuestras \u00abReuniones en casa\u00bb exclusivas, que proporcionan un entorno \u00edntimo y \u00fanico para experimentar de primera mano nuestra filosof\u00eda curatorial. P\u00f3ngase en contacto con nuestro estudio para asegurarse de que est\u00e1 registrado para recibir invitaciones a estos eventos.<\/p>\n","protected":false},"author":1,"featured_media":0,"parent":0,"menu_order":0,"comment_status":"closed","ping_status":"closed","template":"","meta":{"_acf_changed":false,"footnotes":""},"class_list":["post-2914","page","type-page","status-publish","hentry"],"acf":[],"aioseo_notices":[],"_hostinger_reach_plugin_has_subscription_block":false,"_hostinger_reach_plugin_is_elementor":false,"_links":{"self":[{"href":"https:\/\/de-middel.com\/es\/wp-json\/wp\/v2\/pages\/2914","targetHints":{"allow":["GET"]}}],"collection":[{"href":"https:\/\/de-middel.com\/es\/wp-json\/wp\/v2\/pages"}],"about":[{"href":"https:\/\/de-middel.com\/es\/wp-json\/wp\/v2\/types\/page"}],"author":[{"embeddable":true,"href":"https:\/\/de-middel.com\/es\/wp-json\/wp\/v2\/users\/1"}],"replies":[{"embeddable":true,"href":"https:\/\/de-middel.com\/es\/wp-json\/wp\/v2\/comments?post=2914"}],"version-history":[{"count":1,"href":"https:\/\/de-middel.com\/es\/wp-json\/wp\/v2\/pages\/2914\/revisions"}],"predecessor-version":[{"id":2915,"href":"https:\/\/de-middel.com\/es\/wp-json\/wp\/v2\/pages\/2914\/revisions\/2915"}],"wp:attachment":[{"href":"https:\/\/de-middel.com\/es\/wp-json\/wp\/v2\/media?parent=2914"}],"curies":[{"name":"wp","href":"https:\/\/api.w.org\/{rel}","templated":true}]}}