{"id":2920,"date":"2025-12-17T19:36:56","date_gmt":"2025-12-17T19:36:56","guid":{"rendered":"https:\/\/de-middel.com\/nuestra-mision\/"},"modified":"2026-01-14T11:12:38","modified_gmt":"2026-01-14T11:12:38","slug":"nuestra-mision","status":"publish","type":"page","link":"https:\/\/de-middel.com\/es\/nuestra-mision\/","title":{"rendered":"Nuestra misi\u00f3n"},"content":{"rendered":"\t\t<div data-elementor-type=\"wp-page\" data-elementor-id=\"2920\" class=\"elementor elementor-2920 elementor-189\" data-elementor-post-type=\"page\">\n\t\t\t\t<div class=\"elementor-element elementor-element-9a70f8d e-flex e-con-boxed wpr-particle-no wpr-jarallax-no wpr-parallax-no wpr-sticky-section-no e-con e-parent\" data-id=\"9a70f8d\" data-element_type=\"container\">\n\t\t\t\t\t<div class=\"e-con-inner\">\n\t\t\t\t<div class=\"elementor-element elementor-element-7fdfccc elementor-widget elementor-widget-image\" data-id=\"7fdfccc\" data-element_type=\"widget\" data-widget_type=\"image.default\">\n\t\t\t\t\t\t\t\t\t\t\t\t\t\t\t<img fetchpriority=\"high\" decoding=\"async\" width=\"768\" height=\"575\" src=\"https:\/\/de-middel.com\/wp-content\/uploads\/2025\/12\/6920628166b388000da1a985_Screenshot-2025-11-21-at-14.00.38-768x575.avif\" class=\"attachment-medium_large size-medium_large wp-image-191\" alt=\"\" srcset=\"https:\/\/de-middel.com\/wp-content\/uploads\/2025\/12\/6920628166b388000da1a985_Screenshot-2025-11-21-at-14.00.38-768x575.avif 768w, https:\/\/de-middel.com\/wp-content\/uploads\/2025\/12\/6920628166b388000da1a985_Screenshot-2025-11-21-at-14.00.38-200x150.avif 200w, https:\/\/de-middel.com\/wp-content\/uploads\/2025\/12\/6920628166b388000da1a985_Screenshot-2025-11-21-at-14.00.38-600x450.avif 600w, https:\/\/de-middel.com\/wp-content\/uploads\/2025\/12\/6920628166b388000da1a985_Screenshot-2025-11-21-at-14.00.38-300x225.avif 300w, https:\/\/de-middel.com\/wp-content\/uploads\/2025\/12\/6920628166b388000da1a985_Screenshot-2025-11-21-at-14.00.38-1024x767.avif 1024w, https:\/\/de-middel.com\/wp-content\/uploads\/2025\/12\/6920628166b388000da1a985_Screenshot-2025-11-21-at-14.00.38.avif 1396w\" sizes=\"(max-width: 768px) 100vw, 768px\" \/>\t\t\t\t\t\t\t\t\t\t\t\t\t\t\t<\/div>\n\t\t\t\t<div class=\"elementor-element elementor-element-bc45b7a elementor-widget elementor-widget-heading\" data-id=\"bc45b7a\" data-element_type=\"widget\" data-widget_type=\"heading.default\">\n\t\t\t\t\t<h2 class=\"elementor-heading-title elementor-size-default\">Nuestra misi\u00f3n\n<\/h2>\t\t\t\t<\/div>\n\t\t<div class=\"elementor-element elementor-element-0aae138 e-con-full e-flex wpr-particle-no wpr-jarallax-no wpr-parallax-no wpr-sticky-section-no e-con e-child\" data-id=\"0aae138\" data-element_type=\"container\">\n\t\t\t\t<div class=\"elementor-element elementor-element-1bee9e0 elementor-widget elementor-widget-text-editor\" data-id=\"1bee9e0\" data-element_type=\"widget\" data-widget_type=\"text-editor.default\">\n\t\t\t\t\t\t\t\t\t<div class=\"container-7 _60\"><div class=\"div-block-173\"><div class=\"text-block-72\"><p class=\"paragraph-5 _85\">Nuestra misi\u00f3n es ser el \u00abmiddel\u00bb: un puente que le conecta con objetos que resuenan con su verdad y alimentan su alma. Esta misi\u00f3n se basa en la conexi\u00f3n humana. Defendemos la compra pausada frente a las tendencias fugaces, y la belleza de reciclar y reimaginar los objetos con los que vive. <\/p><p>Somos un apasionado defensor de las carreras de los artistas vivos, al tiempo que ayudamos a redescubrir la asombrosa obra de artesanos y dise\u00f1adores desaparecidos hace mucho tiempo. Honramos a estos \u00abpeatones de la historia\u00bb, los individuos que construyeron nuestro mundo visual a trav\u00e9s de sus peque\u00f1os y poderosos actos de creaci\u00f3n. Nos esforzamos por crear una comunidad que honre este espectro completo. Nos impulsa la creencia en ese \u00abmomento eureka\u00bb de reconocimiento: ese segundo de alegr\u00eda interior cuando cruza la puerta de su casa, y el peque\u00f1o empuj\u00f3n de energ\u00eda que obtiene de un objeto que realmente ama.  <\/p><\/div><\/div><\/div>\t\t\t\t\t\t\t\t<\/div>\n\t\t\t\t<\/div>\n\t\t\t\t\t<\/div>\n\t\t\t\t<\/div>\n\t\t<div class=\"elementor-element elementor-element-0d1ecb7 e-con-full e-flex wpr-particle-no wpr-jarallax-no wpr-parallax-no wpr-sticky-section-no e-con e-parent\" data-id=\"0d1ecb7\" data-element_type=\"container\">\n\t\t<div class=\"elementor-element elementor-element-6eb4d6b e-grid e-con-full wpr-particle-no wpr-jarallax-no wpr-parallax-no wpr-sticky-section-no e-con e-child\" data-id=\"6eb4d6b\" data-element_type=\"container\">\n\t\t<div class=\"elementor-element elementor-element-275ffc4 e-con-full e-flex wpr-particle-no wpr-jarallax-no wpr-parallax-no wpr-sticky-section-no e-con e-child\" data-id=\"275ffc4\" data-element_type=\"container\">\n\t\t\t\t<div class=\"elementor-element elementor-element-8de2703 elementor-widget elementor-widget-heading\" data-id=\"8de2703\" data-element_type=\"widget\" data-widget_type=\"heading.default\">\n\t\t\t\t\t<h2 class=\"elementor-heading-title elementor-size-default\">nuestro equipo<\/h2>\t\t\t\t<\/div>\n\t\t\t\t<div class=\"elementor-element elementor-element-399624e elementor-widget elementor-widget-image\" data-id=\"399624e\" data-element_type=\"widget\" data-widget_type=\"image.default\">\n\t\t\t\t\t\t\t\t\t\t\t\t\t\t\t<img decoding=\"async\" width=\"538\" height=\"636\" src=\"https:\/\/de-middel.com\/wp-content\/uploads\/2025\/12\/6934cbdab667facffe4f3b24_Copy-of-FINAL-DE-MIDDEL-WEBSITE-3-1.png\" class=\"attachment-1536x1536 size-1536x1536 wp-image-192\" alt=\"\" srcset=\"https:\/\/de-middel.com\/wp-content\/uploads\/2025\/12\/6934cbdab667facffe4f3b24_Copy-of-FINAL-DE-MIDDEL-WEBSITE-3-1.png 538w, https:\/\/de-middel.com\/wp-content\/uploads\/2025\/12\/6934cbdab667facffe4f3b24_Copy-of-FINAL-DE-MIDDEL-WEBSITE-3-1-200x236.png 200w, https:\/\/de-middel.com\/wp-content\/uploads\/2025\/12\/6934cbdab667facffe4f3b24_Copy-of-FINAL-DE-MIDDEL-WEBSITE-3-1-254x300.png 254w\" sizes=\"(max-width: 538px) 100vw, 538px\" \/>\t\t\t\t\t\t\t\t\t\t\t\t\t\t\t<\/div>\n\t\t\t\t<\/div>\n\t\t<div class=\"elementor-element elementor-element-5b9f808 e-con-full e-flex wpr-particle-no wpr-jarallax-no wpr-parallax-no wpr-sticky-section-no e-con e-child\" data-id=\"5b9f808\" data-element_type=\"container\">\n\t\t<div class=\"elementor-element elementor-element-5eba803 e-con-full e-flex wpr-particle-no wpr-jarallax-no wpr-parallax-no wpr-sticky-section-no e-con e-child\" data-id=\"5eba803\" data-element_type=\"container\">\n\t\t\t\t<div class=\"elementor-element elementor-element-09ea06d elementor-widget elementor-widget-text-editor\" data-id=\"09ea06d\" data-element_type=\"widget\" data-widget_type=\"text-editor.default\">\n\t\t\t\t\t\t\t\t\t<div class=\"container-7 _60\"><div class=\"div-block-173\"><div class=\"text-block-72\"><p>Esta visi\u00f3n es mi historia personal. Me llamo De Middel, y he construido nuestra misi\u00f3n para que sea precisamente eso: el \u00abmiddel\u00bb, o puente, hacia su \u00abArte de la Alegr\u00eda\u00bb. <\/p><p>Mi perspectiva es global, personal y profundamente arraigada. Soy mitad belga, mitad espa\u00f1ola, con antepasados de todo el mundo, y he vivido en Londres durante casi 30 a\u00f1os. Mi trayectoria profesional tambi\u00e9n ha sido un puente, pasando de las finanzas y los medios de comunicaci\u00f3n a convertirme en empresaria, mentora y coach.  <\/p><p>Este trabajo se basa en 15 a\u00f1os de coaching a artistas y en mi trabajo como miembro de la African Art Foundation en Nigeria.<\/p><\/div><\/div><\/div>\t\t\t\t\t\t\t\t<\/div>\n\t\t\t\t<\/div>\n\t\t\t\t<\/div>\n\t\t\t\t<\/div>\n\t\t\t\t<div class=\"elementor-element elementor-element-d994de9 elementor-widget elementor-widget-text-editor\" data-id=\"d994de9\" data-element_type=\"widget\" data-widget_type=\"text-editor.default\">\n\t\t\t\t\t\t\t\t\t<div class=\"container-7 _60\"><div class=\"div-block-173\"><div class=\"text-block-72\"><p>Pero mi mayor influencia es mi \u00abequipo\u00bb: mi incre\u00edble familia, extendida por todo el mundo, mis cuatro hijos y mi madre andaluza. Ellos son la fuente de mi enfoque emp\u00e1tico y mi creencia de que los objetos con los que vivimos son una constelaci\u00f3n de nuestras historias personales. <\/p><p>La colecci\u00f3n refleja esto. Es una mezcla \u00fanica de tres fuentes sentidas: <\/p><ul role=\"list\"><li>Objetos preciados del legado de tres generaciones de mi propia familia.<\/li><li>Obras de artistas contempor\u00e1neos queridos por mi coraz\u00f3n, a quienes estamos orgullosos de defender.<\/li><li>Piezas que colecciono personalmente en un viaje anual y sostenible por carretera: un viaje con mi coche y mi perro para recuperar cada hallazgo.<\/li><\/ul><p>Esto no es solo una colecci\u00f3n. Es toda una vida de relaciones: con mi familia, con los artistas que defiendo y con la incre\u00edble red de amigos talentosos con los que me siento honrado de compartir este camino. <\/p><p>Este es el Arte de la Alegr\u00eda, hecho realidad.<\/p><\/div><\/div><\/div>\t\t\t\t\t\t\t\t<\/div>\n\t\t\t\t<\/div>\n\t\t\t\t<\/div>\n\t\t","protected":false},"excerpt":{"rendered":"<p>Nuestra misi\u00f3n Nuestra misi\u00f3n es ser el \u00abmiddel\u00bb: un puente que le conecta con objetos que resuenan con su verdad y alimentan su alma. Esta misi\u00f3n se basa en la conexi\u00f3n humana. Defendemos la compra pausada frente a las tendencias fugaces, y la belleza de reciclar y reimaginar los objetos con los que vive. Somos un apasionado defensor de las carreras de los artistas vivos, al tiempo que ayudamos a redescubrir la asombrosa obra de artesanos y dise\u00f1adores desaparecidos hace mucho tiempo. Honramos a estos \u00abpeatones de la historia\u00bb, los individuos que construyeron nuestro mundo visual a trav\u00e9s de sus peque\u00f1os y poderosos actos de creaci\u00f3n. Nos esforzamos por crear una comunidad que honre este espectro completo. Nos impulsa la creencia en ese \u00abmomento eureka\u00bb de reconocimiento: ese segundo de alegr\u00eda interior cuando cruza la puerta de su casa, y el peque\u00f1o empuj\u00f3n de energ\u00eda que obtiene de un objeto que realmente ama. nuestro equipo Esta visi\u00f3n es mi historia personal. Me llamo De Middel, y he construido nuestra misi\u00f3n para que sea precisamente eso: el \u00abmiddel\u00bb, o puente, hacia su \u00abArte de la Alegr\u00eda\u00bb. Mi perspectiva es global, personal y profundamente arraigada. Soy mitad belga, mitad espa\u00f1ola, con antepasados de todo el mundo, y he vivido en Londres durante casi 30 a\u00f1os. Mi trayectoria profesional tambi\u00e9n ha sido un puente, pasando de las finanzas y los medios de comunicaci\u00f3n a convertirme en empresaria, mentora y coach. Este trabajo se basa en 15 a\u00f1os de coaching a artistas y en mi trabajo como miembro de la African Art Foundation en Nigeria. Pero mi mayor influencia es mi \u00abequipo\u00bb: mi incre\u00edble familia, extendida por todo el mundo, mis cuatro hijos y mi madre andaluza. Ellos son la fuente de mi enfoque emp\u00e1tico y mi creencia de que los objetos con los que vivimos son una constelaci\u00f3n de nuestras historias personales. La colecci\u00f3n refleja esto. Es una mezcla \u00fanica de tres fuentes sentidas: Objetos preciados del legado de tres generaciones de mi propia familia. Obras de artistas contempor\u00e1neos queridos por mi coraz\u00f3n, a quienes estamos orgullosos de defender. Piezas que colecciono personalmente en un viaje anual y sostenible por carretera: un viaje con mi coche y mi perro para recuperar cada hallazgo. Esto no es solo una colecci\u00f3n. Es toda una vida de relaciones: con mi familia, con los artistas que defiendo y con la incre\u00edble red de amigos talentosos con los que me siento honrado de compartir este camino. Este es el Arte de la Alegr\u00eda, hecho realidad.<\/p>\n","protected":false},"author":1,"featured_media":0,"parent":0,"menu_order":0,"comment_status":"closed","ping_status":"closed","template":"","meta":{"_acf_changed":false,"footnotes":""},"class_list":["post-2920","page","type-page","status-publish","hentry"],"acf":[],"aioseo_notices":[],"_hostinger_reach_plugin_has_subscription_block":false,"_hostinger_reach_plugin_is_elementor":false,"_links":{"self":[{"href":"https:\/\/de-middel.com\/es\/wp-json\/wp\/v2\/pages\/2920","targetHints":{"allow":["GET"]}}],"collection":[{"href":"https:\/\/de-middel.com\/es\/wp-json\/wp\/v2\/pages"}],"about":[{"href":"https:\/\/de-middel.com\/es\/wp-json\/wp\/v2\/types\/page"}],"author":[{"embeddable":true,"href":"https:\/\/de-middel.com\/es\/wp-json\/wp\/v2\/users\/1"}],"replies":[{"embeddable":true,"href":"https:\/\/de-middel.com\/es\/wp-json\/wp\/v2\/comments?post=2920"}],"version-history":[{"count":1,"href":"https:\/\/de-middel.com\/es\/wp-json\/wp\/v2\/pages\/2920\/revisions"}],"predecessor-version":[{"id":2924,"href":"https:\/\/de-middel.com\/es\/wp-json\/wp\/v2\/pages\/2920\/revisions\/2924"}],"wp:attachment":[{"href":"https:\/\/de-middel.com\/es\/wp-json\/wp\/v2\/media?parent=2920"}],"curies":[{"name":"wp","href":"https:\/\/api.w.org\/{rel}","templated":true}]}}