{"id":2927,"date":"2025-12-17T19:25:40","date_gmt":"2025-12-17T19:25:40","guid":{"rendered":"https:\/\/de-middel.com\/asesoramiento-artistico\/"},"modified":"2026-01-14T11:12:50","modified_gmt":"2026-01-14T11:12:50","slug":"asesoramiento-artistico","status":"publish","type":"page","link":"https:\/\/de-middel.com\/es\/asesoramiento-artistico\/","title":{"rendered":"Asesoramiento art\u00edstico"},"content":{"rendered":"\t\t<div data-elementor-type=\"wp-page\" data-elementor-id=\"2927\" class=\"elementor elementor-2927 elementor-164\" data-elementor-post-type=\"page\">\n\t\t\t\t<div class=\"elementor-element elementor-element-e1979d1 e-flex e-con-boxed wpr-particle-no wpr-jarallax-no wpr-parallax-no wpr-sticky-section-no e-con e-parent\" data-id=\"e1979d1\" data-element_type=\"container\">\n\t\t\t\t\t<div class=\"e-con-inner\">\n\t\t\t\t<div class=\"elementor-element elementor-element-a3ee13a elementor-widget elementor-widget-heading\" data-id=\"a3ee13a\" data-element_type=\"widget\" data-widget_type=\"heading.default\">\n\t\t\t\t\t<h2 class=\"elementor-heading-title elementor-size-default\">Asesoramiento art\u00edstico\n<\/h2>\t\t\t\t<\/div>\n\t\t\t\t<div class=\"elementor-element elementor-element-e322ab4 elementor-widget elementor-widget-heading\" data-id=\"e322ab4\" data-element_type=\"widget\" data-widget_type=\"heading.default\">\n\t\t\t\t\t<h2 class=\"elementor-heading-title elementor-size-default\">LA FILOSOF\u00cdA\n<\/h2>\t\t\t\t<\/div>\n\t\t\t\t<div class=\"elementor-element elementor-element-5673a02 elementor-widget elementor-widget-text-editor\" data-id=\"5673a02\" data-element_type=\"widget\" data-widget_type=\"text-editor.default\">\n\t\t\t\t\t\t\t\t\t<div class=\"container-7 _60\"><div class=\"div-block-173\"><div class=\"text-block-72\"><p class=\"paragraph-5 _85\">Una colecci\u00f3n es un retrato vivo de su curiosidad, su pasi\u00f3n y su perspectiva del mundo. Mucho m\u00e1s que un instrumento financiero, la adquisici\u00f3n de una pieza debe ser una celebraci\u00f3n personal.<br>Nuestro asesoramiento se basa en el principio de adquirir arte porque resuena con usted. Aqu\u00ed es donde comienza nuestra gu\u00eda. No hay una sola raz\u00f3n &#8216;correcta&#8217; para esta conexi\u00f3n. Puede ser una profunda atracci\u00f3n filos\u00f3fica, o puede ser la simple e inmediata alegr\u00eda de encontrar la pieza perfecta para completar una habitaci\u00f3n.<br>Tanto si est\u00e1 dando los primeros pasos en la construcci\u00f3n de una colecci\u00f3n duradera, como si busca una sola obra que resuene durante generaciones, o si busca esa \u00fanica pieza a cualquier precio, estamos comprometidos con la alegr\u00eda de vivir con un arte que realmente le hable.   <\/p><\/div><\/div><\/div>\t\t\t\t\t\t\t\t<\/div>\n\t\t<div class=\"elementor-element elementor-element-3ec5ed1 e-grid e-con-full wpr-particle-no wpr-jarallax-no wpr-parallax-no wpr-sticky-section-no e-con e-child\" data-id=\"3ec5ed1\" data-element_type=\"container\">\n\t\t<div class=\"elementor-element elementor-element-fdf39b2 e-con-full e-flex wpr-particle-no wpr-jarallax-no wpr-parallax-no wpr-sticky-section-no e-con e-child\" data-id=\"fdf39b2\" data-element_type=\"container\">\n\t\t\t\t<div class=\"elementor-element elementor-element-c7049c0 elementor-widget elementor-widget-text-editor\" data-id=\"c7049c0\" data-element_type=\"widget\" data-widget_type=\"text-editor.default\">\n\t\t\t\t\t\t\t\t\t<div class=\"container-7 _60\"><div class=\"div-block-173\"><div class=\"text-block-72\"><p class=\"paragraph-5 _85\"><span class=\"a_GcMg font-feature-liga-off font-feature-clig-off font-feature-calt-off text-decoration-none text-strikethrough-none\">\u00abMi pasi\u00f3n es conectar a la gente con el arte que se convertir\u00e1 en parte de su historia. He pasado a\u00f1os construyendo relaciones en todo el mundo, no solo con instituciones, sino directamente con los artistas que est\u00e1n dando forma a nuestro panorama cultural. Mi papel es ser su confidente y gu\u00eda de confianza, utilizando este acceso para encontrar la pieza que le est\u00e1 esperando, la que enriquecer\u00e1 su vida durante a\u00f1os.\u00bb<\/span><\/p><\/div><\/div><\/div>\t\t\t\t\t\t\t\t<\/div>\n\t\t\t\t<div class=\"elementor-element elementor-element-3088fa1 elementor-widget elementor-widget-text-editor\" data-id=\"3088fa1\" data-element_type=\"widget\" data-widget_type=\"text-editor.default\">\n\t\t\t\t\t\t\t\t\t<div class=\"container-7 _60\"><div class=\"div-block-173\"><div class=\"text-block-72\"><div class=\"div-block-278\"><div class=\"text-block-86\"><div class=\"w-layout-cell cell-45\"><div><em class=\"italic-text-4\">-Patricia de Middel (Fundadora)<\/em><\/div><\/div><div class=\"w-layout-cell cell-51\"> <\/div><\/div><\/div><\/div><\/div><\/div>\t\t\t\t\t\t\t\t<\/div>\n\t\t\t\t<\/div>\n\t\t<div class=\"elementor-element elementor-element-9dae5cd e-con-full e-flex wpr-particle-no wpr-jarallax-no wpr-parallax-no wpr-sticky-section-no e-con e-child\" data-id=\"9dae5cd\" data-element_type=\"container\">\n\t\t\t\t<div class=\"elementor-element elementor-element-207c2cc elementor-align-justify elementor-widget__width-initial elementor-widget elementor-widget-button\" data-id=\"207c2cc\" data-element_type=\"widget\" data-widget_type=\"button.default\">\n\t\t\t\t\t\t\t\t\t\t<a class=\"elementor-button elementor-button-link elementor-size-sm\" href=\"https:\/\/de-middel.com\/es\/contactenos\/\">\n\t\t\t\t\t\t<span class=\"elementor-button-content-wrapper\">\n\t\t\t\t\t\t\t\t\t<span class=\"elementor-button-text\">Reserve su consulta<\/span>\n\t\t\t\t\t<\/span>\n\t\t\t\t\t<\/a>\n\t\t\t\t\t\t\t\t<\/div>\n\t\t\t\t<\/div>\n\t\t\t\t<\/div>\n\t\t\t\t\t<\/div>\n\t\t\t\t<\/div>\n\t\t\t\t<\/div>\n\t\t","protected":false},"excerpt":{"rendered":"<p>Asesoramiento art\u00edstico LA FILOSOF\u00cdA Una colecci\u00f3n es un retrato vivo de su curiosidad, su pasi\u00f3n y su perspectiva del mundo. Mucho m\u00e1s que un instrumento financiero, la adquisici\u00f3n de una pieza debe ser una celebraci\u00f3n personal.Nuestro asesoramiento se basa en el principio de adquirir arte porque resuena con usted. Aqu\u00ed es donde comienza nuestra gu\u00eda. No hay una sola raz\u00f3n &#8216;correcta&#8217; para esta conexi\u00f3n. Puede ser una profunda atracci\u00f3n filos\u00f3fica, o puede ser la simple e inmediata alegr\u00eda de encontrar la pieza perfecta para completar una habitaci\u00f3n.Tanto si est\u00e1 dando los primeros pasos en la construcci\u00f3n de una colecci\u00f3n duradera, como si busca una sola obra que resuene durante generaciones, o si busca esa \u00fanica pieza a cualquier precio, estamos comprometidos con la alegr\u00eda de vivir con un arte que realmente le hable. \u00abMi pasi\u00f3n es conectar a la gente con el arte que se convertir\u00e1 en parte de su historia. He pasado a\u00f1os construyendo relaciones en todo el mundo, no solo con instituciones, sino directamente con los artistas que est\u00e1n dando forma a nuestro panorama cultural. Mi papel es ser su confidente y gu\u00eda de confianza, utilizando este acceso para encontrar la pieza que le est\u00e1 esperando, la que enriquecer\u00e1 su vida durante a\u00f1os.\u00bb -Patricia de Middel (Fundadora) Reserve su consulta<\/p>\n","protected":false},"author":1,"featured_media":0,"parent":0,"menu_order":0,"comment_status":"closed","ping_status":"closed","template":"","meta":{"_acf_changed":false,"footnotes":""},"class_list":["post-2927","page","type-page","status-publish","hentry"],"acf":[],"aioseo_notices":[],"_hostinger_reach_plugin_has_subscription_block":false,"_hostinger_reach_plugin_is_elementor":false,"_links":{"self":[{"href":"https:\/\/de-middel.com\/es\/wp-json\/wp\/v2\/pages\/2927","targetHints":{"allow":["GET"]}}],"collection":[{"href":"https:\/\/de-middel.com\/es\/wp-json\/wp\/v2\/pages"}],"about":[{"href":"https:\/\/de-middel.com\/es\/wp-json\/wp\/v2\/types\/page"}],"author":[{"embeddable":true,"href":"https:\/\/de-middel.com\/es\/wp-json\/wp\/v2\/users\/1"}],"replies":[{"embeddable":true,"href":"https:\/\/de-middel.com\/es\/wp-json\/wp\/v2\/comments?post=2927"}],"version-history":[{"count":1,"href":"https:\/\/de-middel.com\/es\/wp-json\/wp\/v2\/pages\/2927\/revisions"}],"predecessor-version":[{"id":2928,"href":"https:\/\/de-middel.com\/es\/wp-json\/wp\/v2\/pages\/2927\/revisions\/2928"}],"wp:attachment":[{"href":"https:\/\/de-middel.com\/es\/wp-json\/wp\/v2\/media?parent=2927"}],"curies":[{"name":"wp","href":"https:\/\/api.w.org\/{rel}","templated":true}]}}