{"id":2929,"date":"2025-12-17T19:12:46","date_gmt":"2025-12-17T19:12:46","guid":{"rendered":"https:\/\/de-middel.com\/seleccion-de-casas\/"},"modified":"2026-01-14T11:12:50","modified_gmt":"2026-01-14T11:12:50","slug":"seleccion-de-casas","status":"publish","type":"page","link":"https:\/\/de-middel.com\/es\/seleccion-de-casas\/","title":{"rendered":"Selecci\u00f3n de casas"},"content":{"rendered":"\t\t<div data-elementor-type=\"wp-page\" data-elementor-id=\"2929\" class=\"elementor elementor-2929 elementor-141\" data-elementor-post-type=\"page\">\n\t\t\t\t<div class=\"elementor-element elementor-element-b60c511 e-flex e-con-boxed wpr-particle-no wpr-jarallax-no wpr-parallax-no wpr-sticky-section-no e-con e-parent\" data-id=\"b60c511\" data-element_type=\"container\">\n\t\t\t\t\t<div class=\"e-con-inner\">\n\t\t\t\t<div class=\"elementor-element elementor-element-505abd8 elementor-widget elementor-widget-heading\" data-id=\"505abd8\" data-element_type=\"widget\" data-widget_type=\"heading.default\">\n\t\t\t\t\t<h2 class=\"elementor-heading-title elementor-size-default\">Comisariado de casas\n<\/h2>\t\t\t\t<\/div>\n\t\t\t\t<div class=\"elementor-element elementor-element-00d4d26 elementor-widget elementor-widget-text-editor\" data-id=\"00d4d26\" data-element_type=\"widget\" data-widget_type=\"text-editor.default\">\n\t\t\t\t\t\t\t\t\t<div class=\"container-7 _60\"><div class=\"div-block-173\"><div class=\"text-block-72\"><p class=\"paragraph-5 _85\">Parto de la base de que cada uno de nosotros tiene una incre\u00edble cantidad de objetos con alma, m\u00e1s o menos escondidos.<br>El comisariado de casas, para m\u00ed, es un viaje profundamente personal de contemplaci\u00f3n. Es un proceso de reconocimiento de la belleza y el significado de los objetos que ya posee, transformando su hogar en un santuario que refleja su verdadero yo. <\/p><\/div><\/div><\/div>\t\t\t\t\t\t\t\t<\/div>\n\t\t\t\t<div class=\"elementor-element elementor-element-d1b803a elementor-widget elementor-widget-heading\" data-id=\"d1b803a\" data-element_type=\"widget\" data-widget_type=\"heading.default\">\n\t\t\t\t\t<h2 class=\"elementor-heading-title elementor-size-default\">Nuestro enfoque\n<\/h2>\t\t\t\t<\/div>\n\t\t\t\t<div class=\"elementor-element elementor-element-49f4bd3 elementor-widget elementor-widget-text-editor\" data-id=\"49f4bd3\" data-element_type=\"widget\" data-widget_type=\"text-editor.default\">\n\t\t\t\t\t\t\t\t\t<div class=\"container-7 _60\"><div class=\"div-block-173\"><div class=\"text-block-72\"><p class=\"paragraph-5 _85\">Me encanta trabajar con estos objetos que tienen una alta carga emocional: dibujos antiguos de ni\u00f1os, dise\u00f1os de Lego, cartas de amor, reliquias familiares. Jugamos con la instalaci\u00f3n, el enmarcado y la colocaci\u00f3n, mezclando estos tesoros personales con otras piezas.<br>M\u00e1gicamente, se vuelven m\u00e1s que \u00abaceptables\u00bb, se convierten en el centro celebrado y alegre de su hogar. Se trata de descubrir su forma \u00fanica de vivir entre los objetos que ama.  <\/p><\/div><\/div><\/div>\t\t\t\t\t\t\t\t<\/div>\n\t\t<div class=\"elementor-element elementor-element-2a3d016 e-con-full e-flex wpr-particle-no wpr-jarallax-no wpr-parallax-no wpr-sticky-section-no e-con e-child\" data-id=\"2a3d016\" data-element_type=\"container\">\n\t\t<div class=\"elementor-element elementor-element-01fcb4c e-con-full e-flex wpr-particle-no wpr-jarallax-no wpr-parallax-no wpr-sticky-section-no e-con e-child\" data-id=\"01fcb4c\" data-element_type=\"container\">\n\t\t\t\t<div class=\"elementor-element elementor-element-1d61ec6 elementor-widget elementor-widget-image\" data-id=\"1d61ec6\" data-element_type=\"widget\" data-widget_type=\"image.default\">\n\t\t\t\t\t\t\t\t\t\t\t\t\t\t\t<img fetchpriority=\"high\" decoding=\"async\" width=\"292\" height=\"408\" src=\"https:\/\/de-middel.com\/wp-content\/uploads\/2025\/12\/Screenshot-2025-12-24-at-1.57.35-PM.png\" class=\"attachment-large size-large wp-image-1183\" alt=\"\" srcset=\"https:\/\/de-middel.com\/wp-content\/uploads\/2025\/12\/Screenshot-2025-12-24-at-1.57.35-PM.png 292w, https:\/\/de-middel.com\/wp-content\/uploads\/2025\/12\/Screenshot-2025-12-24-at-1.57.35-PM-215x300.png 215w, https:\/\/de-middel.com\/wp-content\/uploads\/2025\/12\/Screenshot-2025-12-24-at-1.57.35-PM-200x279.png 200w\" sizes=\"(max-width: 292px) 100vw, 292px\" \/>\t\t\t\t\t\t\t\t\t\t\t\t\t\t\t<\/div>\n\t\t\t\t<\/div>\n\t\t<div class=\"elementor-element elementor-element-1852a60 e-con-full e-flex wpr-particle-no wpr-jarallax-no wpr-parallax-no wpr-sticky-section-no e-con e-child\" data-id=\"1852a60\" data-element_type=\"container\">\n\t\t\t\t<div class=\"elementor-element elementor-element-17f8de2 elementor-widget elementor-widget-heading\" data-id=\"17f8de2\" data-element_type=\"widget\" data-widget_type=\"heading.default\">\n\t\t\t\t\t<h2 class=\"elementor-heading-title elementor-size-default\">PROYECTO SELECCIONADO<\/h2>\t\t\t\t<\/div>\n\t\t\t\t<div class=\"elementor-element elementor-element-91687d3 elementor-widget elementor-widget-text-editor\" data-id=\"91687d3\" data-element_type=\"widget\" data-widget_type=\"text-editor.default\">\n\t\t\t\t\t\t\t\t\t<div class=\"container-7 _60\"><div class=\"div-block-173\"><div class=\"text-block-72\"><p class=\"paragraph-5 _85\"><span class=\"a_GcMg font-feature-liga-off font-feature-clig-off font-feature-calt-off text-decoration-none text-strikethrough-none\" style=\"color: rgba(28,33,32,var(--o42jjq,1)); caret-color: #1c2120; --ys-xuq: none; font-kerning: normal;\">Un sal\u00f3n en Chelsea, donde seleccionamos arte contempor\u00e1neo para crear un di\u00e1logo con la colecci\u00f3n existente del cliente<\/span><\/p><\/div><\/div><\/div>\t\t\t\t\t\t\t\t<\/div>\n\t\t\t\t<\/div>\n\t\t<div class=\"elementor-element elementor-element-e7af66c e-con-full e-flex wpr-particle-no wpr-jarallax-no wpr-parallax-no wpr-sticky-section-no e-con e-child\" data-id=\"e7af66c\" data-element_type=\"container\">\n\t\t\t\t<div class=\"elementor-element elementor-element-c3b5616 elementor-widget elementor-widget-image\" data-id=\"c3b5616\" data-element_type=\"widget\" data-widget_type=\"image.default\">\n\t\t\t\t\t\t\t\t\t\t\t\t\t\t\t<img decoding=\"async\" width=\"308\" height=\"412\" src=\"https:\/\/de-middel.com\/wp-content\/uploads\/2025\/12\/Screenshot-2025-12-24-at-1.57.44-PM.png\" class=\"attachment-large size-large wp-image-1184\" alt=\"\" srcset=\"https:\/\/de-middel.com\/wp-content\/uploads\/2025\/12\/Screenshot-2025-12-24-at-1.57.44-PM.png 308w, https:\/\/de-middel.com\/wp-content\/uploads\/2025\/12\/Screenshot-2025-12-24-at-1.57.44-PM-224x300.png 224w, https:\/\/de-middel.com\/wp-content\/uploads\/2025\/12\/Screenshot-2025-12-24-at-1.57.44-PM-200x268.png 200w\" sizes=\"(max-width: 308px) 100vw, 308px\" \/>\t\t\t\t\t\t\t\t\t\t\t\t\t\t\t<\/div>\n\t\t\t\t<\/div>\n\t\t\t\t<\/div>\n\t\t\t\t<div class=\"elementor-element elementor-element-eb18db9 elementor-widget elementor-widget-text-editor\" data-id=\"eb18db9\" data-element_type=\"widget\" data-widget_type=\"text-editor.default\">\n\t\t\t\t\t\t\t\t\t<div class=\"container-7 _60\"><div class=\"div-block-173\"><div class=\"text-block-72\"><p class=\"paragraph-5 _85\"><em class=\"italic-text-6\">\u00abPatricia tiene un don \u00fanico para ver el alma en una habitaci\u00f3n&#8230; No solo decor\u00f3 nuestra casa, sino que nos ayud\u00f3 a encontrar su voz.\u00bb<\/em><\/p><\/div><\/div><\/div>\t\t\t\t\t\t\t\t<\/div>\n\t\t\t\t<div class=\"elementor-element elementor-element-21379c1 elementor-widget elementor-widget-text-editor\" data-id=\"21379c1\" data-element_type=\"widget\" data-widget_type=\"text-editor.default\">\n\t\t\t\t\t\t\t\t\t<div class=\"container-7 _60\"><div class=\"div-block-173\"><div class=\"text-block-72\"><div class=\"div-block-278\"><div class=\"text-block-86\">Paola B, Chelsea<\/div><\/div><\/div><\/div><\/div>\t\t\t\t\t\t\t\t<\/div>\n\t\t<div class=\"elementor-element elementor-element-5f9ec92 e-con-full e-flex wpr-particle-no wpr-jarallax-no wpr-parallax-no wpr-sticky-section-no e-con e-child\" data-id=\"5f9ec92\" data-element_type=\"container\">\n\t\t\t\t<div class=\"elementor-element elementor-element-281f34a elementor-align-justify elementor-widget__width-initial elementor-widget elementor-widget-button\" data-id=\"281f34a\" data-element_type=\"widget\" data-widget_type=\"button.default\">\n\t\t\t\t\t\t\t\t\t\t<a class=\"elementor-button elementor-button-link elementor-size-sm\" href=\"https:\/\/de-middel.com\/es\/contactenos\/\">\n\t\t\t\t\t\t<span class=\"elementor-button-content-wrapper\">\n\t\t\t\t\t\t\t\t\t<span class=\"elementor-button-text\">Consultar sobre el comisariado de casas<\/span>\n\t\t\t\t\t<\/span>\n\t\t\t\t\t<\/a>\n\t\t\t\t\t\t\t\t<\/div>\n\t\t\t\t<\/div>\n\t\t\t\t\t<\/div>\n\t\t\t\t<\/div>\n\t\t\t\t<\/div>\n\t\t","protected":false},"excerpt":{"rendered":"<p>Comisariado de casas Parto de la base de que cada uno de nosotros tiene una incre\u00edble cantidad de objetos con alma, m\u00e1s o menos escondidos.El comisariado de casas, para m\u00ed, es un viaje profundamente personal de contemplaci\u00f3n. Es un proceso de reconocimiento de la belleza y el significado de los objetos que ya posee, transformando su hogar en un santuario que refleja su verdadero yo. Nuestro enfoque Me encanta trabajar con estos objetos que tienen una alta carga emocional: dibujos antiguos de ni\u00f1os, dise\u00f1os de Lego, cartas de amor, reliquias familiares. Jugamos con la instalaci\u00f3n, el enmarcado y la colocaci\u00f3n, mezclando estos tesoros personales con otras piezas.M\u00e1gicamente, se vuelven m\u00e1s que \u00abaceptables\u00bb, se convierten en el centro celebrado y alegre de su hogar. Se trata de descubrir su forma \u00fanica de vivir entre los objetos que ama. PROYECTO SELECCIONADO Un sal\u00f3n en Chelsea, donde seleccionamos arte contempor\u00e1neo para crear un di\u00e1logo con la colecci\u00f3n existente del cliente \u00abPatricia tiene un don \u00fanico para ver el alma en una habitaci\u00f3n&#8230; No solo decor\u00f3 nuestra casa, sino que nos ayud\u00f3 a encontrar su voz.\u00bb Paola B, Chelsea Consultar sobre el comisariado de casas<\/p>\n","protected":false},"author":1,"featured_media":0,"parent":0,"menu_order":0,"comment_status":"closed","ping_status":"closed","template":"","meta":{"_acf_changed":false,"footnotes":""},"class_list":["post-2929","page","type-page","status-publish","hentry"],"acf":[],"aioseo_notices":[],"_hostinger_reach_plugin_has_subscription_block":false,"_hostinger_reach_plugin_is_elementor":false,"_links":{"self":[{"href":"https:\/\/de-middel.com\/es\/wp-json\/wp\/v2\/pages\/2929","targetHints":{"allow":["GET"]}}],"collection":[{"href":"https:\/\/de-middel.com\/es\/wp-json\/wp\/v2\/pages"}],"about":[{"href":"https:\/\/de-middel.com\/es\/wp-json\/wp\/v2\/types\/page"}],"author":[{"embeddable":true,"href":"https:\/\/de-middel.com\/es\/wp-json\/wp\/v2\/users\/1"}],"replies":[{"embeddable":true,"href":"https:\/\/de-middel.com\/es\/wp-json\/wp\/v2\/comments?post=2929"}],"version-history":[{"count":1,"href":"https:\/\/de-middel.com\/es\/wp-json\/wp\/v2\/pages\/2929\/revisions"}],"predecessor-version":[{"id":2930,"href":"https:\/\/de-middel.com\/es\/wp-json\/wp\/v2\/pages\/2929\/revisions\/2930"}],"wp:attachment":[{"href":"https:\/\/de-middel.com\/es\/wp-json\/wp\/v2\/media?parent=2929"}],"curies":[{"name":"wp","href":"https:\/\/api.w.org\/{rel}","templated":true}]}}