{"id":2996,"date":"2025-12-17T20:51:11","date_gmt":"2025-12-17T20:51:11","guid":{"rendered":"https:\/\/de-middel.com\/politica-de-cookies\/"},"modified":"2026-01-15T07:42:35","modified_gmt":"2026-01-15T07:42:35","slug":"politica-de-cookies","status":"publish","type":"page","link":"https:\/\/de-middel.com\/es\/politica-de-cookies\/","title":{"rendered":"Pol\u00edtica de cookies"},"content":{"rendered":"\t\t<div data-elementor-type=\"wp-page\" data-elementor-id=\"2996\" class=\"elementor elementor-2996 elementor-252\" data-elementor-post-type=\"page\">\n\t\t\t\t<div class=\"elementor-element elementor-element-afcdeeb services e-flex e-con-boxed wpr-particle-no wpr-jarallax-no wpr-parallax-no wpr-sticky-section-no e-con e-parent\" data-id=\"afcdeeb\" data-element_type=\"container\">\n\t\t\t\t\t<div class=\"e-con-inner\">\n\t\t\t\t<div class=\"elementor-element elementor-element-7116dc0 elementor-widget elementor-widget-heading\" data-id=\"7116dc0\" data-element_type=\"widget\" data-widget_type=\"heading.default\">\n\t\t\t\t\t<h2 class=\"elementor-heading-title elementor-size-default\">POL\u00cdTICA DE COOKIES\n<\/h2>\t\t\t\t<\/div>\n\t\t\t\t<div class=\"elementor-element elementor-element-28b0a59 elementor-widget elementor-widget-heading\" data-id=\"28b0a59\" data-element_type=\"widget\" data-widget_type=\"heading.default\">\n\t\t\t\t\t<h2 class=\"elementor-heading-title elementor-size-default\">D A T O E F E C T I V O : 0 1 \/1 2 \/ 2 0 2 5<\/h2>\t\t\t\t<\/div>\n\t\t\t\t<div class=\"elementor-element elementor-element-bf6b6ec elementor-widget elementor-widget-text-editor\" data-id=\"bf6b6ec\" data-element_type=\"widget\" data-widget_type=\"text-editor.default\">\n\t\t\t\t\t\t\t\t\t<div class=\"container-7 _60\"><div class=\"div-block-173\"><div class=\"text-block-72\"><div class=\"text-block-64 blue _00\"><p>Esta Pol\u00edtica de Cookies explica qu\u00e9 son las cookies y c\u00f3mo De Middel, una marca propiedad de Axolotles Ltd. (en adelante, \u00abnosotros\u00bb, \u00abnos\u00bb o \u00abnuestro\u00bb) las utiliza en nuestro sitio web. (en adelante \u00abnosotros\u00bb, \u00abnos\u00bb o \u00abnuestro\u00bb), las utiliza en nuestro sitio web.<\/p><\/div><\/div><\/div><\/div>\t\t\t\t\t\t\t\t<\/div>\n\t\t\t\t<div class=\"elementor-element elementor-element-fcd6d48 elementor-widget elementor-widget-text-editor\" data-id=\"fcd6d48\" data-element_type=\"widget\" data-widget_type=\"text-editor.default\">\n\t\t\t\t\t\t\t\t\t<div class=\"container-7 _60\"><div class=\"div-block-173\"><div class=\"text-block-72\"><div class=\"text-block-64 blue _00\"><h4 class=\"heading-102\">\u00bfQU\u00c9 SON LAS COOKIES?<\/h4><p class=\"paragraph-12 _20\">Las cookies son peque\u00f1os archivos de texto que se descargan en tu ordenador o dispositivo m\u00f3vil cuando visitas un sitio web. Permiten al sitio web reconocer tu dispositivo y almacenar informaci\u00f3n sobre tus preferencias o acciones anteriores. <\/p><h4 class=\"heading-102\">\u00bfC\u00d3MO UTILIZAMOS LAS COOKIES?<\/h4><p class=\"paragraph-12 _20\">Utilizamos cookies para garantizar que nuestro sitio web funciona correctamente, para mejorar tu experiencia de navegaci\u00f3n y para analizar el uso del sitio web. Utilizamos los siguientes tipos de cookies en<br>: <\/p><\/div><\/div><\/div><\/div>\t\t\t\t\t\t\t\t<\/div>\n\t\t\t\t<div class=\"elementor-element elementor-element-47911f7 wpr-data-table-type-custom wpr-table-align-items-left elementor-widget elementor-widget-wpr-data-table\" data-id=\"47911f7\" data-element_type=\"widget\" data-widget_type=\"wpr-data-table.default\">\n\t\t\t\t\t\n\t\t\t\t\n\t\t<div class=\"wpr-table-container\">\n\t\t<div class=\"wpr-table-inner-container \" data-table-sorting=\"no\" data-custom-pagination=\"no\" data-row-pagination=\"\" data-entry-info=\"no\" data-rows-per-page=\"\">\n\n\t\t\n\t\t\t<table class=\"wpr-data-table\" id=\"wpr-data-table\">\n\t\t\t\t\t\t\t\t\n\t\t\t\t<thead>\n\t\t\t\t\t<tr class=\"wpr-table-head-row wpr-table-row\">\n\t\t\t\t\t\n\t\t\t\t\t\t<th class=\"wpr-table-th elementor-repeater-item-de58eaf\" colspan=\"1\">\n\t\t\t\t\t\t\t<div class=\"\">\n\t\t\t\t\t\t\t\t\t\t\t\t\t\t\t\t\n\t\t\t\t\t\t\t\t\t\t\t\t\t\t\t\t\t<span class=\"wpr-table-text\">Tipo de Cookie<\/span>\n\t\t\t\t\t\t\t\t\t\t\t\t\t\t\t\t\t\t\t\t\t\t\t\t\t\t\t\t\t\t\t\t\t\t\t\t\t\t\t\t\t\t\t\t\t\t\t<\/div>\n\t\t\t\t\t\t<\/th>\n\t\t\t\t\t\t\n\t\t\t\t\t\t<th class=\"wpr-table-th elementor-repeater-item-22a7ed5\" colspan=\"1\">\n\t\t\t\t\t\t\t<div class=\"\">\n\t\t\t\t\t\t\t\t\t\t\t\t\t\t\t\t\n\t\t\t\t\t\t\t\t\t\t\t\t\t\t\t\t\t<span class=\"wpr-table-text\">Prop\u00f3sito<\/span>\n\t\t\t\t\t\t\t\t\t\t\t\t\t\t\t\t\t\t\t\t\t\t\t\t\t\t\t\t\t\t\t\t\t\t\t\t\t\t\t\t\t\t\t\t\t\t\t<\/div>\n\t\t\t\t\t\t<\/th>\n\t\t\t\t\t\t\n\t\t\t\t\t\t<th class=\"wpr-table-th elementor-repeater-item-b0b9929\" colspan=\"1\">\n\t\t\t\t\t\t\t<div class=\"\">\n\t\t\t\t\t\t\t\t\t\t\t\t\t\t\t\t\n\t\t\t\t\t\t\t\t\t\t\t\t\t\t\t\t\t<span class=\"wpr-table-text\">Descripci\u00f3n<\/span>\n\t\t\t\t\t\t\t\t\t\t\t\t\t\t\t\t\t\t\t\t\t\t\t\t\t\t\t\t\t\t\t\t\t\t\t\t\t\t\t\t\t\t\t\t\t\t\t<\/div>\n\t\t\t\t\t\t<\/th>\n\t\t\t\t\t\t\t\t\t\t\t<\/tr>\n\t\t\t\t<\/thead>\n\n\t\t\t\t<tbody>\n\t\t\t\t\t\t\t\t\t<tr class=\"wpr-table-body-row wpr-table-row elementor-repeater-item-4658e8d wpr-odd\">\n\t\t\t\t\t\t\t\t\t\t\t\t\t\n\t\t\t\t\t\t\t<td colspan=\"\" rowspan=\"\" class=\"elementor-repeater-item-998b7a8 wpr-table-td\">\n\n\t\t\t\t\t\t\t\t<div class=\"wpr-td-content-wrapper \">\n\n\t\t\t\t\t\t\t\t\t<span style=\"display: inline-block; vertical-align: middle;\"><\/span>\t\t\t\t\t\t\t\t\t\t\t\t\t\t\t\t\t\t\t\t<span>\n\t\t\t\t\t\t\t\t\t \n\t\t\t\t\t\t\t\t\t\t\t<span class=\"wpr-table-text\">\n\t\t\t\t\t\t\t\t\t\t\t\tCookies estrictamente necesarias\n\t\t\t\t\t\t\t\t\t\t\t<\/span>\n\t\t\t\t\t\t\t\t\t\t\t\t\t\t\t\t\t\t\t\t<\/span>\n\t\t\t\t\t\t\t\t\t\t\t\t\t\t\t\t\t\t\t\t\t\t\t\t\t\t\t\t\n\t\t\t\t\t\t\t\t<\/div>\n\n\t\t\t\t\t\t\t<\/td>\n\t\t\t\t\t\t\t\t\t\t\t\t\t\t\t\n\t\t\t\t\t\t\t<td colspan=\"\" rowspan=\"\" class=\"elementor-repeater-item-ad2026e wpr-table-td\">\n\n\t\t\t\t\t\t\t\t<div class=\"wpr-td-content-wrapper \">\n\n\t\t\t\t\t\t\t\t\t\t\t\t\t\t\t\t\t\t\t\t\t\t\t\t\t\t\t\t\t<span>\n\t\t\t\t\t\t\t\t\t \n\t\t\t\t\t\t\t\t\t\t\t<span class=\"wpr-table-text\">\n\t\t\t\t\t\t\t\t\t\t\t\tPara permitir la funcionalidad b\u00e1sica del sitio web.\n\t\t\t\t\t\t\t\t\t\t\t<\/span>\n\t\t\t\t\t\t\t\t\t\t\t\t\t\t\t\t\t\t\t\t<\/span>\n\t\t\t\t\t\t\t\t\t\t\t\t\t\t\t\t\t\t\t\t\t\t\t\t\t\t\t\t\n\t\t\t\t\t\t\t\t<\/div>\n\n\t\t\t\t\t\t\t<\/td>\n\t\t\t\t\t\t\t\t\t\t\t\t\t\t\t\n\t\t\t\t\t\t\t<td colspan=\"\" rowspan=\"\" class=\"elementor-repeater-item-c4001de wpr-table-td\">\n\n\t\t\t\t\t\t\t\t<div class=\"wpr-td-content-wrapper \">\n\n\t\t\t\t\t\t\t\t\t\t\t\t\t\t\t\t\t\t\t\t\t\t\t\t\t\t\t\t\t<span>\n\t\t\t\t\t\t\t\t\t \n\t\t\t\t\t\t\t\t\t\t\t<span class=\"wpr-table-text\">\n\t\t\t\t\t\t\t\t\t\t\t\tEstas cookies son esenciales para navegar por el sitio y utilizar funciones b\u00e1sicas (por ejemplo, gestionar tu selecci\u00f3n de divisas o recordar los elementos de tus Favoritos\/Lista de deseos durante una sesi\u00f3n).\n\t\t\t\t\t\t\t\t\t\t\t<\/span>\n\t\t\t\t\t\t\t\t\t\t\t\t\t\t\t\t\t\t\t\t<\/span>\n\t\t\t\t\t\t\t\t\t\t\t\t\t\t\t\t\t\t\t\t\t\t\t\t\t\t\t\t\n\t\t\t\t\t\t\t\t<\/div>\n\n\t\t\t\t\t\t\t<\/td>\n\t\t\t\t\t\t\t\t\t\t\t\t<\/tr>\n\t\t\t        \t\t\t\t\t<tr class=\"wpr-table-body-row wpr-table-row elementor-repeater-item-060800b wpr-odd\">\n\t\t\t\t\t\t\t\t\t\t\t\t\t\n\t\t\t\t\t\t\t<td colspan=\"\" rowspan=\"\" class=\"elementor-repeater-item-1431a4a wpr-table-td\">\n\n\t\t\t\t\t\t\t\t<div class=\"wpr-td-content-wrapper \">\n\n\t\t\t\t\t\t\t\t\t\t\t\t\t\t\t\t\t\t\t\t\t\t\t\t\t\t\t\t\t<span>\n\t\t\t\t\t\t\t\t\t \n\t\t\t\t\t\t\t\t\t\t\t<span class=\"wpr-table-text\">\n\t\t\t\t\t\t\t\t\t\t\t\tCookies anal\u00edticas\/de rendimiento\n\t\t\t\t\t\t\t\t\t\t\t<\/span>\n\t\t\t\t\t\t\t\t\t\t\t\t\t\t\t\t\t\t\t\t<\/span>\n\t\t\t\t\t\t\t\t\t\t\t\t\t\t\t\t\t\t\t\t\t\t\t\t\t\t\t\t\n\t\t\t\t\t\t\t\t<\/div>\n\n\t\t\t\t\t\t\t<\/td>\n\t\t\t\t\t\t\t\t\t\t\t\t\t\t\t\n\t\t\t\t\t\t\t<td colspan=\"\" rowspan=\"\" class=\"elementor-repeater-item-b94f33d wpr-table-td\">\n\n\t\t\t\t\t\t\t\t<div class=\"wpr-td-content-wrapper \">\n\n\t\t\t\t\t\t\t\t\t\t\t\t\t\t\t\t\t\t\t\t\t\t\t\t\t\t\t\t\t<span>\n\t\t\t\t\t\t\t\t\t \n\t\t\t\t\t\t\t\t\t\t\t<span class=\"wpr-table-text\">\n\t\t\t\t\t\t\t\t\t\t\t\tPara medir y analizar el rendimiento del sitio web.\n\t\t\t\t\t\t\t\t\t\t\t<\/span>\n\t\t\t\t\t\t\t\t\t\t\t\t\t\t\t\t\t\t\t\t<\/span>\n\t\t\t\t\t\t\t\t\t\t\t\t\t\t\t\t\t\t\t\t\t\t\t\t\t\t\t\t\n\t\t\t\t\t\t\t\t<\/div>\n\n\t\t\t\t\t\t\t<\/td>\n\t\t\t\t\t\t\t\t\t\t\t\t\t\t\t\n\t\t\t\t\t\t\t<td colspan=\"\" rowspan=\"\" class=\"elementor-repeater-item-4f3fc3f wpr-table-td\">\n\n\t\t\t\t\t\t\t\t<div class=\"wpr-td-content-wrapper \">\n\n\t\t\t\t\t\t\t\t\t\t\t\t\t\t\t\t\t\t\t\t\t\t\t\t\t\t\t\t\t<span>\n\t\t\t\t\t\t\t\t\t \n\t\t\t\t\t\t\t\t\t\t\t<span class=\"wpr-table-text\">\n\t\t\t\t\t\t\t\t\t\t\t\tEstas cookies nos ayudan a comprender c\u00f3mo utilizan nuestro sitio los visitantes, qu\u00e9 p\u00e1ginas visitan con m\u00e1s frecuencia y si encuentran errores. Estos datos son agregados y an\u00f3nimos. \n\t\t\t\t\t\t\t\t\t\t\t<\/span>\n\t\t\t\t\t\t\t\t\t\t\t\t\t\t\t\t\t\t\t\t<\/span>\n\t\t\t\t\t\t\t\t\t\t\t\t\t\t\t\t\t\t\t\t\t\t\t\t\t\t\t\t\n\t\t\t\t\t\t\t\t<\/div>\n\n\t\t\t\t\t\t\t<\/td>\n\t\t\t\t\t\t\t\t\t\t\t\t<\/tr>\n\t\t\t        \t\t\t\t\t<tr class=\"wpr-table-body-row wpr-table-row elementor-repeater-item-47d8e5f wpr-odd\">\n\t\t\t\t\t\t\t\t\t\t\t\t\t\n\t\t\t\t\t\t\t<td colspan=\"\" rowspan=\"\" class=\"elementor-repeater-item-d14f3f9 wpr-table-td\">\n\n\t\t\t\t\t\t\t\t<div class=\"wpr-td-content-wrapper \">\n\n\t\t\t\t\t\t\t\t\t\t\t\t\t\t\t\t\t\t\t\t\t\t\t\t\t\t\t\t\t<span>\n\t\t\t\t\t\t\t\t\t \n\t\t\t\t\t\t\t\t\t\t\t<span class=\"wpr-table-text\">\n\t\t\t\t\t\t\t\t\t\t\t\tCookies de funcionalidad\n\t\t\t\t\t\t\t\t\t\t\t<\/span>\n\t\t\t\t\t\t\t\t\t\t\t\t\t\t\t\t\t\t\t\t<\/span>\n\t\t\t\t\t\t\t\t\t\t\t\t\t\t\t\t\t\t\t\t\t\t\t\t\t\t\t\t\n\t\t\t\t\t\t\t\t<\/div>\n\n\t\t\t\t\t\t\t<\/td>\n\t\t\t\t\t\t\t\t\t\t\t\t\t\t\t\n\t\t\t\t\t\t\t<td colspan=\"\" rowspan=\"\" class=\"elementor-repeater-item-a0f4a61 wpr-table-td\">\n\n\t\t\t\t\t\t\t\t<div class=\"wpr-td-content-wrapper \">\n\n\t\t\t\t\t\t\t\t\t\t\t\t\t\t\t\t\t\t\t\t\t\t\t\t\t\t\t\t\t<span>\n\t\t\t\t\t\t\t\t\t \n\t\t\t\t\t\t\t\t\t\t\t<span class=\"wpr-table-text\">\n\t\t\t\t\t\t\t\t\t\t\t\tPara recordar tus preferencias.\n\t\t\t\t\t\t\t\t\t\t\t<\/span>\n\t\t\t\t\t\t\t\t\t\t\t\t\t\t\t\t\t\t\t\t<\/span>\n\t\t\t\t\t\t\t\t\t\t\t\t\t\t\t\t\t\t\t\t\t\t\t\t\t\t\t\t\n\t\t\t\t\t\t\t\t<\/div>\n\n\t\t\t\t\t\t\t<\/td>\n\t\t\t\t\t\t\t\t\t\t\t\t\t\t\t\n\t\t\t\t\t\t\t<td colspan=\"\" rowspan=\"\" class=\"elementor-repeater-item-3c63e00 wpr-table-td\">\n\n\t\t\t\t\t\t\t\t<div class=\"wpr-td-content-wrapper \">\n\n\t\t\t\t\t\t\t\t\t\t\t\t\t\t\t\t\t\t\t\t\t\t\t\t\t\t\t\t\t<span>\n\t\t\t\t\t\t\t\t\t \n\t\t\t\t\t\t\t\t\t\t\t<span class=\"wpr-table-text\">\n\t\t\t\t\t\t\t\t\t\t\t\tEstas cookies recuerdan tus preferencias de visualizaci\u00f3n (por ejemplo, la selecci\u00f3n de idioma: ingl\u00e9s, franc\u00e9s o espa\u00f1ol) para ofrecerte una experiencia m\u00e1s personalizada.\n\t\t\t\t\t\t\t\t\t\t\t<\/span>\n\t\t\t\t\t\t\t\t\t\t\t\t\t\t\t\t\t\t\t\t<\/span>\n\t\t\t\t\t\t\t\t\t\t\t\t\t\t\t\t\t\t\t\t\t\t\t\t\t\t\t\t\n\t\t\t\t\t\t\t\t<\/div>\n\n\t\t\t\t\t\t\t<\/td>\n\t\t\t\t\t\t\t\t\t\t\t\t<\/tr>\n\t\t\t        \t\t\t\t\t<tr class=\"wpr-table-body-row wpr-table-row elementor-repeater-item-9fe13b9 wpr-odd\">\n\t\t\t\t\t\t\t\t\t\t\t\t\t\n\t\t\t\t\t\t\t<td colspan=\"\" rowspan=\"\" class=\"elementor-repeater-item-f4f9a65 wpr-table-td\">\n\n\t\t\t\t\t\t\t\t<div class=\"wpr-td-content-wrapper \">\n\n\t\t\t\t\t\t\t\t\t\t\t\t\t\t\t\t\t\t\t\t\t\t\t\t\t\t\t\t\t<span>\n\t\t\t\t\t\t\t\t\t \n\t\t\t\t\t\t\t\t\t\t\t<span class=\"wpr-table-text\">\n\t\t\t\t\t\t\t\t\t\t\t\tCookies de Segmentaci\u00f3n\/Marketing\n\t\t\t\t\t\t\t\t\t\t\t<\/span>\n\t\t\t\t\t\t\t\t\t\t\t\t\t\t\t\t\t\t\t\t<\/span>\n\t\t\t\t\t\t\t\t\t\t\t\t\t\t\t\t\t\t\t\t\t\t\t\t\t\t\t\t\n\t\t\t\t\t\t\t\t<\/div>\n\n\t\t\t\t\t\t\t<\/td>\n\t\t\t\t\t\t\t\t\t\t\t\t\t\t\t\n\t\t\t\t\t\t\t<td colspan=\"\" rowspan=\"\" class=\"elementor-repeater-item-f1f4f61 wpr-table-td\">\n\n\t\t\t\t\t\t\t\t<div class=\"wpr-td-content-wrapper \">\n\n\t\t\t\t\t\t\t\t\t\t\t\t\t\t\t\t\t\t\t\t\t\t\t\t\t\t\t\t\t<span>\n\t\t\t\t\t\t\t\t\t \n\t\t\t\t\t\t\t\t\t\t\t<span class=\"wpr-table-text\">\n\t\t\t\t\t\t\t\t\t\t\t\tPara personalizar el contenido.\n\t\t\t\t\t\t\t\t\t\t\t<\/span>\n\t\t\t\t\t\t\t\t\t\t\t\t\t\t\t\t\t\t\t\t<\/span>\n\t\t\t\t\t\t\t\t\t\t\t\t\t\t\t\t\t\t\t\t\t\t\t\t\t\t\t\t\n\t\t\t\t\t\t\t\t<\/div>\n\n\t\t\t\t\t\t\t<\/td>\n\t\t\t\t\t\t\t\t\t\t\t\t\t\t\t\n\t\t\t\t\t\t\t<td colspan=\"\" rowspan=\"\" class=\"elementor-repeater-item-4291509 wpr-table-td\">\n\n\t\t\t\t\t\t\t\t<div class=\"wpr-td-content-wrapper \">\n\n\t\t\t\t\t\t\t\t\t\t\t\t\t\t\t\t\t\t\t\t\t\t\t\t\t\t\t\t\t<span>\n\t\t\t\t\t\t\t\t\t \n\t\t\t\t\t\t\t\t\t\t\t<span class=\"wpr-table-text\">\n\t\t\t\t\t\t\t\t\t\t\t\tEstas cookies pueden ser instaladas por socios publicitarios externos para crear un perfil de tus intereses y mostrarte anuncios relevantes en otros sitios, aunque esto se minimiza por la integridad de la marca.\n\t\t\t\t\t\t\t\t\t\t\t<\/span>\n\t\t\t\t\t\t\t\t\t\t\t\t\t\t\t\t\t\t\t\t<\/span>\n\t\t\t\t\t\t\t\t\t\t\t\t\t\t\t\t\t\t\t\t\t\t\t\t\t\t\t\t\n\t\t\t\t\t\t\t\t<\/div>\n\n\t\t\t\t\t\t\t<\/td>\n\t\t\t\t\t\t\t\t\t\t\t\t<\/tr>\n\t\t\t        \t\t\t\t<\/tbody>\n\t\t\t<\/table>\n\t\t<\/div>\n\t\t<\/div>\n    \t\t\t\t\t<\/div>\n\t\t\t\t<div class=\"elementor-element elementor-element-3afa750 elementor-widget elementor-widget-text-editor\" data-id=\"3afa750\" data-element_type=\"widget\" data-widget_type=\"text-editor.default\">\n\t\t\t\t\t\t\t\t\t<div class=\"container-7 _60\"><div class=\"div-block-173\"><div class=\"text-block-72\"><div class=\"text-block-64 blue _00\"><div class=\"div-block-264\"><h4 class=\"heading-102\">COOKIES DE TERCEROS<\/h4><div class=\"paragraph-12 _20 w-richtext\"><p>Nuestro sitio web utiliza servicios de terceros, como an\u00e1lisis de sitios web (como Google Analytics) y, potencialmente, servicios de integraci\u00f3n de CRM, que pueden establecer sus propias cookies en tu dispositivo. No controlamos el funcionamiento de estas cookies de terceros. <\/p><ul role=\"list\"><li>Anal\u00edtica: Se utiliza para recopilar datos an\u00f3nimos sobre el tr\u00e1fico y el uso del sitio web.<\/li><li>CRM\/Lista de correo: Se utiliza para hacer un seguimiento de los env\u00edos a la lista \u00abColecci\u00f3n c\u00e1psula festiva\u00bb y otros formularios.<\/li><\/ul><\/div><h4 class=\"heading-102\">OPCIONES Y CONTROL<\/h4><div class=\"paragraph-12 _20 w-richtext\"><p>Tienes derecho a aceptar o rechazar las cookies.<\/p><h4>A. Configuraci\u00f3n del navegador<\/h4><p>Puedes gestionar tus preferencias de cookies directamente a trav\u00e9s de la configuraci\u00f3n de tu navegador web. La mayor\u00eda de los navegadores te permiten: <\/p><ul role=\"list\"><li>Bloquea todas las cookies.<\/li><li>Bloquear las cookies de terceros.<\/li><li>Eliminar las cookies ya almacenadas en tu dispositivo.<\/li><\/ul><p>Ten en cuenta que bloquear las cookies estrictamente necesarias puede afectar a la funcionalidad y el rendimiento de nuestro sitio web.<\/p><p>\u200d<\/p><h4>B. Banner de consentimiento de cookies<\/h4><p>Al visitar el sitio web de De Middel, se te presentar\u00e1 un banner de consentimiento de cookies, que te permitir\u00e1 aceptar o rechazar cookies no esenciales (como cookies anal\u00edticas y de marketing).<\/p><\/div><h4 class=\"heading-102\">Informaci\u00f3n de contacto<\/h4><div class=\"paragraph-12 _20 w-richtext\"><p>Si tienes alguna pregunta sobre esta Pol\u00edtica de Cookies, ponte en contacto con nosotros en:<\/p><p>Correo electr\u00f3nico de De Middel: pdm@zheneos.com Direcci\u00f3n, 209 Fulham Road, Londres SW10 9PJ<\/p><\/div><\/div><\/div><\/div><\/div><\/div>\t\t\t\t\t\t\t\t<\/div>\n\t\t\t\t\t<\/div>\n\t\t\t\t<\/div>\n\t\t\t\t<\/div>\n\t\t","protected":false},"excerpt":{"rendered":"<p>POL\u00cdTICA DE COOKIES D A T O E F E C T I V O : 0 1 \/1 2 \/ 2 0 2 5 Esta Pol\u00edtica de Cookies explica qu\u00e9 son las cookies y c\u00f3mo De Middel, una marca propiedad de Axolotles Ltd. (en adelante, \u00abnosotros\u00bb, \u00abnos\u00bb o \u00abnuestro\u00bb) las utiliza en nuestro sitio web. (en adelante \u00abnosotros\u00bb, \u00abnos\u00bb o \u00abnuestro\u00bb), las utiliza en nuestro sitio web. \u00bfQU\u00c9 SON LAS COOKIES? Las cookies son peque\u00f1os archivos de texto que se descargan en tu ordenador o dispositivo m\u00f3vil cuando visitas un sitio web. Permiten al sitio web reconocer tu dispositivo y almacenar informaci\u00f3n sobre tus preferencias o acciones anteriores. \u00bfC\u00d3MO UTILIZAMOS LAS COOKIES? Utilizamos cookies para garantizar que nuestro sitio web funciona correctamente, para mejorar tu experiencia de navegaci\u00f3n y para analizar el uso del sitio web. Utilizamos los siguientes tipos de cookies en: Tipo de Cookie Prop\u00f3sito Descripci\u00f3n Cookies estrictamente necesarias Para permitir la funcionalidad b\u00e1sica del sitio web. Estas cookies son esenciales para navegar por el sitio y utilizar funciones b\u00e1sicas (por ejemplo, gestionar tu selecci\u00f3n de divisas o recordar los elementos de tus Favoritos\/Lista de deseos durante una sesi\u00f3n). Cookies anal\u00edticas\/de rendimiento Para medir y analizar el rendimiento del sitio web. Estas cookies nos ayudan a comprender c\u00f3mo utilizan nuestro sitio los visitantes, qu\u00e9 p\u00e1ginas visitan con m\u00e1s frecuencia y si encuentran errores. Estos datos son agregados y an\u00f3nimos. Cookies de funcionalidad Para recordar tus preferencias. Estas cookies recuerdan tus preferencias de visualizaci\u00f3n (por ejemplo, la selecci\u00f3n de idioma: ingl\u00e9s, franc\u00e9s o espa\u00f1ol) para ofrecerte una experiencia m\u00e1s personalizada. Cookies de Segmentaci\u00f3n\/Marketing Para personalizar el contenido. Estas cookies pueden ser instaladas por socios publicitarios externos para crear un perfil de tus intereses y mostrarte anuncios relevantes en otros sitios, aunque esto se minimiza por la integridad de la marca. COOKIES DE TERCEROS Nuestro sitio web utiliza servicios de terceros, como an\u00e1lisis de sitios web (como Google Analytics) y, potencialmente, servicios de integraci\u00f3n de CRM, que pueden establecer sus propias cookies en tu dispositivo. No controlamos el funcionamiento de estas cookies de terceros. Anal\u00edtica: Se utiliza para recopilar datos an\u00f3nimos sobre el tr\u00e1fico y el uso del sitio web. CRM\/Lista de correo: Se utiliza para hacer un seguimiento de los env\u00edos a la lista \u00abColecci\u00f3n c\u00e1psula festiva\u00bb y otros formularios. OPCIONES Y CONTROL Tienes derecho a aceptar o rechazar las cookies. A. Configuraci\u00f3n del navegador Puedes gestionar tus preferencias de cookies directamente a trav\u00e9s de la configuraci\u00f3n de tu navegador web. La mayor\u00eda de los navegadores te permiten: Bloquea todas las cookies. Bloquear las cookies de terceros. Eliminar las cookies ya almacenadas en tu dispositivo. Ten en cuenta que bloquear las cookies estrictamente necesarias puede afectar a la funcionalidad y el rendimiento de nuestro sitio web. \u200d B. Banner de consentimiento de cookies Al visitar el sitio web de De Middel, se te presentar\u00e1 un banner de consentimiento de cookies, que te permitir\u00e1 aceptar o rechazar cookies no esenciales (como cookies anal\u00edticas y de marketing). Informaci\u00f3n de contacto Si tienes alguna pregunta sobre esta Pol\u00edtica de Cookies, ponte en contacto con nosotros en: Correo electr\u00f3nico de De Middel: pdm@zheneos.com Direcci\u00f3n, 209 Fulham Road, Londres SW10 9PJ<\/p>\n","protected":false},"author":1,"featured_media":0,"parent":0,"menu_order":0,"comment_status":"closed","ping_status":"closed","template":"","meta":{"_acf_changed":false,"footnotes":""},"class_list":["post-2996","page","type-page","status-publish","hentry"],"acf":[],"aioseo_notices":[],"_hostinger_reach_plugin_has_subscription_block":false,"_hostinger_reach_plugin_is_elementor":false,"_links":{"self":[{"href":"https:\/\/de-middel.com\/es\/wp-json\/wp\/v2\/pages\/2996","targetHints":{"allow":["GET"]}}],"collection":[{"href":"https:\/\/de-middel.com\/es\/wp-json\/wp\/v2\/pages"}],"about":[{"href":"https:\/\/de-middel.com\/es\/wp-json\/wp\/v2\/types\/page"}],"author":[{"embeddable":true,"href":"https:\/\/de-middel.com\/es\/wp-json\/wp\/v2\/users\/1"}],"replies":[{"embeddable":true,"href":"https:\/\/de-middel.com\/es\/wp-json\/wp\/v2\/comments?post=2996"}],"version-history":[{"count":1,"href":"https:\/\/de-middel.com\/es\/wp-json\/wp\/v2\/pages\/2996\/revisions"}],"predecessor-version":[{"id":2998,"href":"https:\/\/de-middel.com\/es\/wp-json\/wp\/v2\/pages\/2996\/revisions\/2998"}],"wp:attachment":[{"href":"https:\/\/de-middel.com\/es\/wp-json\/wp\/v2\/media?parent=2996"}],"curies":[{"name":"wp","href":"https:\/\/api.w.org\/{rel}","templated":true}]}}