{"id":2999,"date":"2025-12-17T19:57:31","date_gmt":"2025-12-17T19:57:31","guid":{"rendered":"https:\/\/de-middel.com\/ubicacion\/"},"modified":"2026-01-15T07:42:34","modified_gmt":"2026-01-15T07:42:34","slug":"ubicacion","status":"publish","type":"page","link":"https:\/\/de-middel.com\/es\/ubicacion\/","title":{"rendered":"Ubicaci\u00f3n"},"content":{"rendered":"\t\t<div data-elementor-type=\"wp-page\" data-elementor-id=\"2999\" class=\"elementor elementor-2999 elementor-215\" data-elementor-post-type=\"page\">\n\t\t\t\t<div class=\"elementor-element elementor-element-ce8806e e-flex e-con-boxed wpr-particle-no wpr-jarallax-no wpr-parallax-no wpr-sticky-section-no e-con e-parent\" data-id=\"ce8806e\" data-element_type=\"container\">\n\t\t\t\t\t<div class=\"e-con-inner\">\n\t\t\t\t<div class=\"elementor-element elementor-element-d89aa16 elementor-widget elementor-widget-heading\" data-id=\"d89aa16\" data-element_type=\"widget\" data-widget_type=\"heading.default\">\n\t\t\t\t\t<h2 class=\"elementor-heading-title elementor-size-default\">Localizaciones\n<\/h2>\t\t\t\t<\/div>\n\t\t\t\t<div class=\"elementor-element elementor-element-53719c8 elementor-widget elementor-widget-text-editor\" data-id=\"53719c8\" data-element_type=\"widget\" data-widget_type=\"text-editor.default\">\n\t\t\t\t\t\t\t\t\t<div class=\"container-7 _60\"><div class=\"div-block-173\"><div class=\"text-block-72\"><div class=\"text-block-64-copy-copy-copy\">Somos una marca basada en la conexi\u00f3n humana, no en direcciones fijas. Nuestro enfoque es global y personal, con una base en Londres y un coraz\u00f3n que se extiende por Europa. Nuestro espacio principal se encuentra en el coraz\u00f3n de Chelsea, Londres, donde trabajamos de forma privada y por encargo. Este modelo nos proporciona la flexibilidad necesaria para dedicar toda nuestra atenci\u00f3n a cada cliente, garantizando una experiencia personal y sin prisas.   <\/div><\/div><\/div><\/div>\t\t\t\t\t\t\t\t<\/div>\n\t\t\t\t<div class=\"elementor-element elementor-element-8db0560 elementor-widget elementor-widget-heading\" data-id=\"8db0560\" data-element_type=\"widget\" data-widget_type=\"heading.default\">\n\t\t\t\t\t<h2 class=\"elementor-heading-title elementor-size-default\">nuestra log\u00edstica y agenda\n<\/h2>\t\t\t\t<\/div>\n\t\t\t\t<div class=\"elementor-element elementor-element-9028063 elementor-widget elementor-widget-text-editor\" data-id=\"9028063\" data-element_type=\"widget\" data-widget_type=\"text-editor.default\">\n\t\t\t\t\t\t\t\t\t<div class=\"container-7 _60\"><div class=\"div-block-173\"><div class=\"text-block-72\"><p class=\"paragraph-5 _85\">En el esp\u00edritu de la sostenibilidad y la compra lenta, muchas de nuestras piezas m\u00e1s grandes se guardan en locales seguros por toda Europa, a la espera de ser recuperadas durante nuestro viaje anual. Estaremos encantados de coordinar visitas o de hablar sobre la procedencia y la log\u00edstica de cualquier pieza de nuestra colecci\u00f3n, dondequiera que se encuentre actualmente.<br>Tambi\u00e9n tenemos una emocionante agenda de pr\u00f3ximos eventos dise\u00f1ados para construir nuestra comunidad, desde colaboraciones con tiendas ben\u00e9ficas hasta pop-ups y ferias privadas a las que s\u00f3lo se puede acceder por invitaci\u00f3n.<br>Te invitamos a unirte a nuestro bolet\u00edn para recibir informaci\u00f3n sobre estas oportunidades exclusivas. <\/p><\/div><\/div><\/div>\t\t\t\t\t\t\t\t<\/div>\n\t\t\t\t\t<\/div>\n\t\t\t\t<\/div>\n\t\t\t\t<\/div>\n\t\t","protected":false},"excerpt":{"rendered":"<p>Localizaciones Somos una marca basada en la conexi\u00f3n humana, no en direcciones fijas. Nuestro enfoque es global y personal, con una base en Londres y un coraz\u00f3n que se extiende por Europa. Nuestro espacio principal se encuentra en el coraz\u00f3n de Chelsea, Londres, donde trabajamos de forma privada y por encargo. Este modelo nos proporciona la flexibilidad necesaria para dedicar toda nuestra atenci\u00f3n a cada cliente, garantizando una experiencia personal y sin prisas. nuestra log\u00edstica y agenda En el esp\u00edritu de la sostenibilidad y la compra lenta, muchas de nuestras piezas m\u00e1s grandes se guardan en locales seguros por toda Europa, a la espera de ser recuperadas durante nuestro viaje anual. Estaremos encantados de coordinar visitas o de hablar sobre la procedencia y la log\u00edstica de cualquier pieza de nuestra colecci\u00f3n, dondequiera que se encuentre actualmente.Tambi\u00e9n tenemos una emocionante agenda de pr\u00f3ximos eventos dise\u00f1ados para construir nuestra comunidad, desde colaboraciones con tiendas ben\u00e9ficas hasta pop-ups y ferias privadas a las que s\u00f3lo se puede acceder por invitaci\u00f3n.Te invitamos a unirte a nuestro bolet\u00edn para recibir informaci\u00f3n sobre estas oportunidades exclusivas.<\/p>\n","protected":false},"author":1,"featured_media":0,"parent":0,"menu_order":0,"comment_status":"closed","ping_status":"closed","template":"","meta":{"_acf_changed":false,"footnotes":""},"class_list":["post-2999","page","type-page","status-publish","hentry"],"acf":[],"aioseo_notices":[],"_hostinger_reach_plugin_has_subscription_block":false,"_hostinger_reach_plugin_is_elementor":false,"_links":{"self":[{"href":"https:\/\/de-middel.com\/es\/wp-json\/wp\/v2\/pages\/2999","targetHints":{"allow":["GET"]}}],"collection":[{"href":"https:\/\/de-middel.com\/es\/wp-json\/wp\/v2\/pages"}],"about":[{"href":"https:\/\/de-middel.com\/es\/wp-json\/wp\/v2\/types\/page"}],"author":[{"embeddable":true,"href":"https:\/\/de-middel.com\/es\/wp-json\/wp\/v2\/users\/1"}],"replies":[{"embeddable":true,"href":"https:\/\/de-middel.com\/es\/wp-json\/wp\/v2\/comments?post=2999"}],"version-history":[{"count":1,"href":"https:\/\/de-middel.com\/es\/wp-json\/wp\/v2\/pages\/2999\/revisions"}],"predecessor-version":[{"id":3000,"href":"https:\/\/de-middel.com\/es\/wp-json\/wp\/v2\/pages\/2999\/revisions\/3000"}],"wp:attachment":[{"href":"https:\/\/de-middel.com\/es\/wp-json\/wp\/v2\/media?parent=2999"}],"curies":[{"name":"wp","href":"https:\/\/api.w.org\/{rel}","templated":true}]}}