{"id":3010,"date":"2025-12-17T20:18:21","date_gmt":"2025-12-17T20:18:21","guid":{"rendered":"https:\/\/de-middel.com\/adquisicion-tayloring\/"},"modified":"2026-01-15T07:42:35","modified_gmt":"2026-01-15T07:42:35","slug":"adquisicion-tayloring","status":"publish","type":"page","link":"https:\/\/de-middel.com\/es\/adquisicion-tayloring\/","title":{"rendered":"ADQUISICI\u00d3N TAYLORING"},"content":{"rendered":"\t\t<div data-elementor-type=\"wp-page\" data-elementor-id=\"3010\" class=\"elementor elementor-3010 elementor-231\" data-elementor-post-type=\"page\">\n\t\t\t\t<div class=\"elementor-element elementor-element-c522b16 e-flex e-con-boxed wpr-particle-no wpr-jarallax-no wpr-parallax-no wpr-sticky-section-no e-con e-parent\" data-id=\"c522b16\" data-element_type=\"container\" data-settings=\"{&quot;background_background&quot;:&quot;classic&quot;}\">\n\t\t\t\t\t<div class=\"e-con-inner\">\n\t\t<div class=\"elementor-element elementor-element-b3c6ad5 e-con-full e-flex wpr-particle-no wpr-jarallax-no wpr-parallax-no wpr-sticky-section-no e-con e-child\" data-id=\"b3c6ad5\" data-element_type=\"container\">\n\t\t\t\t<div class=\"elementor-element elementor-element-eaccff2 elementor-widget elementor-widget-heading\" data-id=\"eaccff2\" data-element_type=\"widget\" data-widget_type=\"heading.default\">\n\t\t\t\t\t<h2 class=\"elementor-heading-title elementor-size-default\">ADQUISICI\u00d3N TAYLORING\n<\/h2>\t\t\t\t<\/div>\n\t\t\t\t<div class=\"elementor-element elementor-element-9f11012 elementor-widget elementor-widget-text-editor\" data-id=\"9f11012\" data-element_type=\"widget\" data-widget_type=\"text-editor.default\">\n\t\t\t\t\t\t\t\t\t<div class=\"container-7 _60\"><div class=\"div-block-173\"><div class=\"text-block-72\"><p class=\"blue\">Adquirir una pieza de De Middel es un proceso a medida, y nuestros servicios de Adaptaci\u00f3n de Adquisiciones garantizan que las etapas finales, desde la verificaci\u00f3n hasta la presentaci\u00f3n, cumplan las normas m\u00e1s estrictas de cuidado. Estos servicios especializados se calculan y se a\u00f1aden a tu Factura Log\u00edstica Final cuando se confirma tu adquisici\u00f3n. <\/p><\/div><\/div><\/div>\t\t\t\t\t\t\t\t<\/div>\n\t\t\t\t<div class=\"elementor-element elementor-element-0d9231f elementor-widget elementor-widget-text-editor\" data-id=\"0d9231f\" data-element_type=\"widget\" data-widget_type=\"text-editor.default\">\n\t\t\t\t\t\t\t\t\t<div class=\"container-7 _60\"><div class=\"div-block-173\"><div class=\"text-block-72\"><p>I. Envoltorio de regalo a medida:<a class=\"link-6\" style=\"color: #006c98;\" href=\"#gift\">(ver enlace<\/a> )<\/p><p>Trabajamos con artesanos locales fabricantes de papel para garantizar que la presentaci\u00f3n sea tan \u00fanica como el propio objeto.<\/p><\/div><\/div><\/div>\t\t\t\t\t\t\t\t<\/div>\n\t\t\t\t<div class=\"elementor-element elementor-element-a0f0fc7 elementor-widget elementor-widget-text-editor\" data-id=\"a0f0fc7\" data-element_type=\"widget\" data-widget_type=\"text-editor.default\">\n\t\t\t\t\t\t\t\t\t<div class=\"container-7 _60\"><div class=\"div-block-173\"><div class=\"text-block-72\"><p>II. Nota bellamente caligrafiada: <\/p><p>Una nota manuscrita personalizada acompa\u00f1a tu adquisici\u00f3n, dando un toque refinado y humano a la presentaci\u00f3n.<\/p><\/div><\/div><\/div>\t\t\t\t\t\t\t\t<\/div>\n\t\t\t\t<div class=\"elementor-element elementor-element-4a461ad elementor-widget elementor-widget-text-editor\" data-id=\"4a461ad\" data-element_type=\"widget\" data-widget_type=\"text-editor.default\">\n\t\t\t\t\t\t\t\t\t<div class=\"container-7 _60\"><div class=\"div-block-173\"><div class=\"text-block-72\"><p>III. Transporte de guante blanco: <\/p><p>Servicio de entrega especializado y de alto cuidado para art\u00edculos que requieren la m\u00e1xima seguridad, un entorno controlado y atenci\u00f3n durante el tr\u00e1nsito y la colocaci\u00f3n.<\/p><\/div><\/div><\/div>\t\t\t\t\t\t\t\t<\/div>\n\t\t\t\t<div class=\"elementor-element elementor-element-28efa96 elementor-widget elementor-widget-text-editor\" data-id=\"28efa96\" data-element_type=\"widget\" data-widget_type=\"text-editor.default\">\n\t\t\t\t\t\t\t\t\t<div class=\"container-7 _60\"><div class=\"div-block-173\"><div class=\"text-block-72\"><p>IV. Integraci\u00f3n curatorial:<a class=\"link-6\" style=\"color: #006c98;\" href=\"https:\/\/de-middel.com\/es\/seleccion-de-casas\/\">(ver enlace<\/a>) <\/p><p>Benef\u00edciate de la orientaci\u00f3n de expertos y de un sofisticado asesoramiento sobre la colocaci\u00f3n \u00f3ptima y la instalaci\u00f3n final del objeto, garantizando que se integre a la perfecci\u00f3n con tu colecci\u00f3n existente o tu narrativa de dise\u00f1o de interiores.<\/p><\/div><\/div><\/div>\t\t\t\t\t\t\t\t<\/div>\n\t\t\t\t<div class=\"elementor-element elementor-element-a485980 elementor-widget elementor-widget-text-editor\" data-id=\"a485980\" data-element_type=\"widget\" data-widget_type=\"text-editor.default\">\n\t\t\t\t\t\t\t\t\t<div class=\"container-7 _60\"><div class=\"div-block-173\"><div class=\"text-block-72\"><p class=\"blue\">V. Autenticaci\u00f3n por terceros:<a class=\"link-6\" style=\"color: #006c98;\" href=\"#services\">(ver enlace<\/a>) Verificaci\u00f3n de la autenticidad del objeto por un experto externo reconocido.<\/p><\/div><\/div><\/div>\t\t\t\t\t\t\t\t<\/div>\n\t\t\t\t<\/div>\n\t\t\t\t\t<\/div>\n\t\t\t\t<\/div>\n\t\t<div class=\"elementor-element elementor-element-0094c81 services e-flex e-con-boxed wpr-particle-no wpr-jarallax-no wpr-parallax-no wpr-sticky-section-no e-con e-parent\" data-id=\"0094c81\" data-element_type=\"container\" id=\"services\">\n\t\t\t\t\t<div class=\"e-con-inner\">\n\t\t\t\t<div class=\"elementor-element elementor-element-6ac109c elementor-widget elementor-widget-heading\" data-id=\"6ac109c\" data-element_type=\"widget\" data-widget_type=\"heading.default\">\n\t\t\t\t\t<h2 class=\"elementor-heading-title elementor-size-default\">servicios de autentificaci\u00f3n\n<\/h2>\t\t\t\t<\/div>\n\t\t\t\t<div class=\"elementor-element elementor-element-2792b49 elementor-widget elementor-widget-text-editor\" data-id=\"2792b49\" data-element_type=\"widget\" data-widget_type=\"text-editor.default\">\n\t\t\t\t\t\t\t\t\t<div class=\"container-7 _60\"><div class=\"div-block-173\"><div class=\"text-block-72\"><div class=\"text-block-64 blue _00\">En De Middel, la verificaci\u00f3n de la historia y el origen de un objeto es fundamental para nuestro proceso de conservaci\u00f3n. Cada pieza ofrecida es \u00fanica, y nos comprometemos a ofrecerte el m\u00e1ximo nivel de confianza y transparencia en tu adquisici\u00f3n. <\/div><\/div><\/div><\/div>\t\t\t\t\t\t\t\t<\/div>\n\t\t\t\t<div class=\"elementor-element elementor-element-f8897fc elementor-widget elementor-widget-text-editor\" data-id=\"f8897fc\" data-element_type=\"widget\" data-widget_type=\"text-editor.default\">\n\t\t\t\t\t\t\t\t\t<div class=\"container-7 _60\"><div class=\"div-block-173\"><div class=\"text-block-72\"><div class=\"text-block-64 blue _00\"><p>I. Verificaci\u00f3n interna y certificado de autenticidad<\/p><p><br>Nuestros especialistas internos verifican la autenticidad de todos los lotes para comprobar que son originales. Al completar tu adquisici\u00f3n, recibir\u00e1s un Certificado de Autenticidad De Middel formal. <\/p><p>Este certificado garantiza el origen y la identidad del art\u00edculo tal y como se representa en nuestro sitio web, proporcionando tranquilidad con cada adquisici\u00f3n.<\/p><p>\u200d<\/p><p>II. Servicio de autenticaci\u00f3n de terceros a medida <br><br><\/p><p>Para los clientes que necesitan el m\u00e1ximo nivel de garant\u00eda independiente, ofrecemos un servicio dedicado a coordinar la autenticaci\u00f3n externa por terceros:<\/p><p>\u200d<\/p><p>Socios expertos: Trabajamos con autenticadores de terceros reconocidos y de buena reputaci\u00f3n en todo el mundo, pero tambi\u00e9n nos complace trabajar con la contraparte elegida por el cliente para gestionar el proceso de verificaci\u00f3n.<\/p><p>\u200d<\/p><p>Proceso: Nos encargamos de toda la log\u00edstica, la correspondencia y la presentaci\u00f3n del objeto al experto externo.<\/p><p>\u200d<\/p><p>Estructura de tarifas: El coste total de este servicio depender\u00e1 del objeto (por ejemplo, tama\u00f1o, medio y experto requerido). De Middel cobrar\u00e1 al cliente el coste real de los honorarios del experto externo. <\/p><p>\u200d<\/p><p>Cargo por servicio: De Middel cobrar\u00e1 una tarifa de servicio del 10% para cubrir la administraci\u00f3n, log\u00edstica y manipulaci\u00f3n de este servicio especializado, con un cargo m\u00ednimo de 50\u20ac por art\u00edculo. Esta tarifa es independiente de la tarifa de tasaci\u00f3n del perito externo. <\/p><\/div><\/div><\/div><\/div>\t\t\t\t\t\t\t\t<\/div>\n\t\t\t\t\t<\/div>\n\t\t\t\t<\/div>\n\t\t<div class=\"elementor-element elementor-element-95e5583 gift e-flex e-con-boxed wpr-particle-no wpr-jarallax-no wpr-parallax-no wpr-sticky-section-no e-con e-parent\" data-id=\"95e5583\" data-element_type=\"container\" id=\"gift\">\n\t\t\t\t\t<div class=\"e-con-inner\">\n\t\t\t\t<div class=\"elementor-element elementor-element-fbe9b31 elementor-widget elementor-widget-heading\" data-id=\"fbe9b31\" data-element_type=\"widget\" data-widget_type=\"heading.default\">\n\t\t\t\t\t<h2 class=\"elementor-heading-title elementor-size-default\">SERVICIOS DE ENVOLTURA DE REGALOS\n<\/h2>\t\t\t\t<\/div>\n\t\t\t\t<div class=\"elementor-element elementor-element-afcef58 elementor-widget elementor-widget-text-editor\" data-id=\"afcef58\" data-element_type=\"widget\" data-widget_type=\"text-editor.default\">\n\t\t\t\t\t\t\t\t\t<div class=\"container-7 _60\"><div class=\"div-block-173\"><div class=\"text-block-72\"><div class=\"text-block-64 blue _00\"><div class=\"text-block-64 blue _00\">En De Middel, la verificaci\u00f3n de la historia y el origen de un objeto es fundamental para nuestro proceso curatorial. Cada pieza ofrecida es \u00fanica, y nos comprometemos a ofrecer el m\u00e1ximo nivel de confianza y transparencia en tu adquisici\u00f3n. <\/div><div class=\"text-block-64 w-richtext\"> <\/div><\/div><\/div><\/div><\/div>\t\t\t\t\t\t\t\t<\/div>\n\t\t\t\t<div class=\"elementor-element elementor-element-0c307d9 elementor-widget elementor-widget-text-editor\" data-id=\"0c307d9\" data-element_type=\"widget\" data-widget_type=\"text-editor.default\">\n\t\t\t\t\t\t\t\t\t<div class=\"container-7 _60\"><div class=\"div-block-173\"><div class=\"text-block-72\"><div class=\"text-block-64 blue _00\"><p>I. Verificaci\u00f3n interna y certificado de autenticidad<br><br><\/p><p>Nuestros especialistas internos verifican la autenticidad de todos los lotes para comprobar que son originales. Al completar tu adquisici\u00f3n, recibir\u00e1s un Certificado de Autenticidad De Middel formal. <\/p><p>Este certificado garantiza el origen y la identidad del art\u00edculo tal y como se representa en nuestro sitio web, proporcionando tranquilidad con cada adquisici\u00f3n.<\/p><p>\u200d<\/p><p>II. Servicio de autenticaci\u00f3n de terceros a medida <br><br><\/p><p>Para los clientes que necesitan el m\u00e1ximo nivel de garant\u00eda independiente, ofrecemos un servicio dedicado a coordinar la autenticaci\u00f3n externa por terceros:<\/p><p>Socios expertos: Trabajamos con autenticadores de terceros reconocidos y de buena reputaci\u00f3n en todo el mundo, pero tambi\u00e9n nos complace trabajar con la contraparte elegida por el cliente para gestionar el proceso de verificaci\u00f3n.<\/p><p>\u200d<\/p><p>Proceso: Nos encargamos de toda la log\u00edstica, la correspondencia y la presentaci\u00f3n del objeto al experto externo.<\/p><p>\u200d<\/p><p>Estructura de tarifas: El coste total de este servicio depender\u00e1 del objeto (por ejemplo, tama\u00f1o, medio y experto requerido). De Middel cobrar\u00e1 al cliente el coste real de los honorarios del experto externo. <\/p><p>\u200d<\/p><p>Cargo por servicio: De Middel cobrar\u00e1 una tarifa de servicio del 10% para cubrir la administraci\u00f3n, log\u00edstica y manipulaci\u00f3n de este servicio especializado, con un cargo m\u00ednimo de 50\u20ac por art\u00edculo. Esta tarifa es independiente de la tarifa de tasaci\u00f3n del perito externo. <\/p><p>\u200d<\/p><\/div><\/div><\/div><\/div>\t\t\t\t\t\t\t\t<\/div>\n\t\t\t\t\t<\/div>\n\t\t\t\t<\/div>\n\t\t\t\t<\/div>\n\t\t","protected":false},"excerpt":{"rendered":"<p>ADQUISICI\u00d3N TAYLORING Adquirir una pieza de De Middel es un proceso a medida, y nuestros servicios de Adaptaci\u00f3n de Adquisiciones garantizan que las etapas finales, desde la verificaci\u00f3n hasta la presentaci\u00f3n, cumplan las normas m\u00e1s estrictas de cuidado. Estos servicios especializados se calculan y se a\u00f1aden a tu Factura Log\u00edstica Final cuando se confirma tu adquisici\u00f3n. I. Envoltorio de regalo a medida:(ver enlace ) Trabajamos con artesanos locales fabricantes de papel para garantizar que la presentaci\u00f3n sea tan \u00fanica como el propio objeto. II. Nota bellamente caligrafiada: Una nota manuscrita personalizada acompa\u00f1a tu adquisici\u00f3n, dando un toque refinado y humano a la presentaci\u00f3n. III. Transporte de guante blanco: Servicio de entrega especializado y de alto cuidado para art\u00edculos que requieren la m\u00e1xima seguridad, un entorno controlado y atenci\u00f3n durante el tr\u00e1nsito y la colocaci\u00f3n. IV. Integraci\u00f3n curatorial:(ver enlace) Benef\u00edciate de la orientaci\u00f3n de expertos y de un sofisticado asesoramiento sobre la colocaci\u00f3n \u00f3ptima y la instalaci\u00f3n final del objeto, garantizando que se integre a la perfecci\u00f3n con tu colecci\u00f3n existente o tu narrativa de dise\u00f1o de interiores. V. Autenticaci\u00f3n por terceros:(ver enlace) Verificaci\u00f3n de la autenticidad del objeto por un experto externo reconocido. servicios de autentificaci\u00f3n En De Middel, la verificaci\u00f3n de la historia y el origen de un objeto es fundamental para nuestro proceso de conservaci\u00f3n. Cada pieza ofrecida es \u00fanica, y nos comprometemos a ofrecerte el m\u00e1ximo nivel de confianza y transparencia en tu adquisici\u00f3n. I. Verificaci\u00f3n interna y certificado de autenticidad Nuestros especialistas internos verifican la autenticidad de todos los lotes para comprobar que son originales. Al completar tu adquisici\u00f3n, recibir\u00e1s un Certificado de Autenticidad De Middel formal. Este certificado garantiza el origen y la identidad del art\u00edculo tal y como se representa en nuestro sitio web, proporcionando tranquilidad con cada adquisici\u00f3n. \u200d II. Servicio de autenticaci\u00f3n de terceros a medida Para los clientes que necesitan el m\u00e1ximo nivel de garant\u00eda independiente, ofrecemos un servicio dedicado a coordinar la autenticaci\u00f3n externa por terceros: \u200d Socios expertos: Trabajamos con autenticadores de terceros reconocidos y de buena reputaci\u00f3n en todo el mundo, pero tambi\u00e9n nos complace trabajar con la contraparte elegida por el cliente para gestionar el proceso de verificaci\u00f3n. \u200d Proceso: Nos encargamos de toda la log\u00edstica, la correspondencia y la presentaci\u00f3n del objeto al experto externo. \u200d Estructura de tarifas: El coste total de este servicio depender\u00e1 del objeto (por ejemplo, tama\u00f1o, medio y experto requerido). De Middel cobrar\u00e1 al cliente el coste real de los honorarios del experto externo. \u200d Cargo por servicio: De Middel cobrar\u00e1 una tarifa de servicio del 10% para cubrir la administraci\u00f3n, log\u00edstica y manipulaci\u00f3n de este servicio especializado, con un cargo m\u00ednimo de 50\u20ac por art\u00edculo. Esta tarifa es independiente de la tarifa de tasaci\u00f3n del perito externo. SERVICIOS DE ENVOLTURA DE REGALOS En De Middel, la verificaci\u00f3n de la historia y el origen de un objeto es fundamental para nuestro proceso curatorial. Cada pieza ofrecida es \u00fanica, y nos comprometemos a ofrecer el m\u00e1ximo nivel de confianza y transparencia en tu adquisici\u00f3n. I. Verificaci\u00f3n interna y certificado de autenticidad Nuestros especialistas internos verifican la autenticidad de todos los lotes para comprobar que son originales. Al completar tu adquisici\u00f3n, recibir\u00e1s un Certificado de Autenticidad De Middel formal. Este certificado garantiza el origen y la identidad del art\u00edculo tal y como se representa en nuestro sitio web, proporcionando tranquilidad con cada adquisici\u00f3n. \u200d II. Servicio de autenticaci\u00f3n de terceros a medida Para los clientes que necesitan el m\u00e1ximo nivel de garant\u00eda independiente, ofrecemos un servicio dedicado a coordinar la autenticaci\u00f3n externa por terceros: Socios expertos: Trabajamos con autenticadores de terceros reconocidos y de buena reputaci\u00f3n en todo el mundo, pero tambi\u00e9n nos complace trabajar con la contraparte elegida por el cliente para gestionar el proceso de verificaci\u00f3n. \u200d Proceso: Nos encargamos de toda la log\u00edstica, la correspondencia y la presentaci\u00f3n del objeto al experto externo. \u200d Estructura de tarifas: El coste total de este servicio depender\u00e1 del objeto (por ejemplo, tama\u00f1o, medio y experto requerido). De Middel cobrar\u00e1 al cliente el coste real de los honorarios del experto externo. \u200d Cargo por servicio: De Middel cobrar\u00e1 una tarifa de servicio del 10% para cubrir la administraci\u00f3n, log\u00edstica y manipulaci\u00f3n de este servicio especializado, con un cargo m\u00ednimo de 50\u20ac por art\u00edculo. Esta tarifa es independiente de la tarifa de tasaci\u00f3n del perito externo. \u200d<\/p>\n","protected":false},"author":1,"featured_media":0,"parent":0,"menu_order":0,"comment_status":"closed","ping_status":"closed","template":"","meta":{"_acf_changed":false,"footnotes":""},"class_list":["post-3010","page","type-page","status-publish","hentry"],"acf":[],"aioseo_notices":[],"_hostinger_reach_plugin_has_subscription_block":false,"_hostinger_reach_plugin_is_elementor":false,"_links":{"self":[{"href":"https:\/\/de-middel.com\/es\/wp-json\/wp\/v2\/pages\/3010","targetHints":{"allow":["GET"]}}],"collection":[{"href":"https:\/\/de-middel.com\/es\/wp-json\/wp\/v2\/pages"}],"about":[{"href":"https:\/\/de-middel.com\/es\/wp-json\/wp\/v2\/types\/page"}],"author":[{"embeddable":true,"href":"https:\/\/de-middel.com\/es\/wp-json\/wp\/v2\/users\/1"}],"replies":[{"embeddable":true,"href":"https:\/\/de-middel.com\/es\/wp-json\/wp\/v2\/comments?post=3010"}],"version-history":[{"count":1,"href":"https:\/\/de-middel.com\/es\/wp-json\/wp\/v2\/pages\/3010\/revisions"}],"predecessor-version":[{"id":3011,"href":"https:\/\/de-middel.com\/es\/wp-json\/wp\/v2\/pages\/3010\/revisions\/3011"}],"wp:attachment":[{"href":"https:\/\/de-middel.com\/es\/wp-json\/wp\/v2\/media?parent=3010"}],"curies":[{"name":"wp","href":"https:\/\/api.w.org\/{rel}","templated":true}]}}