{"id":2694,"date":"2025-12-19T12:29:11","date_gmt":"2025-12-19T12:29:11","guid":{"rendered":"https:\/\/de-middel.com\/product\/lampara-de-pared-capricornio-de-1973\/"},"modified":"2025-12-19T12:29:11","modified_gmt":"2025-12-19T12:29:11","slug":"lampara-de-pared-capricornio-de-1973","status":"publish","type":"product","link":"https:\/\/de-middel.com\/es\/producto\/lampara-de-pared-capricornio-de-1973\/","title":{"rendered":"L\u00e1mpara de pared \u00abCapricornio\u00bb de 1973"},"content":{"rendered":"<p>La vers\u00e1til l\u00e1mpara &#8216;Capricorno&#8217;, dise\u00f1ada por Afra y Tobia Scarpa para Flos en 1973. Esta luminaria se puede utilizar como l\u00e1mpara de pared o de techo y se caracteriza por sus reflectores de metal lacado ajustables y detalles de pl\u00e1stico. El dise\u00f1o encarna a la perfecci\u00f3n el dominio de Scarpa del dise\u00f1o industrial funcional y est\u00e9ticamente agradable.  <\/p>\n","protected":false},"excerpt":{"rendered":"<p>La vers\u00e1til l\u00e1mpara &#8216;Capricorno&#8217;, dise\u00f1ada por Afra y Tobia Scarpa para Flos en 1973. Esta luminaria se puede utilizar como l\u00e1mpara de pared o de techo y se caracteriza por sus reflectores de metal lacado ajustables y detalles de pl\u00e1stico. El dise\u00f1o encarna a la perfecci\u00f3n el dominio de Scarpa del dise\u00f1o industrial funcional y est\u00e9ticamente agradable.  <\/p>\n","protected":false},"featured_media":623,"template":"","meta":{"_acf_changed":false},"product_brand":[117],"product_cat":[331,327,334,332],"product_tag":[],"class_list":{"0":"post-2694","1":"product","2":"type-product","3":"status-publish","4":"has-post-thumbnail","6":"product_brand-afra-e-tobia-scarpa","7":"product_cat-iluminacion","8":"product_cat-interior","9":"product_cat-lampara-de-pared","10":"product_cat-lamparas-de-techo","11":"pa_collection-artes-decorativas","12":"pa_color-blanco","14":"first","15":"instock","16":"shipping-taxable","17":"purchasable","18":"product-type-simple"},"acf":[],"aioseo_notices":[],"_links":{"self":[{"href":"https:\/\/de-middel.com\/es\/wp-json\/wp\/v2\/product\/2694","targetHints":{"allow":["GET"]}}],"collection":[{"href":"https:\/\/de-middel.com\/es\/wp-json\/wp\/v2\/product"}],"about":[{"href":"https:\/\/de-middel.com\/es\/wp-json\/wp\/v2\/types\/product"}],"wp:featuredmedia":[{"embeddable":true,"href":"https:\/\/de-middel.com\/es\/wp-json\/wp\/v2\/media\/623"}],"wp:attachment":[{"href":"https:\/\/de-middel.com\/es\/wp-json\/wp\/v2\/media?parent=2694"}],"wp:term":[{"taxonomy":"product_brand","embeddable":true,"href":"https:\/\/de-middel.com\/es\/wp-json\/wp\/v2\/product_brand?post=2694"},{"taxonomy":"product_cat","embeddable":true,"href":"https:\/\/de-middel.com\/es\/wp-json\/wp\/v2\/product_cat?post=2694"},{"taxonomy":"product_tag","embeddable":true,"href":"https:\/\/de-middel.com\/es\/wp-json\/wp\/v2\/product_tag?post=2694"}],"curies":[{"name":"wp","href":"https:\/\/api.w.org\/{rel}","templated":true}]}}