{"id":2695,"date":"2025-12-19T12:56:57","date_gmt":"2025-12-19T12:56:57","guid":{"rendered":"https:\/\/de-middel.com\/product\/pareja-de-sillas-vintage-de-pino\/"},"modified":"2025-12-19T12:56:57","modified_gmt":"2025-12-19T12:56:57","slug":"pareja-de-sillas-vintage-de-pino","status":"publish","type":"product","link":"https:\/\/de-middel.com\/es\/producto\/pareja-de-sillas-vintage-de-pino\/","title":{"rendered":"Pareja de sillas vintage de pino"},"content":{"rendered":"<p>Un par de sillas vintage con reposabrazos abiertos, fabricadas en pino de tonos c\u00e1lidos con una est\u00e9tica de dise\u00f1o inspirada en el maestro dan\u00e9s Poul Kj\u00e6rholm. Las sillas cuentan con asientos y respaldos de cuerda tejida, que brindan comodidad y un contraste t\u00e1ctil y natural con la simplicidad de la estructura de madera. Se venden en pareja.  <\/p>\n","protected":false},"excerpt":{"rendered":"<p>Un par de sillas vintage con reposabrazos abiertos, fabricadas en pino de tonos c\u00e1lidos con una est\u00e9tica de dise\u00f1o inspirada en el maestro dan\u00e9s Poul Kj\u00e6rholm. Las sillas cuentan con asientos y respaldos de cuerda tejida, que brindan comodidad y un contraste t\u00e1ctil y natural con la simplicidad de la estructura de madera. Se venden en pareja.  <\/p>\n","protected":false},"featured_media":642,"template":"","meta":{"_acf_changed":false},"product_brand":[126],"product_cat":[330,327,335,333],"product_tag":[],"class_list":{"0":"post-2695","1":"product","2":"type-product","3":"status-publish","4":"has-post-thumbnail","6":"product_brand-paul-kjaerholm","7":"product_cat-asientos","8":"product_cat-interior","9":"product_cat-otros-asientos","10":"product_cat-sillas","11":"pa_collection-artes-decorativas","12":"pa_color-amarillo","13":"pa_color-blanco","14":"pa_color-marron","16":"first","17":"instock","18":"shipping-taxable","19":"purchasable","20":"product-type-simple"},"acf":[],"aioseo_notices":[],"_links":{"self":[{"href":"https:\/\/de-middel.com\/es\/wp-json\/wp\/v2\/product\/2695","targetHints":{"allow":["GET"]}}],"collection":[{"href":"https:\/\/de-middel.com\/es\/wp-json\/wp\/v2\/product"}],"about":[{"href":"https:\/\/de-middel.com\/es\/wp-json\/wp\/v2\/types\/product"}],"wp:featuredmedia":[{"embeddable":true,"href":"https:\/\/de-middel.com\/es\/wp-json\/wp\/v2\/media\/642"}],"wp:attachment":[{"href":"https:\/\/de-middel.com\/es\/wp-json\/wp\/v2\/media?parent=2695"}],"wp:term":[{"taxonomy":"product_brand","embeddable":true,"href":"https:\/\/de-middel.com\/es\/wp-json\/wp\/v2\/product_brand?post=2695"},{"taxonomy":"product_cat","embeddable":true,"href":"https:\/\/de-middel.com\/es\/wp-json\/wp\/v2\/product_cat?post=2695"},{"taxonomy":"product_tag","embeddable":true,"href":"https:\/\/de-middel.com\/es\/wp-json\/wp\/v2\/product_tag?post=2695"}],"curies":[{"name":"wp","href":"https:\/\/api.w.org\/{rel}","templated":true}]}}