{"id":2706,"date":"2025-12-19T12:31:59","date_gmt":"2025-12-19T12:31:59","guid":{"rendered":"https:\/\/de-middel.com\/product\/espejo-de-pared-llamativo\/"},"modified":"2025-12-19T12:31:59","modified_gmt":"2025-12-19T12:31:59","slug":"espejo-de-pared-llamativo","status":"publish","type":"product","link":"https:\/\/de-middel.com\/es\/producto\/espejo-de-pared-llamativo\/","title":{"rendered":"Espejo de pared llamativo"},"content":{"rendered":"<p>Un llamativo espejo de pared rectangular definido por su cautivador marco geom\u00e9trico en vidrio azul espejado. Este borde arquitect\u00f3nico contrasta maravillosamente con el espejo central transparente, creando un juego din\u00e1mico de luz y reflejo. Nota: Esta es una pieza vintage con una historia \u00fanica. Presenta algunas astillas menores, consistentes con su antig\u00fcedad.<\/p>\n","protected":false},"excerpt":{"rendered":"<p>Un llamativo espejo de pared rectangular definido por su cautivador marco geom\u00e9trico en vidrio azul espejado. Este borde arquitect\u00f3nico contrasta maravillosamente con el espejo central transparente, creando un juego din\u00e1mico de luz y reflejo. Nota: Esta es una pieza vintage con una historia \u00fanica. Presenta algunas astillas menores, consistentes con su antig\u00fcedad.<\/p>\n","protected":false},"featured_media":625,"template":"","meta":{"_acf_changed":false},"product_brand":[118],"product_cat":[327,351],"product_tag":[],"class_list":{"0":"post-2706","1":"product","2":"type-product","3":"status-publish","4":"has-post-thumbnail","6":"product_brand-cristal-art","7":"product_cat-interior","8":"product_cat-objets-dart","9":"pa_collection-artes-decorativas","10":"pa_color-azul","11":"pa_color-blanco","13":"first","14":"instock","15":"shipping-taxable","16":"purchasable","17":"product-type-simple"},"acf":[],"aioseo_notices":[],"_links":{"self":[{"href":"https:\/\/de-middel.com\/es\/wp-json\/wp\/v2\/product\/2706","targetHints":{"allow":["GET"]}}],"collection":[{"href":"https:\/\/de-middel.com\/es\/wp-json\/wp\/v2\/product"}],"about":[{"href":"https:\/\/de-middel.com\/es\/wp-json\/wp\/v2\/types\/product"}],"wp:featuredmedia":[{"embeddable":true,"href":"https:\/\/de-middel.com\/es\/wp-json\/wp\/v2\/media\/625"}],"wp:attachment":[{"href":"https:\/\/de-middel.com\/es\/wp-json\/wp\/v2\/media?parent=2706"}],"wp:term":[{"taxonomy":"product_brand","embeddable":true,"href":"https:\/\/de-middel.com\/es\/wp-json\/wp\/v2\/product_brand?post=2706"},{"taxonomy":"product_cat","embeddable":true,"href":"https:\/\/de-middel.com\/es\/wp-json\/wp\/v2\/product_cat?post=2706"},{"taxonomy":"product_tag","embeddable":true,"href":"https:\/\/de-middel.com\/es\/wp-json\/wp\/v2\/product_tag?post=2706"}],"curies":[{"name":"wp","href":"https:\/\/api.w.org\/{rel}","templated":true}]}}