{"id":2707,"date":"2025-12-19T10:34:21","date_gmt":"2025-12-19T10:34:21","guid":{"rendered":"https:\/\/de-middel.com\/product\/jarron-de-cristal-tallado-transparente-de-los-anos-50\/"},"modified":"2025-12-19T10:34:21","modified_gmt":"2025-12-19T10:34:21","slug":"jarron-de-cristal-tallado-transparente-de-los-anos-50","status":"publish","type":"product","link":"https:\/\/de-middel.com\/es\/producto\/jarron-de-cristal-tallado-transparente-de-los-anos-50\/","title":{"rendered":"Jarr\u00f3n de cristal tallado transparente de los a\u00f1os 50"},"content":{"rendered":"<p>Un jarr\u00f3n aut\u00e9ntico firmado por el prestigioso fabricante de cristal Val Saint Lambert, que data de la d\u00e9cada de 1950. La pieza presenta un llamativo contraste de cristal tallado azul y transparente, que muestra la meticulosa artesan\u00eda y el corte profundo y afilado por el que es famosa la f\u00e1brica belga. <\/p>\n","protected":false},"excerpt":{"rendered":"<p>Un jarr\u00f3n aut\u00e9ntico firmado por el prestigioso fabricante de cristal Val Saint Lambert, que data de la d\u00e9cada de 1950. La pieza presenta un llamativo contraste de cristal tallado azul y transparente, que muestra la meticulosa artesan\u00eda y el corte profundo y afilado por el que es famosa la f\u00e1brica belga. <\/p>\n","protected":false},"featured_media":598,"template":"","meta":{"_acf_changed":false},"product_brand":[93],"product_cat":[327,351,353],"product_tag":[],"class_list":{"0":"post-2707","1":"product","2":"type-product","3":"status-publish","4":"has-post-thumbnail","6":"product_brand-val-saint-lambert","7":"product_cat-interior","8":"product_cat-objets-dart","9":"product_cat-vidrio-y-cristal","10":"pa_collection-artes-decorativas","11":"pa_color-azul","13":"first","14":"instock","15":"shipping-taxable","16":"purchasable","17":"product-type-simple"},"acf":[],"aioseo_notices":[],"_links":{"self":[{"href":"https:\/\/de-middel.com\/es\/wp-json\/wp\/v2\/product\/2707","targetHints":{"allow":["GET"]}}],"collection":[{"href":"https:\/\/de-middel.com\/es\/wp-json\/wp\/v2\/product"}],"about":[{"href":"https:\/\/de-middel.com\/es\/wp-json\/wp\/v2\/types\/product"}],"wp:featuredmedia":[{"embeddable":true,"href":"https:\/\/de-middel.com\/es\/wp-json\/wp\/v2\/media\/598"}],"wp:attachment":[{"href":"https:\/\/de-middel.com\/es\/wp-json\/wp\/v2\/media?parent=2707"}],"wp:term":[{"taxonomy":"product_brand","embeddable":true,"href":"https:\/\/de-middel.com\/es\/wp-json\/wp\/v2\/product_brand?post=2707"},{"taxonomy":"product_cat","embeddable":true,"href":"https:\/\/de-middel.com\/es\/wp-json\/wp\/v2\/product_cat?post=2707"},{"taxonomy":"product_tag","embeddable":true,"href":"https:\/\/de-middel.com\/es\/wp-json\/wp\/v2\/product_tag?post=2707"}],"curies":[{"name":"wp","href":"https:\/\/api.w.org\/{rel}","templated":true}]}}