{"id":2748,"date":"2025-12-19T13:29:21","date_gmt":"2025-12-19T13:29:21","guid":{"rendered":"https:\/\/de-middel.com\/product\/bolso-engrenage-anos-50\/"},"modified":"2025-12-19T13:29:21","modified_gmt":"2025-12-19T13:29:21","slug":"bolso-engrenage-anos-50","status":"publish","type":"product","link":"https:\/\/de-middel.com\/es\/producto\/bolso-engrenage-anos-50\/","title":{"rendered":"Bolso \u00abEngrenage\u00bb, a\u00f1os 50"},"content":{"rendered":"<p>Un bolso de mano cl\u00e1sico y elegante de Herm\u00e8s para se\u00f1oras de principios de la d\u00e9cada de 1950, conocido como el modelo \u00abEngrenage\u00bb. Est\u00e1 expertamente elaborado en cuero negro liso (normalmente Box Calf) y adornado con herrajes refinados en tono dorado. Esta pieza vintage encarna una sofisticaci\u00f3n atemporal, con una silueta refinada y estructurada y un asa superior. Es un art\u00edculo de coleccionista muy codiciado y un ejemplo ic\u00f3nico del lujo del patrimonio franc\u00e9s de mediados de siglo.   <\/p>\n","protected":false},"excerpt":{"rendered":"<p>Un bolso de mano cl\u00e1sico y elegante de Herm\u00e8s para se\u00f1oras de principios de la d\u00e9cada de 1950, conocido como el modelo \u00abEngrenage\u00bb. Est\u00e1 expertamente elaborado en cuero negro liso (normalmente Box Calf) y adornado con herrajes refinados en tono dorado. Esta pieza vintage encarna una sofisticaci\u00f3n atemporal, con una silueta refinada y estructurada y un asa superior. Es un art\u00edculo de coleccionista muy codiciado y un ejemplo ic\u00f3nico del lujo del patrimonio franc\u00e9s de mediados de siglo.   <\/p>\n","protected":false},"featured_media":664,"template":"","meta":{"_acf_changed":false},"product_brand":[144],"product_cat":[367,366,365],"product_tag":[],"class_list":{"0":"post-2748","1":"product","2":"type-product","3":"status-publish","4":"has-post-thumbnail","6":"product_brand-hermes","7":"product_cat-bolsos-de-mano-y-tote-bags","8":"product_cat-bolsos-y-equipaje","9":"product_cat-moda","10":"pa_collection-moda","11":"pa_color-dorado","12":"pa_color-negro","14":"first","15":"instock","16":"shipping-taxable","17":"purchasable","18":"product-type-simple"},"acf":[],"aioseo_notices":[],"_links":{"self":[{"href":"https:\/\/de-middel.com\/es\/wp-json\/wp\/v2\/product\/2748","targetHints":{"allow":["GET"]}}],"collection":[{"href":"https:\/\/de-middel.com\/es\/wp-json\/wp\/v2\/product"}],"about":[{"href":"https:\/\/de-middel.com\/es\/wp-json\/wp\/v2\/types\/product"}],"wp:featuredmedia":[{"embeddable":true,"href":"https:\/\/de-middel.com\/es\/wp-json\/wp\/v2\/media\/664"}],"wp:attachment":[{"href":"https:\/\/de-middel.com\/es\/wp-json\/wp\/v2\/media?parent=2748"}],"wp:term":[{"taxonomy":"product_brand","embeddable":true,"href":"https:\/\/de-middel.com\/es\/wp-json\/wp\/v2\/product_brand?post=2748"},{"taxonomy":"product_cat","embeddable":true,"href":"https:\/\/de-middel.com\/es\/wp-json\/wp\/v2\/product_cat?post=2748"},{"taxonomy":"product_tag","embeddable":true,"href":"https:\/\/de-middel.com\/es\/wp-json\/wp\/v2\/product_tag?post=2748"}],"curies":[{"name":"wp","href":"https:\/\/api.w.org\/{rel}","templated":true}]}}