{"id":2757,"date":"2025-12-19T13:04:08","date_gmt":"2025-12-19T13:04:08","guid":{"rendered":"https:\/\/de-middel.com\/product\/mecedora-y-taburete-de-estilo-mid-century\/"},"modified":"2025-12-19T13:04:08","modified_gmt":"2025-12-19T13:04:08","slug":"mecedora-y-taburete-de-estilo-mid-century","status":"publish","type":"product","link":"https:\/\/de-middel.com\/es\/producto\/mecedora-y-taburete-de-estilo-mid-century\/","title":{"rendered":"Mecedora y taburete de estilo Mid-Century"},"content":{"rendered":"<p>Un conjunto a juego de muebles de mediados del siglo XX marcados como AFM JAPAN. Incluye dos elegantes mecedoras de brazos abiertos hechas de madera de frutal, con asientos y respaldos de rat\u00e1n tejido. El conjunto se completa con un reposapi\u00e9s a juego. El dise\u00f1o equilibra l\u00edneas limpias y modernas con materiales naturales, t\u00edpico de la apreciaci\u00f3n de la \u00e9poca por la est\u00e9tica japonesa.   <\/p>\n","protected":false},"excerpt":{"rendered":"<p>Un conjunto a juego de muebles de mediados del siglo XX marcados como AFM JAPAN. Incluye dos elegantes mecedoras de brazos abiertos hechas de madera de frutal, con asientos y respaldos de rat\u00e1n tejido. El conjunto se completa con un reposapi\u00e9s a juego. El dise\u00f1o equilibra l\u00edneas limpias y modernas con materiales naturales, t\u00edpico de la apreciaci\u00f3n de la \u00e9poca por la est\u00e9tica japonesa.   <\/p>\n","protected":false},"featured_media":646,"template":"","meta":{"_acf_changed":false},"product_brand":[131],"product_cat":[330,327,335,374],"product_tag":[],"class_list":{"0":"post-2757","1":"product","2":"type-product","3":"status-publish","4":"has-post-thumbnail","6":"product_brand-afm-japan","7":"product_cat-asientos","8":"product_cat-interior","9":"product_cat-otros-asientos","10":"product_cat-sillones","11":"pa_collection-artes-decorativas","12":"pa_color-amarillo","13":"pa_color-blanco","14":"pa_color-marron","16":"first","17":"instock","18":"shipping-taxable","19":"purchasable","20":"product-type-simple"},"acf":[],"aioseo_notices":[],"_links":{"self":[{"href":"https:\/\/de-middel.com\/es\/wp-json\/wp\/v2\/product\/2757","targetHints":{"allow":["GET"]}}],"collection":[{"href":"https:\/\/de-middel.com\/es\/wp-json\/wp\/v2\/product"}],"about":[{"href":"https:\/\/de-middel.com\/es\/wp-json\/wp\/v2\/types\/product"}],"wp:featuredmedia":[{"embeddable":true,"href":"https:\/\/de-middel.com\/es\/wp-json\/wp\/v2\/media\/646"}],"wp:attachment":[{"href":"https:\/\/de-middel.com\/es\/wp-json\/wp\/v2\/media?parent=2757"}],"wp:term":[{"taxonomy":"product_brand","embeddable":true,"href":"https:\/\/de-middel.com\/es\/wp-json\/wp\/v2\/product_brand?post=2757"},{"taxonomy":"product_cat","embeddable":true,"href":"https:\/\/de-middel.com\/es\/wp-json\/wp\/v2\/product_cat?post=2757"},{"taxonomy":"product_tag","embeddable":true,"href":"https:\/\/de-middel.com\/es\/wp-json\/wp\/v2\/product_tag?post=2757"}],"curies":[{"name":"wp","href":"https:\/\/api.w.org\/{rel}","templated":true}]}}