{"id":2761,"date":"2025-12-19T12:48:54","date_gmt":"2025-12-19T12:48:54","guid":{"rendered":"https:\/\/de-middel.com\/product\/mesa-de-centro-iconica-de-seis-patas-estilo-africano\/"},"modified":"2025-12-19T12:48:54","modified_gmt":"2025-12-19T12:48:54","slug":"mesa-de-centro-iconica-de-seis-patas-estilo-africano","status":"publish","type":"product","link":"https:\/\/de-middel.com\/es\/producto\/mesa-de-centro-iconica-de-seis-patas-estilo-africano\/","title":{"rendered":"Mesa de centro ic\u00f3nica de seis patas estilo &#8216;africano&#8217;"},"content":{"rendered":"<p>Mesa de centro circular de seis patas de John Dickinson, de la d\u00e9cada de 1970. Este dise\u00f1o &#8216;africano&#8217; presenta una superficie c\u00f3nica sostenida por seis patas estilizadas, inspiradas en formas art\u00edsticas africanas, que ofrece una combinaci\u00f3n \u00fanica de arte y funcionalidad. Construida con yeso pintado sobre hormig\u00f3n y con un sofisticado acabado en blanco, es lo suficientemente robusta para uso tanto en interiores como en exteriores. La importancia del dise\u00f1o se evidencia por su aparici\u00f3n en el libro New York Times Book of Interior Design and Decoration, ilustrada in situ en la p\u00e1gina 156.<\/p>\n","protected":false},"excerpt":{"rendered":"<p>Mesa de centro circular de seis patas de John Dickinson, de la d\u00e9cada de 1970. Este dise\u00f1o &#8216;africano&#8217; presenta una superficie c\u00f3nica sostenida por seis patas estilizadas, inspiradas en formas art\u00edsticas africanas, que ofrece una combinaci\u00f3n \u00fanica de arte y funcionalidad. Construida con yeso pintado sobre hormig\u00f3n y con un sofisticado acabado en blanco, es lo suficientemente robusta para uso tanto en interiores como en exteriores. La importancia del dise\u00f1o se evidencia por su aparici\u00f3n en el libro New York Times Book of Interior Design and Decoration, ilustrada in situ en la p\u00e1gina 156.<\/p>\n","protected":false},"featured_media":637,"template":"","meta":{"_acf_changed":false},"product_brand":[124],"product_cat":[327,347,375],"product_tag":[],"class_list":{"0":"post-2761","1":"product","2":"type-product","3":"status-publish","4":"has-post-thumbnail","6":"product_brand-john-reed-dickinson","7":"product_cat-interior","8":"product_cat-mesas","9":"product_cat-mesas-de-centro","10":"pa_collection-artes-decorativas","11":"pa_color-blanco","13":"first","14":"instock","15":"shipping-taxable","16":"purchasable","17":"product-type-simple"},"acf":[],"aioseo_notices":[],"_links":{"self":[{"href":"https:\/\/de-middel.com\/es\/wp-json\/wp\/v2\/product\/2761","targetHints":{"allow":["GET"]}}],"collection":[{"href":"https:\/\/de-middel.com\/es\/wp-json\/wp\/v2\/product"}],"about":[{"href":"https:\/\/de-middel.com\/es\/wp-json\/wp\/v2\/types\/product"}],"wp:featuredmedia":[{"embeddable":true,"href":"https:\/\/de-middel.com\/es\/wp-json\/wp\/v2\/media\/637"}],"wp:attachment":[{"href":"https:\/\/de-middel.com\/es\/wp-json\/wp\/v2\/media?parent=2761"}],"wp:term":[{"taxonomy":"product_brand","embeddable":true,"href":"https:\/\/de-middel.com\/es\/wp-json\/wp\/v2\/product_brand?post=2761"},{"taxonomy":"product_cat","embeddable":true,"href":"https:\/\/de-middel.com\/es\/wp-json\/wp\/v2\/product_cat?post=2761"},{"taxonomy":"product_tag","embeddable":true,"href":"https:\/\/de-middel.com\/es\/wp-json\/wp\/v2\/product_tag?post=2761"}],"curies":[{"name":"wp","href":"https:\/\/api.w.org\/{rel}","templated":true}]}}