{"id":2768,"date":"2025-12-19T12:45:16","date_gmt":"2025-12-19T12:45:16","guid":{"rendered":"https:\/\/de-middel.com\/product\/mesa-brazil-de-1981\/"},"modified":"2025-12-19T12:45:16","modified_gmt":"2025-12-19T12:45:16","slug":"mesa-brazil-de-1981","status":"publish","type":"product","link":"https:\/\/de-middel.com\/es\/producto\/mesa-brazil-de-1981\/","title":{"rendered":"Mesa \u00abBrazil\u00bb de 1981"},"content":{"rendered":"<p>Dise\u00f1ada en 1981 por Peter Shire para la ic\u00f3nica marca italiana Memphis Milano, la mesa \u00abBrazil\u00bb es un ejemplo llamativo del dise\u00f1o posmoderno radical. Con su audaz silueta asim\u00e9trica, su vibrante paleta de colores y su geometr\u00eda l\u00fadica, captura la esencia del movimiento Memphis fundado por Ettore Sottsass. <\/p>\n<p>Elaborada en madera lacada, esta pieza escult\u00f3rica refleja el enfoque distintivo de Shire: fusionar la funci\u00f3n con la experimentaci\u00f3n visual. La mesa no es solo un objeto funcional, sino una declaraci\u00f3n de dise\u00f1o digna de coleccionista, emblem\u00e1tica de la revoluci\u00f3n del dise\u00f1o de principios de la d\u00e9cada de 1980. <\/p>\n<p>Una pieza ic\u00f3nica y rara del dise\u00f1o del siglo XX, perfecta para coleccionistas, museos o cualquier espacio que busque una pieza central poderosa y divertida.<\/p>\n","protected":false},"excerpt":{"rendered":"<p>Dise\u00f1ada en 1981 por Peter Shire para la ic\u00f3nica marca italiana Memphis Milano, la mesa \u00abBrazil\u00bb es un ejemplo llamativo del dise\u00f1o posmoderno radical. Con su audaz silueta asim\u00e9trica, su vibrante paleta de colores y su geometr\u00eda l\u00fadica, captura la esencia del movimiento Memphis fundado por Ettore Sottsass. <\/p>\n<p>Elaborada en madera lacada, esta pieza escult\u00f3rica refleja el enfoque distintivo de Shire: fusionar la funci\u00f3n con la experimentaci\u00f3n visual. La mesa no es solo un objeto funcional, sino una declaraci\u00f3n de dise\u00f1o digna de coleccionista, emblem\u00e1tica de la revoluci\u00f3n del dise\u00f1o de principios de la d\u00e9cada de 1980. <\/p>\n<p>Una pieza ic\u00f3nica y rara del dise\u00f1o del siglo XX, perfecta para coleccionistas, museos o cualquier espacio que busque una pieza central poderosa y divertida.<\/p>\n","protected":false},"featured_media":635,"template":"","meta":{"_acf_changed":false},"product_brand":[123],"product_cat":[327,347,379],"product_tag":[],"class_list":{"0":"post-2768","1":"product","2":"type-product","3":"status-publish","4":"has-post-thumbnail","6":"product_brand-peter-shire-for-memphis","7":"product_cat-interior","8":"product_cat-mesas","9":"product_cat-otras-mesas","10":"pa_collection-artes-decorativas","11":"pa_color-amarillo","12":"pa_color-negro","13":"pa_color-rosa","14":"pa_color-verde","16":"first","17":"instock","18":"shipping-taxable","19":"purchasable","20":"product-type-simple"},"acf":[],"aioseo_notices":[],"_links":{"self":[{"href":"https:\/\/de-middel.com\/es\/wp-json\/wp\/v2\/product\/2768","targetHints":{"allow":["GET"]}}],"collection":[{"href":"https:\/\/de-middel.com\/es\/wp-json\/wp\/v2\/product"}],"about":[{"href":"https:\/\/de-middel.com\/es\/wp-json\/wp\/v2\/types\/product"}],"wp:featuredmedia":[{"embeddable":true,"href":"https:\/\/de-middel.com\/es\/wp-json\/wp\/v2\/media\/635"}],"wp:attachment":[{"href":"https:\/\/de-middel.com\/es\/wp-json\/wp\/v2\/media?parent=2768"}],"wp:term":[{"taxonomy":"product_brand","embeddable":true,"href":"https:\/\/de-middel.com\/es\/wp-json\/wp\/v2\/product_brand?post=2768"},{"taxonomy":"product_cat","embeddable":true,"href":"https:\/\/de-middel.com\/es\/wp-json\/wp\/v2\/product_cat?post=2768"},{"taxonomy":"product_tag","embeddable":true,"href":"https:\/\/de-middel.com\/es\/wp-json\/wp\/v2\/product_tag?post=2768"}],"curies":[{"name":"wp","href":"https:\/\/api.w.org\/{rel}","templated":true}]}}