{"id":2774,"date":"2025-12-19T12:42:53","date_gmt":"2025-12-19T12:42:53","guid":{"rendered":"https:\/\/de-middel.com\/product\/modelo-ls-120-de-los-anos-60\/"},"modified":"2025-12-19T12:42:53","modified_gmt":"2025-12-19T12:42:53","slug":"modelo-ls-120-de-los-anos-60","status":"publish","type":"product","link":"https:\/\/de-middel.com\/es\/producto\/modelo-ls-120-de-los-anos-60\/","title":{"rendered":"MODELO \u00abLS-120\u00bb DE LOS A\u00d1OS 60"},"content":{"rendered":"<p>Una hermosa y rara l\u00e1mpara colgante Mid-Century Modern, la l\u00e1mpara de ara\u00f1a LS-120, dise\u00f1ada por Carlo Nason para Mazzega en Murano, Italia, alrededor de 1960. Esta es la versi\u00f3n grande apilada de cuatro piezas del dise\u00f1o (a diferencia de la versi\u00f3n m\u00e1s peque\u00f1a de tres niveles). Est\u00e1 hecha de vidrio Pulegoso grueso y texturizado, conocido por su textura opaca debido a las burbujas de aire internas controladas.  <\/p>\n","protected":false},"excerpt":{"rendered":"<p>Una hermosa y rara l\u00e1mpara colgante Mid-Century Modern, la l\u00e1mpara de ara\u00f1a LS-120, dise\u00f1ada por Carlo Nason para Mazzega en Murano, Italia, alrededor de 1960. Esta es la versi\u00f3n grande apilada de cuatro piezas del dise\u00f1o (a diferencia de la versi\u00f3n m\u00e1s peque\u00f1a de tres niveles). Est\u00e1 hecha de vidrio Pulegoso grueso y texturizado, conocido por su textura opaca debido a las burbujas de aire internas controladas.  <\/p>\n","protected":false},"featured_media":633,"template":"","meta":{"_acf_changed":false},"product_brand":[122],"product_cat":[331,327,332],"product_tag":[],"class_list":{"0":"post-2774","1":"product","2":"type-product","3":"status-publish","4":"has-post-thumbnail","6":"product_brand-carlo-nason","7":"product_cat-iluminacion","8":"product_cat-interior","9":"product_cat-lamparas-de-techo","10":"pa_collection-artes-decorativas","11":"pa_color-blanco","13":"first","14":"instock","15":"shipping-taxable","16":"purchasable","17":"product-type-simple"},"acf":[],"aioseo_notices":[],"_links":{"self":[{"href":"https:\/\/de-middel.com\/es\/wp-json\/wp\/v2\/product\/2774","targetHints":{"allow":["GET"]}}],"collection":[{"href":"https:\/\/de-middel.com\/es\/wp-json\/wp\/v2\/product"}],"about":[{"href":"https:\/\/de-middel.com\/es\/wp-json\/wp\/v2\/types\/product"}],"wp:featuredmedia":[{"embeddable":true,"href":"https:\/\/de-middel.com\/es\/wp-json\/wp\/v2\/media\/633"}],"wp:attachment":[{"href":"https:\/\/de-middel.com\/es\/wp-json\/wp\/v2\/media?parent=2774"}],"wp:term":[{"taxonomy":"product_brand","embeddable":true,"href":"https:\/\/de-middel.com\/es\/wp-json\/wp\/v2\/product_brand?post=2774"},{"taxonomy":"product_cat","embeddable":true,"href":"https:\/\/de-middel.com\/es\/wp-json\/wp\/v2\/product_cat?post=2774"},{"taxonomy":"product_tag","embeddable":true,"href":"https:\/\/de-middel.com\/es\/wp-json\/wp\/v2\/product_tag?post=2774"}],"curies":[{"name":"wp","href":"https:\/\/api.w.org\/{rel}","templated":true}]}}