{"id":2903,"date":"2025-12-19T11:05:52","date_gmt":"2025-12-19T11:05:52","guid":{"rendered":"https:\/\/de-middel.com\/product\/la-iconica-lampara-de-mesa-boule\/"},"modified":"2025-12-19T11:05:52","modified_gmt":"2025-12-19T11:05:52","slug":"la-iconica-lampara-de-mesa-boule","status":"publish","type":"product","link":"https:\/\/de-middel.com\/es\/producto\/la-iconica-lampara-de-mesa-boule\/","title":{"rendered":"La ic\u00f3nica l\u00e1mpara de mesa Boule"},"content":{"rendered":"<p>L\u00e1mpara de escritorio modelo \u00abboule\u00bb o \u00abmobile\u00bb de F\u00e9lix AUBLET (1903-1978) en metal, la base de bola circulando en una base de garra, la pantalla ajustable, sin marca de edici\u00f3n, altura 42 cm, da\u00f1os, abolladuras y pintura descascarillada en la pantalla <\/p>\n","protected":false},"excerpt":{"rendered":"<p>L\u00e1mpara de escritorio modelo \u00abboule\u00bb o \u00abmobile\u00bb de F\u00e9lix AUBLET (1903-1978) en metal, la base de bola circulando en una base de garra, la pantalla ajustable, sin marca de edici\u00f3n, altura 42 cm, da\u00f1os, abolladuras y pintura descascarillada en la pantalla <\/p>\n","protected":false},"featured_media":609,"template":"","meta":{"_acf_changed":false},"product_brand":[101],"product_cat":[331,327,382],"product_tag":[],"class_list":{"0":"post-2903","1":"product","2":"type-product","3":"status-publish","4":"has-post-thumbnail","6":"product_brand-felix-aublet","7":"product_cat-iluminacion","8":"product_cat-interior","9":"product_cat-lamparas-de-mesa","10":"pa_collection-artes-decorativas","11":"pa_color-plateado","13":"first","14":"instock","15":"shipping-taxable","16":"purchasable","17":"product-type-simple"},"acf":[],"aioseo_notices":[],"_links":{"self":[{"href":"https:\/\/de-middel.com\/es\/wp-json\/wp\/v2\/product\/2903","targetHints":{"allow":["GET"]}}],"collection":[{"href":"https:\/\/de-middel.com\/es\/wp-json\/wp\/v2\/product"}],"about":[{"href":"https:\/\/de-middel.com\/es\/wp-json\/wp\/v2\/types\/product"}],"wp:featuredmedia":[{"embeddable":true,"href":"https:\/\/de-middel.com\/es\/wp-json\/wp\/v2\/media\/609"}],"wp:attachment":[{"href":"https:\/\/de-middel.com\/es\/wp-json\/wp\/v2\/media?parent=2903"}],"wp:term":[{"taxonomy":"product_brand","embeddable":true,"href":"https:\/\/de-middel.com\/es\/wp-json\/wp\/v2\/product_brand?post=2903"},{"taxonomy":"product_cat","embeddable":true,"href":"https:\/\/de-middel.com\/es\/wp-json\/wp\/v2\/product_cat?post=2903"},{"taxonomy":"product_tag","embeddable":true,"href":"https:\/\/de-middel.com\/es\/wp-json\/wp\/v2\/product_tag?post=2903"}],"curies":[{"name":"wp","href":"https:\/\/api.w.org\/{rel}","templated":true}]}}