{"id":2910,"date":"2025-12-19T10:56:13","date_gmt":"2025-12-19T10:56:13","guid":{"rendered":"https:\/\/de-middel.com\/product\/jarron-art-deco-de-cristal-tallado\/"},"modified":"2025-12-19T10:56:13","modified_gmt":"2025-12-19T10:56:13","slug":"jarron-art-deco-de-cristal-tallado","status":"publish","type":"product","link":"https:\/\/de-middel.com\/es\/producto\/jarron-art-deco-de-cristal-tallado\/","title":{"rendered":"Jarr\u00f3n Art D\u00e9co de cristal tallado"},"content":{"rendered":"<p>Un impresionante y aut\u00e9ntico jarr\u00f3n Art D\u00e9co de la prestigiosa casa de cristal Val Saint Lambert. La pieza est\u00e1 realizada en una distintiva combinaci\u00f3n de cristal tallado verde e incoloro, que presenta la geometr\u00eda n\u00edtida, las facetas audaces y los tonos contrastantes emblem\u00e1ticos del estilo Art D\u00e9co cl\u00e1sico. El jarr\u00f3n tambi\u00e9n est\u00e1 firmado, lo que confirma su procedencia.<\/p>\n","protected":false},"excerpt":{"rendered":"<p>Un impresionante y aut\u00e9ntico jarr\u00f3n Art D\u00e9co de la prestigiosa casa de cristal Val Saint Lambert. La pieza est\u00e1 realizada en una distintiva combinaci\u00f3n de cristal tallado verde e incoloro, que presenta la geometr\u00eda n\u00edtida, las facetas audaces y los tonos contrastantes emblem\u00e1ticos del estilo Art D\u00e9co cl\u00e1sico. El jarr\u00f3n tambi\u00e9n est\u00e1 firmado, lo que confirma su procedencia.<\/p>\n","protected":false},"featured_media":604,"template":"","meta":{"_acf_changed":false},"product_brand":[93],"product_cat":[327,351,353],"product_tag":[],"class_list":{"0":"post-2910","1":"product","2":"type-product","3":"status-publish","4":"has-post-thumbnail","6":"product_brand-val-saint-lambert","7":"product_cat-interior","8":"product_cat-objets-dart","9":"product_cat-vidrio-y-cristal","10":"pa_collection-bellas-artes","11":"pa_color-verde","13":"first","14":"instock","15":"shipping-taxable","16":"purchasable","17":"product-type-simple"},"acf":[],"aioseo_notices":[],"_links":{"self":[{"href":"https:\/\/de-middel.com\/es\/wp-json\/wp\/v2\/product\/2910","targetHints":{"allow":["GET"]}}],"collection":[{"href":"https:\/\/de-middel.com\/es\/wp-json\/wp\/v2\/product"}],"about":[{"href":"https:\/\/de-middel.com\/es\/wp-json\/wp\/v2\/types\/product"}],"wp:featuredmedia":[{"embeddable":true,"href":"https:\/\/de-middel.com\/es\/wp-json\/wp\/v2\/media\/604"}],"wp:attachment":[{"href":"https:\/\/de-middel.com\/es\/wp-json\/wp\/v2\/media?parent=2910"}],"wp:term":[{"taxonomy":"product_brand","embeddable":true,"href":"https:\/\/de-middel.com\/es\/wp-json\/wp\/v2\/product_brand?post=2910"},{"taxonomy":"product_cat","embeddable":true,"href":"https:\/\/de-middel.com\/es\/wp-json\/wp\/v2\/product_cat?post=2910"},{"taxonomy":"product_tag","embeddable":true,"href":"https:\/\/de-middel.com\/es\/wp-json\/wp\/v2\/product_tag?post=2910"}],"curies":[{"name":"wp","href":"https:\/\/api.w.org\/{rel}","templated":true}]}}