{"id":2939,"date":"2025-12-19T10:51:49","date_gmt":"2025-12-19T10:51:49","guid":{"rendered":"https:\/\/de-middel.com\/product\/val-st-lambert-pique-fleurs\/"},"modified":"2025-12-19T10:51:49","modified_gmt":"2025-12-19T10:51:49","slug":"val-st-lambert-pique-fleurs","status":"publish","type":"product","link":"https:\/\/de-middel.com\/es\/producto\/val-st-lambert-pique-fleurs\/","title":{"rendered":"Val St Lambert Pique-Fleurs"},"content":{"rendered":"<p>Un pique-fleurs (o flower frog) grande y elegante dise\u00f1ado por Charles Graffart para la c\u00e9lebre casa de cristal Val Saint Lambert. La pieza presenta un dise\u00f1o de cristal muy decorativo y profundamente tallado en una llamativa combinaci\u00f3n de vidrio p\u00farpura y transparente. El trabajo de dise\u00f1o de Graffart ayud\u00f3 a definir la est\u00e9tica del fabricante a mediados del siglo XX.  <\/p>\n","protected":false},"excerpt":{"rendered":"<p>Un pique-fleurs (o flower frog) grande y elegante dise\u00f1ado por Charles Graffart para la c\u00e9lebre casa de cristal Val Saint Lambert. La pieza presenta un dise\u00f1o de cristal muy decorativo y profundamente tallado en una llamativa combinaci\u00f3n de vidrio p\u00farpura y transparente. El trabajo de dise\u00f1o de Graffart ayud\u00f3 a definir la est\u00e9tica del fabricante a mediados del siglo XX.  <\/p>\n","protected":false},"featured_media":602,"template":"","meta":{"_acf_changed":false},"product_brand":[],"product_cat":[327,351,353],"product_tag":[],"class_list":{"0":"post-2939","1":"product","2":"type-product","3":"status-publish","4":"has-post-thumbnail","6":"product_cat-interior","7":"product_cat-objets-dart","8":"product_cat-vidrio-y-cristal","9":"pa_collection-artes-decorativas","10":"pa_color-rosa","12":"first","13":"instock","14":"shipping-taxable","15":"purchasable","16":"product-type-simple"},"acf":[],"aioseo_notices":[],"_links":{"self":[{"href":"https:\/\/de-middel.com\/es\/wp-json\/wp\/v2\/product\/2939","targetHints":{"allow":["GET"]}}],"collection":[{"href":"https:\/\/de-middel.com\/es\/wp-json\/wp\/v2\/product"}],"about":[{"href":"https:\/\/de-middel.com\/es\/wp-json\/wp\/v2\/types\/product"}],"wp:featuredmedia":[{"embeddable":true,"href":"https:\/\/de-middel.com\/es\/wp-json\/wp\/v2\/media\/602"}],"wp:attachment":[{"href":"https:\/\/de-middel.com\/es\/wp-json\/wp\/v2\/media?parent=2939"}],"wp:term":[{"taxonomy":"product_brand","embeddable":true,"href":"https:\/\/de-middel.com\/es\/wp-json\/wp\/v2\/product_brand?post=2939"},{"taxonomy":"product_cat","embeddable":true,"href":"https:\/\/de-middel.com\/es\/wp-json\/wp\/v2\/product_cat?post=2939"},{"taxonomy":"product_tag","embeddable":true,"href":"https:\/\/de-middel.com\/es\/wp-json\/wp\/v2\/product_tag?post=2939"}],"curies":[{"name":"wp","href":"https:\/\/api.w.org\/{rel}","templated":true}]}}