{"id":3030,"date":"2025-12-19T13:18:23","date_gmt":"2025-12-19T13:18:23","guid":{"rendered":"https:\/\/de-middel.com\/product\/alfabeto-para-adultos\/"},"modified":"2025-12-19T13:18:23","modified_gmt":"2025-12-19T13:18:23","slug":"alfabeto-para-adultos","status":"publish","type":"product","link":"https:\/\/de-middel.com\/es\/producto\/alfabeto-para-adultos\/","title":{"rendered":"Alfabeto para adultos"},"content":{"rendered":"<p>Rar\u00edsimo ejemplar de edici\u00f3n limitada del Alfabeto para adultos de MAN RAY, publicado por Copley Galleries, Beverly Hills, diciembre de 1948. Esta edici\u00f3n est\u00e1 limitada a 500 ejemplares. El libro (en formato cuarto, 29 x 22,5 cm) contiene la famosa versi\u00f3n surrealista del alfabeto de Man Ray.  <\/p>\n","protected":false},"excerpt":{"rendered":"<p>Rar\u00edsimo ejemplar de edici\u00f3n limitada del Alfabeto para adultos de MAN RAY, publicado por Copley Galleries, Beverly Hills, diciembre de 1948. Esta edici\u00f3n est\u00e1 limitada a 500 ejemplares. El libro (en formato cuarto, 29 x 22,5 cm) contiene la famosa versi\u00f3n surrealista del alfabeto de Man Ray.  <\/p>\n","protected":false},"featured_media":652,"template":"","meta":{"_acf_changed":false},"product_brand":[140],"product_cat":[400],"product_tag":[],"class_list":{"0":"post-3030","1":"product","2":"type-product","3":"status-publish","4":"has-post-thumbnail","6":"product_brand-man-ray","7":"product_cat-tintas-con-alma","8":"pa_collection-bellas-artes","9":"pa_color-blanco","10":"pa_color-negro","12":"first","13":"instock","14":"shipping-taxable","15":"purchasable","16":"product-type-simple"},"acf":[],"aioseo_notices":[],"_links":{"self":[{"href":"https:\/\/de-middel.com\/es\/wp-json\/wp\/v2\/product\/3030","targetHints":{"allow":["GET"]}}],"collection":[{"href":"https:\/\/de-middel.com\/es\/wp-json\/wp\/v2\/product"}],"about":[{"href":"https:\/\/de-middel.com\/es\/wp-json\/wp\/v2\/types\/product"}],"wp:featuredmedia":[{"embeddable":true,"href":"https:\/\/de-middel.com\/es\/wp-json\/wp\/v2\/media\/652"}],"wp:attachment":[{"href":"https:\/\/de-middel.com\/es\/wp-json\/wp\/v2\/media?parent=3030"}],"wp:term":[{"taxonomy":"product_brand","embeddable":true,"href":"https:\/\/de-middel.com\/es\/wp-json\/wp\/v2\/product_brand?post=3030"},{"taxonomy":"product_cat","embeddable":true,"href":"https:\/\/de-middel.com\/es\/wp-json\/wp\/v2\/product_cat?post=3030"},{"taxonomy":"product_tag","embeddable":true,"href":"https:\/\/de-middel.com\/es\/wp-json\/wp\/v2\/product_tag?post=3030"}],"curies":[{"name":"wp","href":"https:\/\/api.w.org\/{rel}","templated":true}]}}