{"id":3042,"date":"2025-12-19T13:00:05","date_gmt":"2025-12-19T13:00:05","guid":{"rendered":"https:\/\/de-middel.com\/product\/somier-roma-pintado-a-mano\/"},"modified":"2025-12-19T13:00:05","modified_gmt":"2025-12-19T13:00:05","slug":"somier-roma-pintado-a-mano","status":"publish","type":"product","link":"https:\/\/de-middel.com\/es\/producto\/somier-roma-pintado-a-mano\/","title":{"rendered":"Somier Roma Pintado a Mano"},"content":{"rendered":"<p>Un espectacular marco de cama Roma de cuatro postes de Porte Italia Interiors Srl, fabricado a mano en Italia. El marco presenta elegantes postes con remates y est\u00e1 acabado en Argento (efecto de hoja de plata), aplicado con t\u00e9cnicas venecianas tradicionales del siglo XVIII. Esta pieza personalizable combina una elegancia rom\u00e1ntica y atemporal con una caprichosa est\u00e9tica pintada a mano. (Consulta la muestra de color de la imagen para ver el acabado Argento).   <\/p>\n","protected":false},"excerpt":{"rendered":"<p>Un espectacular marco de cama Roma de cuatro postes de Porte Italia Interiors Srl, fabricado a mano en Italia. El marco presenta elegantes postes con remates y est\u00e1 acabado en Argento (efecto de hoja de plata), aplicado con t\u00e9cnicas venecianas tradicionales del siglo XVIII. Esta pieza personalizable combina una elegancia rom\u00e1ntica y atemporal con una caprichosa est\u00e9tica pintada a mano. (Consulta la muestra de color de la imagen para ver el acabado Argento). Es la m\u00e1xima expresi\u00f3n del lujo, que transforma un dormitorio en un santuario personal. El uso de antiguas t\u00e9cnicas venecianas en un mueble tan imponente lo eleva m\u00e1s all\u00e1 de la mera utilidad y lo convierte en un elemento arquitect\u00f3nico de pura alegr\u00eda decorativa. Lo consideramos una pieza fundamental para instalar una narrativa de caprichosa elegancia y perdurable artesan\u00eda italiana.Fabricante: Porte Italia Interiors Srl Modelo: Somier Roma (RC.23119) Estilo: Veneciano del siglo XVIII Pintado a mano Acabado: Argento (Efecto pan de plata) Dimensiones (Alto x Ancho x Fondo): 248 cm x 182 cm x 233 cm Estado: Nuevo \/ Excelente (Seg\u00fan fuente original)PORTE ITALIA: Marco de cama Roma (Acabado Bamb\u00fa)Porte Italia Interiors Srl, Estilo caprichoso \/ ChinoiserieCama Roma Bamb\u00fa pintada a mano de Porte Italia, en blanco con detalles en verde manzana y mariposas.Una caprichosa cama con dosel de Porte Italia, denominada Cama Roma Bamb\u00fa. El marco est\u00e1 pintado a mano en blanco con un motivo de bamb\u00fa verde manzana, delicados helechos y mariposas. Esta pieza personalizable combina el romanticismo con la elegancia atemporal y est\u00e1 dise\u00f1ada para aportar alegr\u00eda a cualquier dormitorio.<\/p>\n","protected":false},"featured_media":3043,"template":"","meta":{"_acf_changed":false},"product_brand":[128],"product_cat":[407,327,412,408],"product_tag":[],"class_list":{"0":"post-3042","1":"product","2":"type-product","3":"status-publish","4":"has-post-thumbnail","6":"product_brand-porte-italia","7":"product_cat-camas","8":"product_cat-interior","9":"product_cat-otras-categorias-de-muuebles","10":"product_cat-otros-muebles-y-accesorios","11":"pa_collection-artes-decorativas","12":"pa_color-blanco","14":"first","15":"instock","16":"shipping-taxable","17":"purchasable","18":"product-type-simple"},"acf":[],"aioseo_notices":[],"_links":{"self":[{"href":"https:\/\/de-middel.com\/es\/wp-json\/wp\/v2\/product\/3042","targetHints":{"allow":["GET"]}}],"collection":[{"href":"https:\/\/de-middel.com\/es\/wp-json\/wp\/v2\/product"}],"about":[{"href":"https:\/\/de-middel.com\/es\/wp-json\/wp\/v2\/types\/product"}],"wp:featuredmedia":[{"embeddable":true,"href":"https:\/\/de-middel.com\/es\/wp-json\/wp\/v2\/media\/3043"}],"wp:attachment":[{"href":"https:\/\/de-middel.com\/es\/wp-json\/wp\/v2\/media?parent=3042"}],"wp:term":[{"taxonomy":"product_brand","embeddable":true,"href":"https:\/\/de-middel.com\/es\/wp-json\/wp\/v2\/product_brand?post=3042"},{"taxonomy":"product_cat","embeddable":true,"href":"https:\/\/de-middel.com\/es\/wp-json\/wp\/v2\/product_cat?post=3042"},{"taxonomy":"product_tag","embeddable":true,"href":"https:\/\/de-middel.com\/es\/wp-json\/wp\/v2\/product_tag?post=3042"}],"curies":[{"name":"wp","href":"https:\/\/api.w.org\/{rel}","templated":true}]}}