{"id":3048,"date":"2025-12-19T13:07:17","date_gmt":"2025-12-19T13:07:17","guid":{"rendered":"https:\/\/de-middel.com\/product\/comoda-inglesa-de-estilo-georgiano\/"},"modified":"2025-12-19T13:07:17","modified_gmt":"2025-12-19T13:07:17","slug":"comoda-inglesa-de-estilo-georgiano","status":"publish","type":"product","link":"https:\/\/de-middel.com\/es\/producto\/comoda-inglesa-de-estilo-georgiano\/","title":{"rendered":"C\u00f3moda inglesa de estilo georgiano"},"content":{"rendered":"<p>C\u00f3moda de caoba de tres cajones con arcos, finamente elaborada. La pieza presenta elegantes detalles de marqueter\u00eda incrustada en toda su fachada, mostrando la ebanister\u00eda cl\u00e1sica inglesa. Esta c\u00f3moda, funcional y hermosa a la vez, ofrece un gran espacio de almacenamiento y conserva un elegante perfil curvo.  <\/p>\n","protected":false},"excerpt":{"rendered":"<p>C\u00f3moda de caoba de tres cajones con arcos, finamente elaborada. La pieza presenta elegantes detalles de marqueter\u00eda incrustada en toda su fachada, mostrando la ebanister\u00eda cl\u00e1sica inglesa. Esta c\u00f3moda, funcional y hermosa a la vez, ofrece un gran espacio de almacenamiento y conserva un elegante perfil curvo.  <\/p>\n","protected":false},"featured_media":648,"template":"","meta":{"_acf_changed":false},"product_brand":[134],"product_cat":[327,412,408,413],"product_tag":[],"class_list":{"0":"post-3048","1":"product","2":"type-product","3":"status-publish","4":"has-post-thumbnail","6":"product_brand-margareth-thatcher-provenance","7":"product_cat-interior","8":"product_cat-otras-categorias-de-muuebles","9":"product_cat-otros-muebles-y-accesorios","10":"product_cat-utilidades-y-servicios","11":"pa_collection-artes-decorativas","12":"pa_color-marron","14":"first","15":"instock","16":"shipping-taxable","17":"purchasable","18":"product-type-simple"},"acf":[],"aioseo_notices":[],"_links":{"self":[{"href":"https:\/\/de-middel.com\/es\/wp-json\/wp\/v2\/product\/3048","targetHints":{"allow":["GET"]}}],"collection":[{"href":"https:\/\/de-middel.com\/es\/wp-json\/wp\/v2\/product"}],"about":[{"href":"https:\/\/de-middel.com\/es\/wp-json\/wp\/v2\/types\/product"}],"wp:featuredmedia":[{"embeddable":true,"href":"https:\/\/de-middel.com\/es\/wp-json\/wp\/v2\/media\/648"}],"wp:attachment":[{"href":"https:\/\/de-middel.com\/es\/wp-json\/wp\/v2\/media?parent=3048"}],"wp:term":[{"taxonomy":"product_brand","embeddable":true,"href":"https:\/\/de-middel.com\/es\/wp-json\/wp\/v2\/product_brand?post=3048"},{"taxonomy":"product_cat","embeddable":true,"href":"https:\/\/de-middel.com\/es\/wp-json\/wp\/v2\/product_cat?post=3048"},{"taxonomy":"product_tag","embeddable":true,"href":"https:\/\/de-middel.com\/es\/wp-json\/wp\/v2\/product_tag?post=3048"}],"curies":[{"name":"wp","href":"https:\/\/api.w.org\/{rel}","templated":true}]}}