{"id":3052,"date":"2025-12-27T17:44:48","date_gmt":"2025-12-27T17:44:48","guid":{"rendered":"https:\/\/de-middel.com\/product\/chanel-chaqueta-de-piel-arrugada-indigo\/"},"modified":"2025-12-27T17:44:48","modified_gmt":"2025-12-27T17:44:48","slug":"chanel-chaqueta-de-piel-arrugada-indigo","status":"publish","type":"product","link":"https:\/\/de-middel.com\/es\/producto\/chanel-chaqueta-de-piel-arrugada-indigo\/","title":{"rendered":"Chanel Chaqueta de piel arrugada \u00edndigo"},"content":{"rendered":"<p>Una chaqueta Chanel contempor\u00e1nea confeccionada en piel te\u00f1ida en a\u00f1il oscuro con un acabado deliberadamente arrugado. El dise\u00f1o presenta un cuello estructurado, herrajes plateados y detalles del logotipo de la firma. La superficie t\u00e1ctil aporta un toque mate e industrial a la silueta cl\u00e1sica de la casa, acabada con un corte entallado y un forro de mezcla de seda de primera calidad.  <\/p>\n","protected":false},"excerpt":{"rendered":"<p>Una chaqueta Chanel contempor\u00e1nea confeccionada en piel te\u00f1ida en a\u00f1il oscuro con un acabado deliberadamente arrugado. El dise\u00f1o presenta un cuello estructurado, herrajes plateados y detalles del logotipo de la firma. La superficie t\u00e1ctil aporta un toque mate e industrial a la silueta cl\u00e1sica de la casa, acabada con un corte entallado y un forro de mezcla de seda de primera calidad.  <\/p>\n","protected":false},"featured_media":1492,"template":"","meta":{"_acf_changed":false},"product_brand":[147],"product_cat":[365,414,415],"product_tag":[],"class_list":{"0":"post-3052","1":"product","2":"type-product","3":"status-publish","4":"has-post-thumbnail","6":"product_brand-chanel","7":"product_cat-moda","8":"product_cat-pret-a-porter","9":"product_cat-ropa-de-abrigo-y-chaquetas","10":"pa_color-negro","12":"first","13":"instock","14":"shipping-taxable","15":"purchasable","16":"product-type-simple"},"acf":[],"aioseo_notices":[],"_links":{"self":[{"href":"https:\/\/de-middel.com\/es\/wp-json\/wp\/v2\/product\/3052","targetHints":{"allow":["GET"]}}],"collection":[{"href":"https:\/\/de-middel.com\/es\/wp-json\/wp\/v2\/product"}],"about":[{"href":"https:\/\/de-middel.com\/es\/wp-json\/wp\/v2\/types\/product"}],"wp:featuredmedia":[{"embeddable":true,"href":"https:\/\/de-middel.com\/es\/wp-json\/wp\/v2\/media\/1492"}],"wp:attachment":[{"href":"https:\/\/de-middel.com\/es\/wp-json\/wp\/v2\/media?parent=3052"}],"wp:term":[{"taxonomy":"product_brand","embeddable":true,"href":"https:\/\/de-middel.com\/es\/wp-json\/wp\/v2\/product_brand?post=3052"},{"taxonomy":"product_cat","embeddable":true,"href":"https:\/\/de-middel.com\/es\/wp-json\/wp\/v2\/product_cat?post=3052"},{"taxonomy":"product_tag","embeddable":true,"href":"https:\/\/de-middel.com\/es\/wp-json\/wp\/v2\/product_tag?post=3052"}],"curies":[{"name":"wp","href":"https:\/\/api.w.org\/{rel}","templated":true}]}}