{"id":3076,"date":"2025-12-27T15:34:41","date_gmt":"2025-12-27T15:34:41","guid":{"rendered":"https:\/\/de-middel.com\/product\/media-luna-morada\/"},"modified":"2025-12-27T15:34:41","modified_gmt":"2025-12-27T15:34:41","slug":"media-luna-morada","status":"publish","type":"product","link":"https:\/\/de-middel.com\/es\/producto\/media-luna-morada\/","title":{"rendered":"Media luna morada"},"content":{"rendered":"<p>La Cartera Chanel Media Luna con Cadena (WOC) est\u00e1 confeccionada en resistente piel de caviar, con una exclusiva base plisada que permite que el bolso se expanda en una silueta semicircular de \u00abmedia luna\u00bb. Se adorna con un discreto logotipo CC plateado y una larga correa de eslabones de cadena caracter\u00edstica de la marca. El interior est\u00e1 forrado en tejido tonal con m\u00faltiples ranuras para tarjetas y un compartimento con cremallera.  <\/p>\n","protected":false},"excerpt":{"rendered":"<p>La Cartera Chanel Media Luna con Cadena (WOC) est\u00e1 confeccionada en resistente piel de caviar, con una exclusiva base plisada que permite que el bolso se expanda en una silueta semicircular de \u00abmedia luna\u00bb. Se adorna con un discreto logotipo CC plateado y una larga correa de eslabones de cadena caracter\u00edstica de la marca. El interior est\u00e1 forrado en tejido tonal con m\u00faltiples ranuras para tarjetas y un compartimento con cremallera.  <\/p>\n","protected":false},"featured_media":1478,"template":"","meta":{"_acf_changed":false},"product_brand":[147],"product_cat":[367,366,365],"product_tag":[],"class_list":{"0":"post-3076","1":"product","2":"type-product","3":"status-publish","4":"has-post-thumbnail","6":"product_brand-chanel","7":"product_cat-bolsos-de-mano-y-tote-bags","8":"product_cat-bolsos-y-equipaje","9":"product_cat-moda","10":"pa_color-morado","12":"first","13":"instock","14":"shipping-taxable","15":"purchasable","16":"product-type-simple"},"acf":[],"aioseo_notices":[],"_links":{"self":[{"href":"https:\/\/de-middel.com\/es\/wp-json\/wp\/v2\/product\/3076","targetHints":{"allow":["GET"]}}],"collection":[{"href":"https:\/\/de-middel.com\/es\/wp-json\/wp\/v2\/product"}],"about":[{"href":"https:\/\/de-middel.com\/es\/wp-json\/wp\/v2\/types\/product"}],"wp:featuredmedia":[{"embeddable":true,"href":"https:\/\/de-middel.com\/es\/wp-json\/wp\/v2\/media\/1478"}],"wp:attachment":[{"href":"https:\/\/de-middel.com\/es\/wp-json\/wp\/v2\/media?parent=3076"}],"wp:term":[{"taxonomy":"product_brand","embeddable":true,"href":"https:\/\/de-middel.com\/es\/wp-json\/wp\/v2\/product_brand?post=3076"},{"taxonomy":"product_cat","embeddable":true,"href":"https:\/\/de-middel.com\/es\/wp-json\/wp\/v2\/product_cat?post=3076"},{"taxonomy":"product_tag","embeddable":true,"href":"https:\/\/de-middel.com\/es\/wp-json\/wp\/v2\/product_tag?post=3076"}],"curies":[{"name":"wp","href":"https:\/\/api.w.org\/{rel}","templated":true}]}}