{"id":3077,"date":"2025-12-27T16:06:35","date_gmt":"2025-12-27T16:06:35","guid":{"rendered":"https:\/\/de-middel.com\/product\/elegante-sautoir\/"},"modified":"2025-12-27T16:06:35","modified_gmt":"2025-12-27T16:06:35","slug":"elegante-sautoir","status":"publish","type":"product","link":"https:\/\/de-middel.com\/es\/producto\/elegante-sautoir\/","title":{"rendered":"Elegante sautoir."},"content":{"rendered":"<p>Un collar sautoir vintage de Chanel de 1981 con una r\u00edtmica disposici\u00f3n de perlas de imitaci\u00f3n, cristales azules chicklet y detalles de cristal de Swarovski transparente. Engarzado en metal dorado pulido, esta pieza de 77 cm de largo encarna la elegancia atrevida y multitextura de las colecciones de bisuter\u00eda de Chanel de principios de los 80. <\/p>\n","protected":false},"excerpt":{"rendered":"<p>Un collar sautoir vintage de Chanel de 1981 con una r\u00edtmica disposici\u00f3n de perlas de imitaci\u00f3n, cristales azules chicklet y detalles de cristal de Swarovski transparente. Engarzado en metal dorado pulido, esta pieza de 77 cm de largo encarna la elegancia atrevida y multitextura de las colecciones de bisuter\u00eda de Chanel de principios de los 80. <\/p>\n","protected":false},"featured_media":1486,"template":"","meta":{"_acf_changed":false},"product_brand":[147],"product_cat":[423,422,365],"product_tag":[],"class_list":{"0":"post-3077","1":"product","2":"type-product","3":"status-publish","4":"has-post-thumbnail","6":"product_brand-chanel","7":"product_cat-iconicos-chanel","8":"product_cat-joyeria","9":"product_cat-moda","10":"pa_color-amarillo","11":"pa_color-azul","12":"pa_color-blanco","14":"first","15":"instock","16":"shipping-taxable","17":"purchasable","18":"product-type-simple"},"acf":[],"aioseo_notices":[],"_links":{"self":[{"href":"https:\/\/de-middel.com\/es\/wp-json\/wp\/v2\/product\/3077","targetHints":{"allow":["GET"]}}],"collection":[{"href":"https:\/\/de-middel.com\/es\/wp-json\/wp\/v2\/product"}],"about":[{"href":"https:\/\/de-middel.com\/es\/wp-json\/wp\/v2\/types\/product"}],"wp:featuredmedia":[{"embeddable":true,"href":"https:\/\/de-middel.com\/es\/wp-json\/wp\/v2\/media\/1486"}],"wp:attachment":[{"href":"https:\/\/de-middel.com\/es\/wp-json\/wp\/v2\/media?parent=3077"}],"wp:term":[{"taxonomy":"product_brand","embeddable":true,"href":"https:\/\/de-middel.com\/es\/wp-json\/wp\/v2\/product_brand?post=3077"},{"taxonomy":"product_cat","embeddable":true,"href":"https:\/\/de-middel.com\/es\/wp-json\/wp\/v2\/product_cat?post=3077"},{"taxonomy":"product_tag","embeddable":true,"href":"https:\/\/de-middel.com\/es\/wp-json\/wp\/v2\/product_tag?post=3077"}],"curies":[{"name":"wp","href":"https:\/\/api.w.org\/{rel}","templated":true}]}}