{"id":3086,"date":"2025-12-19T13:33:26","date_gmt":"2025-12-19T13:33:26","guid":{"rendered":"https:\/\/de-middel.com\/product\/trenca-beige-irisado-con-cuello-de-vison\/"},"modified":"2025-12-19T13:33:26","modified_gmt":"2025-12-19T13:33:26","slug":"trenca-beige-irisado-con-cuello-de-vison","status":"publish","type":"product","link":"https:\/\/de-middel.com\/es\/producto\/trenca-beige-irisado-con-cuello-de-vison\/","title":{"rendered":"Trenca beige irisado con cuello de vis\u00f3n"},"content":{"rendered":"<p>Una elegante gabardina de doble botonadura de Lanvin. El abrigo est\u00e1 confeccionado en un tejido de poli\u00e9ster beige iridiscente e incorpora un lujoso cuello desmontable confeccionado en piel de vis\u00f3n claro. El dise\u00f1o incluye doble botonadura frontal y dos bolsillos laterales, combinando la estructura cl\u00e1sica de una prenda de abrigo con detalles de alta costura.  <\/p>\n","protected":false},"excerpt":{"rendered":"<p>Una elegante gabardina de doble botonadura de Lanvin. El abrigo est\u00e1 confeccionado en un tejido de poli\u00e9ster beige iridiscente e incorpora un lujoso cuello desmontable confeccionado en piel de vis\u00f3n claro. El dise\u00f1o incluye doble botonadura frontal y dos bolsillos laterales, combinando la estructura cl\u00e1sica de una prenda de abrigo con detalles de alta costura.  <\/p>\n","protected":false},"featured_media":673,"template":"","meta":{"_acf_changed":false},"product_brand":[286],"product_cat":[365,414,415],"product_tag":[],"class_list":{"0":"post-3086","1":"product","2":"type-product","3":"status-publish","4":"has-post-thumbnail","6":"product_brand-lanvin","7":"product_cat-moda","8":"product_cat-pret-a-porter","9":"product_cat-ropa-de-abrigo-y-chaquetas","10":"pa_collection-moda","11":"pa_color-marron","13":"first","14":"instock","15":"shipping-taxable","16":"purchasable","17":"product-type-simple"},"acf":[],"aioseo_notices":[],"_links":{"self":[{"href":"https:\/\/de-middel.com\/es\/wp-json\/wp\/v2\/product\/3086","targetHints":{"allow":["GET"]}}],"collection":[{"href":"https:\/\/de-middel.com\/es\/wp-json\/wp\/v2\/product"}],"about":[{"href":"https:\/\/de-middel.com\/es\/wp-json\/wp\/v2\/types\/product"}],"wp:featuredmedia":[{"embeddable":true,"href":"https:\/\/de-middel.com\/es\/wp-json\/wp\/v2\/media\/673"}],"wp:attachment":[{"href":"https:\/\/de-middel.com\/es\/wp-json\/wp\/v2\/media?parent=3086"}],"wp:term":[{"taxonomy":"product_brand","embeddable":true,"href":"https:\/\/de-middel.com\/es\/wp-json\/wp\/v2\/product_brand?post=3086"},{"taxonomy":"product_cat","embeddable":true,"href":"https:\/\/de-middel.com\/es\/wp-json\/wp\/v2\/product_cat?post=3086"},{"taxonomy":"product_tag","embeddable":true,"href":"https:\/\/de-middel.com\/es\/wp-json\/wp\/v2\/product_tag?post=3086"}],"curies":[{"name":"wp","href":"https:\/\/api.w.org\/{rel}","templated":true}]}}