{"id":3089,"date":"2025-12-19T13:21:52","date_gmt":"2025-12-19T13:21:52","guid":{"rendered":"https:\/\/de-middel.com\/product\/mantel-nappe-de-restaurant-enmarcado\/"},"modified":"2025-12-19T13:21:52","modified_gmt":"2025-12-19T13:21:52","slug":"mantel-nappe-de-restaurant-enmarcado","status":"publish","type":"product","link":"https:\/\/de-middel.com\/es\/producto\/mantel-nappe-de-restaurant-enmarcado\/","title":{"rendered":"Mantel \u00abNappe de Restaurant\u00bb enmarcado"},"content":{"rendered":"<p>Un raro y muy coleccionable fragmento de mantel de papel enmarcado de Jean Cocteau, creado en 1947. Esta pieza excepcional se expuso ese mismo a\u00f1o en la Galer\u00eda Paul Morihien del Palais-Royal de Par\u00eds, en el marco de la famosa \u00abExposition de Nappes de Restaurant\u00bb. Cocteau utiliz\u00f3 manteles de papel recortados y dibujados durante comidas \u00edntimas con figuras culturales como Picasso, Giacometti y Dora Maar. Este fragmento es un ejemplo conmovedor de la capacidad de Cocteau para convertir lo ef\u00edmero en arte   <\/p>\n","protected":false},"excerpt":{"rendered":"<p>Un raro y muy coleccionable fragmento de mantel de papel enmarcado de Jean Cocteau, creado en 1947. Esta pieza excepcional se expuso ese mismo a\u00f1o en la Galer\u00eda Paul Morihien del Palais-Royal de Par\u00eds, en el marco de la famosa \u00abExposition de Nappes de Restaurant\u00bb. Cocteau utiliz\u00f3 manteles de papel recortados y dibujados durante comidas \u00edntimas con figuras culturales como Picasso, Giacometti y Dora Maar. Este fragmento es un ejemplo conmovedor de la capacidad de Cocteau para convertir lo ef\u00edmero en arte   <\/p>\n","protected":false},"featured_media":658,"template":"","meta":{"_acf_changed":false},"product_brand":[142],"product_cat":[427,399],"product_tag":[],"class_list":{"0":"post-3089","1":"product","2":"type-product","3":"status-publish","4":"has-post-thumbnail","6":"product_brand-jean-cocteau","7":"product_cat-otros-medios","8":"product_cat-bellas-artes","9":"pa_collection-bellas-artes","10":"pa_color-marron","11":"pa_color-negro","13":"first","14":"instock","15":"shipping-taxable","16":"purchasable","17":"product-type-simple"},"acf":[],"aioseo_notices":[],"_links":{"self":[{"href":"https:\/\/de-middel.com\/es\/wp-json\/wp\/v2\/product\/3089","targetHints":{"allow":["GET"]}}],"collection":[{"href":"https:\/\/de-middel.com\/es\/wp-json\/wp\/v2\/product"}],"about":[{"href":"https:\/\/de-middel.com\/es\/wp-json\/wp\/v2\/types\/product"}],"wp:featuredmedia":[{"embeddable":true,"href":"https:\/\/de-middel.com\/es\/wp-json\/wp\/v2\/media\/658"}],"wp:attachment":[{"href":"https:\/\/de-middel.com\/es\/wp-json\/wp\/v2\/media?parent=3089"}],"wp:term":[{"taxonomy":"product_brand","embeddable":true,"href":"https:\/\/de-middel.com\/es\/wp-json\/wp\/v2\/product_brand?post=3089"},{"taxonomy":"product_cat","embeddable":true,"href":"https:\/\/de-middel.com\/es\/wp-json\/wp\/v2\/product_cat?post=3089"},{"taxonomy":"product_tag","embeddable":true,"href":"https:\/\/de-middel.com\/es\/wp-json\/wp\/v2\/product_tag?post=3089"}],"curies":[{"name":"wp","href":"https:\/\/api.w.org\/{rel}","templated":true}]}}