{"id":3091,"date":"2025-12-27T15:31:22","date_gmt":"2025-12-27T15:31:22","guid":{"rendered":"https:\/\/de-middel.com\/product\/clemence-en-croco-burdeos\/"},"modified":"2025-12-27T15:31:22","modified_gmt":"2025-12-27T15:31:22","slug":"clemence-en-croco-burdeos","status":"publish","type":"product","link":"https:\/\/de-middel.com\/es\/producto\/clemence-en-croco-burdeos\/","title":{"rendered":"CLEMENCE EN CROCO BURDEOS"},"content":{"rendered":"<p>Un raro Herm\u00e8s Constance 23 de los a\u00f1os 80 fabricado en brillante piel de cocodrilo Porosus burdeos. El bolso incorpora el emblem\u00e1tico cierre a presi\u00f3n en forma de \u00abH\u00bb sobredimensionada chapada en oro y una vers\u00e1til correa de piel para llevarlo al hombro o cruzado. El interior estructurado est\u00e1 forrado en piel tonal, reflejando el apogeo del lujo artesanal del siglo XX.  <\/p>\n","protected":false},"excerpt":{"rendered":"<p>Un raro Herm\u00e8s Constance 23 de los a\u00f1os 80 fabricado en brillante piel de cocodrilo Porosus burdeos. El bolso incorpora el emblem\u00e1tico cierre a presi\u00f3n en forma de \u00abH\u00bb sobredimensionada chapada en oro y una vers\u00e1til correa de piel para llevarlo al hombro o cruzado. El interior estructurado est\u00e1 forrado en piel tonal, reflejando el apogeo del lujo artesanal del siglo XX.  <\/p>\n","protected":false},"featured_media":1474,"template":"","meta":{"_acf_changed":false},"product_brand":[144],"product_cat":[367,366,365],"product_tag":[],"class_list":{"0":"post-3091","1":"product","2":"type-product","3":"status-publish","4":"has-post-thumbnail","6":"product_brand-hermes","7":"product_cat-bolsos-de-mano-y-tote-bags","8":"product_cat-bolsos-y-equipaje","9":"product_cat-moda","10":"pa_color-marron","11":"pa_color-rojo","13":"first","14":"instock","15":"shipping-taxable","16":"purchasable","17":"product-type-simple"},"acf":[],"aioseo_notices":[],"_links":{"self":[{"href":"https:\/\/de-middel.com\/es\/wp-json\/wp\/v2\/product\/3091","targetHints":{"allow":["GET"]}}],"collection":[{"href":"https:\/\/de-middel.com\/es\/wp-json\/wp\/v2\/product"}],"about":[{"href":"https:\/\/de-middel.com\/es\/wp-json\/wp\/v2\/types\/product"}],"wp:featuredmedia":[{"embeddable":true,"href":"https:\/\/de-middel.com\/es\/wp-json\/wp\/v2\/media\/1474"}],"wp:attachment":[{"href":"https:\/\/de-middel.com\/es\/wp-json\/wp\/v2\/media?parent=3091"}],"wp:term":[{"taxonomy":"product_brand","embeddable":true,"href":"https:\/\/de-middel.com\/es\/wp-json\/wp\/v2\/product_brand?post=3091"},{"taxonomy":"product_cat","embeddable":true,"href":"https:\/\/de-middel.com\/es\/wp-json\/wp\/v2\/product_cat?post=3091"},{"taxonomy":"product_tag","embeddable":true,"href":"https:\/\/de-middel.com\/es\/wp-json\/wp\/v2\/product_tag?post=3091"}],"curies":[{"name":"wp","href":"https:\/\/api.w.org\/{rel}","templated":true}]}}