{"id":3103,"date":"2025-12-27T15:27:13","date_gmt":"2025-12-27T15:27:13","guid":{"rendered":"https:\/\/de-middel.com\/product\/bolso-diorama-rojo\/"},"modified":"2025-12-27T15:27:13","modified_gmt":"2025-12-27T15:27:13","slug":"bolso-diorama-rojo","status":"publish","type":"product","link":"https:\/\/de-middel.com\/es\/producto\/bolso-diorama-rojo\/","title":{"rendered":"Bolso Diorama rojo"},"content":{"rendered":"<p>Un bolso Christian Dior vertical \u00abDiorama\u00bb contempor\u00e1neo, confeccionado en piel de color rojo vibrante. El exterior est\u00e1 definido por el ic\u00f3nico pespunte arquitect\u00f3nico \u00abCannage\u00bb, realzado aqu\u00ed con detalles de micro tachuelas que le dan un toque met\u00e1lico. Tiene un cierre magn\u00e9tico en forma de cresta y una vers\u00e1til correa cruzada de cadena. La orientaci\u00f3n vertical aporta un toque elegante y moderno al cl\u00e1sico dise\u00f1o de bolso con solapa.   <\/p>\n","protected":false},"excerpt":{"rendered":"<p>Un bolso Christian Dior vertical \u00abDiorama\u00bb contempor\u00e1neo, confeccionado en piel de color rojo vibrante. El exterior est\u00e1 definido por el ic\u00f3nico pespunte arquitect\u00f3nico \u00abCannage\u00bb, realzado aqu\u00ed con detalles de micro tachuelas que le dan un toque met\u00e1lico. Tiene un cierre magn\u00e9tico en forma de cresta y una vers\u00e1til correa cruzada de cadena. La orientaci\u00f3n vertical aporta un toque elegante y moderno al cl\u00e1sico dise\u00f1o de bolso con solapa.   <\/p>\n","protected":false},"featured_media":1470,"template":"","meta":{"_acf_changed":false},"product_brand":[287],"product_cat":[367,366,365],"product_tag":[],"class_list":{"0":"post-3103","1":"product","2":"type-product","3":"status-publish","4":"has-post-thumbnail","6":"product_brand-dior","7":"product_cat-bolsos-de-mano-y-tote-bags","8":"product_cat-bolsos-y-equipaje","9":"product_cat-moda","10":"pa_color-rojo","12":"first","13":"instock","14":"shipping-taxable","15":"purchasable","16":"product-type-simple"},"acf":[],"aioseo_notices":[],"_links":{"self":[{"href":"https:\/\/de-middel.com\/es\/wp-json\/wp\/v2\/product\/3103","targetHints":{"allow":["GET"]}}],"collection":[{"href":"https:\/\/de-middel.com\/es\/wp-json\/wp\/v2\/product"}],"about":[{"href":"https:\/\/de-middel.com\/es\/wp-json\/wp\/v2\/types\/product"}],"wp:featuredmedia":[{"embeddable":true,"href":"https:\/\/de-middel.com\/es\/wp-json\/wp\/v2\/media\/1470"}],"wp:attachment":[{"href":"https:\/\/de-middel.com\/es\/wp-json\/wp\/v2\/media?parent=3103"}],"wp:term":[{"taxonomy":"product_brand","embeddable":true,"href":"https:\/\/de-middel.com\/es\/wp-json\/wp\/v2\/product_brand?post=3103"},{"taxonomy":"product_cat","embeddable":true,"href":"https:\/\/de-middel.com\/es\/wp-json\/wp\/v2\/product_cat?post=3103"},{"taxonomy":"product_tag","embeddable":true,"href":"https:\/\/de-middel.com\/es\/wp-json\/wp\/v2\/product_tag?post=3103"}],"curies":[{"name":"wp","href":"https:\/\/api.w.org\/{rel}","templated":true}]}}