{"id":3117,"date":"2025-12-27T19:11:36","date_gmt":"2025-12-27T19:11:36","guid":{"rendered":"https:\/\/de-middel.com\/product\/el-tallador-de-boj-grabado-antiguo-en-gelatina-de-plata\/"},"modified":"2025-12-27T19:11:36","modified_gmt":"2025-12-27T19:11:36","slug":"el-tallador-de-boj-grabado-antiguo-en-gelatina-de-plata","status":"publish","type":"product","link":"https:\/\/de-middel.com\/es\/producto\/el-tallador-de-boj-grabado-antiguo-en-gelatina-de-plata\/","title":{"rendered":"El tallador de boj, Grabado antiguo en gelatina de plata"},"content":{"rendered":"<p>Esta impresi\u00f3n vintage en gelatina de plata, de 18,2 x 24,5 cm, presenta una composici\u00f3n ajustada centrada en las manos de un trabajador de la madera. La obra utiliza una escasa profundidad de campo para resaltar la textura del boj y la precisi\u00f3n de la herramienta de tallado. El reverso de la fotograf\u00eda lleva el sello aut\u00e9ntico de colecci\u00f3n de Robert Giraud, figura central de la escena literaria y art\u00edstica parisina de posguerra.  <\/p>\n","protected":false},"excerpt":{"rendered":"<p>Esta impresi\u00f3n vintage en gelatina de plata, de 18,2 x 24,5 cm, presenta una composici\u00f3n ajustada centrada en las manos de un trabajador de la madera. La obra utiliza una escasa profundidad de campo para resaltar la textura del boj y la precisi\u00f3n de la herramienta de tallado. El reverso de la fotograf\u00eda lleva el sello aut\u00e9ntico de colecci\u00f3n de Robert Giraud, figura central de la escena literaria y art\u00edstica parisina de posguerra.  <\/p>\n","protected":false},"featured_media":3121,"template":"","meta":{"_acf_changed":false},"product_brand":[301],"product_cat":[399,508,512],"product_tag":[],"class_list":{"0":"post-3117","1":"product","2":"type-product","3":"status-publish","4":"has-post-thumbnail","6":"product_brand-robert-doisneau","7":"product_cat-bellas-artes","8":"product_cat-fotografia","9":"product_cat-fotografia-vintage","10":"pa_color-gris","11":"pa_color-negro","13":"first","14":"instock","15":"shipping-taxable","16":"purchasable","17":"product-type-simple"},"acf":[],"aioseo_notices":[],"_links":{"self":[{"href":"https:\/\/de-middel.com\/es\/wp-json\/wp\/v2\/product\/3117","targetHints":{"allow":["GET"]}}],"collection":[{"href":"https:\/\/de-middel.com\/es\/wp-json\/wp\/v2\/product"}],"about":[{"href":"https:\/\/de-middel.com\/es\/wp-json\/wp\/v2\/types\/product"}],"wp:featuredmedia":[{"embeddable":true,"href":"https:\/\/de-middel.com\/es\/wp-json\/wp\/v2\/media\/3121"}],"wp:attachment":[{"href":"https:\/\/de-middel.com\/es\/wp-json\/wp\/v2\/media?parent=3117"}],"wp:term":[{"taxonomy":"product_brand","embeddable":true,"href":"https:\/\/de-middel.com\/es\/wp-json\/wp\/v2\/product_brand?post=3117"},{"taxonomy":"product_cat","embeddable":true,"href":"https:\/\/de-middel.com\/es\/wp-json\/wp\/v2\/product_cat?post=3117"},{"taxonomy":"product_tag","embeddable":true,"href":"https:\/\/de-middel.com\/es\/wp-json\/wp\/v2\/product_tag?post=3117"}],"curies":[{"name":"wp","href":"https:\/\/api.w.org\/{rel}","templated":true}]}}