{"id":3122,"date":"2025-12-27T18:52:39","date_gmt":"2025-12-27T18:52:39","guid":{"rendered":"https:\/\/de-middel.com\/product\/blusa-de-seda-rosa\/"},"modified":"2025-12-27T18:52:39","modified_gmt":"2025-12-27T18:52:39","slug":"blusa-de-seda-rosa","status":"publish","type":"product","link":"https:\/\/de-middel.com\/es\/producto\/blusa-de-seda-rosa\/","title":{"rendered":"Blusa de seda rosa"},"content":{"rendered":"<p>Blusa Chanel en un llamativo tono rosa chicle, confeccionada en seda fina 100%. La prenda presenta un sutil bordado tonal del logotipo CC por toda la prenda, que mantiene la firma de la casa con una textura elegante y discreta. Est\u00e1 dise\u00f1ada con un corte cl\u00e1sico, botones en la parte delantera y pu\u00f1os refinados, que encarnan la sofisticaci\u00f3n sin esfuerzo de las prendas de seda de Chanel.  <\/p>\n","protected":false},"excerpt":{"rendered":"<p>Blusa Chanel en un llamativo tono rosa chicle, confeccionada en seda fina 100%. La prenda presenta un sutil bordado tonal del logotipo CC por toda la prenda, que mantiene la firma de la casa con una textura elegante y discreta. Est\u00e1 dise\u00f1ada con un corte cl\u00e1sico, botones en la parte delantera y pu\u00f1os refinados, que encarnan la sofisticaci\u00f3n sin esfuerzo de las prendas de seda de Chanel.  <\/p>\n","protected":false},"featured_media":1540,"template":"","meta":{"_acf_changed":false},"product_brand":[147],"product_cat":[365,414,436],"product_tag":[],"class_list":{"0":"post-3122","1":"product","2":"type-product","3":"status-publish","4":"has-post-thumbnail","6":"product_brand-chanel","7":"product_cat-moda","8":"product_cat-pret-a-porter","9":"product_cat-tops-y-camisetas","10":"pa_color-rosa","12":"first","13":"instock","14":"shipping-taxable","15":"purchasable","16":"product-type-simple"},"acf":[],"aioseo_notices":[],"_links":{"self":[{"href":"https:\/\/de-middel.com\/es\/wp-json\/wp\/v2\/product\/3122","targetHints":{"allow":["GET"]}}],"collection":[{"href":"https:\/\/de-middel.com\/es\/wp-json\/wp\/v2\/product"}],"about":[{"href":"https:\/\/de-middel.com\/es\/wp-json\/wp\/v2\/types\/product"}],"wp:featuredmedia":[{"embeddable":true,"href":"https:\/\/de-middel.com\/es\/wp-json\/wp\/v2\/media\/1540"}],"wp:attachment":[{"href":"https:\/\/de-middel.com\/es\/wp-json\/wp\/v2\/media?parent=3122"}],"wp:term":[{"taxonomy":"product_brand","embeddable":true,"href":"https:\/\/de-middel.com\/es\/wp-json\/wp\/v2\/product_brand?post=3122"},{"taxonomy":"product_cat","embeddable":true,"href":"https:\/\/de-middel.com\/es\/wp-json\/wp\/v2\/product_cat?post=3122"},{"taxonomy":"product_tag","embeddable":true,"href":"https:\/\/de-middel.com\/es\/wp-json\/wp\/v2\/product_tag?post=3122"}],"curies":[{"name":"wp","href":"https:\/\/api.w.org\/{rel}","templated":true}]}}