{"id":3130,"date":"2025-12-27T18:48:11","date_gmt":"2025-12-27T18:48:11","guid":{"rendered":"https:\/\/de-middel.com\/product\/air-jordan-4-retro-off-noir\/"},"modified":"2025-12-27T18:48:11","modified_gmt":"2025-12-27T18:48:11","slug":"air-jordan-4-retro-off-noir","status":"publish","type":"product","link":"https:\/\/de-middel.com\/es\/producto\/air-jordan-4-retro-off-noir\/","title":{"rendered":"Air Jordan 4 Retro &#8216;Off Noir"},"content":{"rendered":"<p>Una zapatilla de colecci\u00f3n muy codiciada: las Nike Air Jordan 4 Retro en el colorway \u00abOff Noir\u00bb, resultado de la aclamada colaboraci\u00f3n con el dise\u00f1ador de Los \u00c1ngeles UNION. La zapatilla presenta materiales y modificaciones de dise\u00f1o \u00fanicos, que la convierten en una pieza fundamental de la cultura contempor\u00e1nea de las zapatillas. <\/p>\n","protected":false},"excerpt":{"rendered":"<p>Una zapatilla de colecci\u00f3n muy codiciada: las Nike Air Jordan 4 Retro en el colorway \u00abOff Noir\u00bb, resultado de la aclamada colaboraci\u00f3n con el dise\u00f1ador de Los \u00c1ngeles UNION. La zapatilla presenta materiales y modificaciones de dise\u00f1o \u00fanicos, que la convierten en una pieza fundamental de la cultura contempor\u00e1nea de las zapatillas. <\/p>\n","protected":false},"featured_media":1536,"template":"","meta":{"_acf_changed":false},"product_brand":[297],"product_cat":[439,365,438,440],"product_tag":[],"class_list":{"0":"post-3130","1":"product","2":"type-product","3":"status-publish","4":"has-post-thumbnail","6":"product_brand-nike","7":"product_cat-eu-40-uk-6-us-9-y-mas","8":"product_cat-moda","9":"product_cat-zapatos","10":"product_cat-zapatos-de-caballero","11":"pa_color-azul","12":"pa_color-blanco","13":"pa_color-negro","14":"pa_color-rojo","16":"first","17":"instock","18":"shipping-taxable","19":"purchasable","20":"product-type-simple"},"acf":[],"aioseo_notices":[],"_links":{"self":[{"href":"https:\/\/de-middel.com\/es\/wp-json\/wp\/v2\/product\/3130","targetHints":{"allow":["GET"]}}],"collection":[{"href":"https:\/\/de-middel.com\/es\/wp-json\/wp\/v2\/product"}],"about":[{"href":"https:\/\/de-middel.com\/es\/wp-json\/wp\/v2\/types\/product"}],"wp:featuredmedia":[{"embeddable":true,"href":"https:\/\/de-middel.com\/es\/wp-json\/wp\/v2\/media\/1536"}],"wp:attachment":[{"href":"https:\/\/de-middel.com\/es\/wp-json\/wp\/v2\/media?parent=3130"}],"wp:term":[{"taxonomy":"product_brand","embeddable":true,"href":"https:\/\/de-middel.com\/es\/wp-json\/wp\/v2\/product_brand?post=3130"},{"taxonomy":"product_cat","embeddable":true,"href":"https:\/\/de-middel.com\/es\/wp-json\/wp\/v2\/product_cat?post=3130"},{"taxonomy":"product_tag","embeddable":true,"href":"https:\/\/de-middel.com\/es\/wp-json\/wp\/v2\/product_tag?post=3130"}],"curies":[{"name":"wp","href":"https:\/\/api.w.org\/{rel}","templated":true}]}}