{"id":3147,"date":"2025-12-27T18:57:25","date_gmt":"2025-12-27T18:57:25","guid":{"rendered":"https:\/\/de-middel.com\/product\/bolso-de-cuero-marron\/"},"modified":"2025-12-27T18:57:25","modified_gmt":"2025-12-27T18:57:25","slug":"bolso-de-cuero-marron","status":"publish","type":"product","link":"https:\/\/de-middel.com\/es\/producto\/bolso-de-cuero-marron\/","title":{"rendered":"bolso de cuero marr\u00f3n."},"content":{"rendered":"<p>Un bolso estructurado de asa superior en piel marr\u00f3n. Presenta una silueta limpia y rectil\u00ednea con un interior espacioso y detalles de herrajes pulidos. Dise\u00f1ada tanto para la forma como para la funci\u00f3n, la pieza mantiene un perfil r\u00edgido gracias a su pesada construcci\u00f3n en piel.  <\/p>\n","protected":false},"excerpt":{"rendered":"<p>Un bolso estructurado de asa superior en piel marr\u00f3n. Presenta una silueta limpia y rectil\u00ednea con un interior espacioso y detalles de herrajes pulidos. Dise\u00f1ada tanto para la forma como para la funci\u00f3n, la pieza mantiene un perfil r\u00edgido gracias a su pesada construcci\u00f3n en piel.  <\/p>\n","protected":false},"featured_media":1544,"template":"","meta":{"_acf_changed":false},"product_brand":[300],"product_cat":[366,365,441],"product_tag":[],"class_list":{"0":"post-3147","1":"product","2":"type-product","3":"status-publish","4":"has-post-thumbnail","6":"product_brand-oscar-de-la-renta","7":"product_cat-bolsos-y-equipaje","8":"product_cat-moda","9":"product_cat-sillas-de-montar-y-totes","10":"pa_color-marron","12":"first","13":"instock","14":"shipping-taxable","15":"purchasable","16":"product-type-simple"},"acf":[],"aioseo_notices":[],"_links":{"self":[{"href":"https:\/\/de-middel.com\/es\/wp-json\/wp\/v2\/product\/3147","targetHints":{"allow":["GET"]}}],"collection":[{"href":"https:\/\/de-middel.com\/es\/wp-json\/wp\/v2\/product"}],"about":[{"href":"https:\/\/de-middel.com\/es\/wp-json\/wp\/v2\/types\/product"}],"wp:featuredmedia":[{"embeddable":true,"href":"https:\/\/de-middel.com\/es\/wp-json\/wp\/v2\/media\/1544"}],"wp:attachment":[{"href":"https:\/\/de-middel.com\/es\/wp-json\/wp\/v2\/media?parent=3147"}],"wp:term":[{"taxonomy":"product_brand","embeddable":true,"href":"https:\/\/de-middel.com\/es\/wp-json\/wp\/v2\/product_brand?post=3147"},{"taxonomy":"product_cat","embeddable":true,"href":"https:\/\/de-middel.com\/es\/wp-json\/wp\/v2\/product_cat?post=3147"},{"taxonomy":"product_tag","embeddable":true,"href":"https:\/\/de-middel.com\/es\/wp-json\/wp\/v2\/product_tag?post=3147"}],"curies":[{"name":"wp","href":"https:\/\/api.w.org\/{rel}","templated":true}]}}