{"id":3150,"date":"2025-12-27T18:33:34","date_gmt":"2025-12-27T18:33:34","guid":{"rendered":"https:\/\/de-middel.com\/product\/goyardine-canva-valise\/"},"modified":"2025-12-27T18:33:34","modified_gmt":"2025-12-27T18:33:34","slug":"goyardine-canva-valise","status":"publish","type":"product","link":"https:\/\/de-middel.com\/es\/producto\/goyardine-canva-valise\/","title":{"rendered":"GOYARDINE CANVA VALISE"},"content":{"rendered":"<p>Una maleta de viaje de gran formato fabricada con lona de Goyardine pintada a mano. La arquitectura est\u00e1 reforzada con ribetes y asas de cuero marr\u00f3n, con un robusto sistema de herrajes en tono lat\u00f3n. El interior est\u00e1 dise\u00f1ado para un almacenamiento voluminoso, reflejando la experiencia fundacional de la casa en la fabricaci\u00f3n de ba\u00fales.  <\/p>\n","protected":false},"excerpt":{"rendered":"<p>Una maleta de viaje de gran formato fabricada con lona de Goyardine pintada a mano. La arquitectura est\u00e1 reforzada con ribetes y asas de cuero marr\u00f3n, con un robusto sistema de herrajes en tono lat\u00f3n. El interior est\u00e1 dise\u00f1ado para un almacenamiento voluminoso, reflejando la experiencia fundacional de la casa en la fabricaci\u00f3n de ba\u00fales.  <\/p>\n","protected":false},"featured_media":1530,"template":"","meta":{"_acf_changed":false},"product_brand":[296],"product_cat":[366,365,443],"product_tag":[],"class_list":{"0":"post-3150","1":"product","2":"type-product","3":"status-publish","4":"has-post-thumbnail","6":"product_brand-goyart","7":"product_cat-bolsos-y-equipaje","8":"product_cat-moda","9":"product_cat-viajes-y-viajes-de-fin-de-semana","10":"pa_color-marron","12":"first","13":"instock","14":"shipping-taxable","15":"purchasable","16":"product-type-simple"},"acf":[],"aioseo_notices":[],"_links":{"self":[{"href":"https:\/\/de-middel.com\/es\/wp-json\/wp\/v2\/product\/3150","targetHints":{"allow":["GET"]}}],"collection":[{"href":"https:\/\/de-middel.com\/es\/wp-json\/wp\/v2\/product"}],"about":[{"href":"https:\/\/de-middel.com\/es\/wp-json\/wp\/v2\/types\/product"}],"wp:featuredmedia":[{"embeddable":true,"href":"https:\/\/de-middel.com\/es\/wp-json\/wp\/v2\/media\/1530"}],"wp:attachment":[{"href":"https:\/\/de-middel.com\/es\/wp-json\/wp\/v2\/media?parent=3150"}],"wp:term":[{"taxonomy":"product_brand","embeddable":true,"href":"https:\/\/de-middel.com\/es\/wp-json\/wp\/v2\/product_brand?post=3150"},{"taxonomy":"product_cat","embeddable":true,"href":"https:\/\/de-middel.com\/es\/wp-json\/wp\/v2\/product_cat?post=3150"},{"taxonomy":"product_tag","embeddable":true,"href":"https:\/\/de-middel.com\/es\/wp-json\/wp\/v2\/product_tag?post=3150"}],"curies":[{"name":"wp","href":"https:\/\/api.w.org\/{rel}","templated":true}]}}