{"id":3162,"date":"2025-12-27T18:29:23","date_gmt":"2025-12-27T18:29:23","guid":{"rendered":"https:\/\/de-middel.com\/product\/cardigan-de-cachemira-crema\/"},"modified":"2025-12-27T18:29:23","modified_gmt":"2025-12-27T18:29:23","slug":"cardigan-de-cachemira-crema","status":"publish","type":"product","link":"https:\/\/de-middel.com\/es\/producto\/cardigan-de-cachemira-crema\/","title":{"rendered":"C\u00e1rdigan de cachemira crema"},"content":{"rendered":"<p>Un c\u00e1rdigan de cachemira en tono crema con delicados adornos de perlas de imitaci\u00f3n a lo largo del ribete y la parte delantera. Su arquitectura se define por su volumen de punto suave y se abrocha con los caracter\u00edsticos botones CC de resina. Etiquetado como talla 42 y procedente de la colecci\u00f3n 2005 de la casa.  <\/p>\n","protected":false},"excerpt":{"rendered":"<p>Un c\u00e1rdigan de cachemira en tono crema con delicados adornos de perlas de imitaci\u00f3n a lo largo del ribete y la parte delantera. Su arquitectura se define por su volumen de punto suave y se abrocha con los caracter\u00edsticos botones CC de resina. Etiquetado como talla 42 y procedente de la colecci\u00f3n 2005 de la casa.  <\/p>\n","protected":false},"featured_media":1528,"template":"","meta":{"_acf_changed":false},"product_brand":[147],"product_cat":[448,447,365,414],"product_tag":[],"class_list":{"0":"post-3162","1":"product","2":"type-product","3":"status-publish","4":"has-post-thumbnail","6":"product_brand-chanel","7":"product_cat-firmas-de-diseno","8":"product_cat-iconicos-chanel","9":"product_cat-moda","10":"product_cat-pret-a-porter","11":"pa_color-blanco","13":"first","14":"instock","15":"shipping-taxable","16":"purchasable","17":"product-type-simple"},"acf":[],"aioseo_notices":[],"_links":{"self":[{"href":"https:\/\/de-middel.com\/es\/wp-json\/wp\/v2\/product\/3162","targetHints":{"allow":["GET"]}}],"collection":[{"href":"https:\/\/de-middel.com\/es\/wp-json\/wp\/v2\/product"}],"about":[{"href":"https:\/\/de-middel.com\/es\/wp-json\/wp\/v2\/types\/product"}],"wp:featuredmedia":[{"embeddable":true,"href":"https:\/\/de-middel.com\/es\/wp-json\/wp\/v2\/media\/1528"}],"wp:attachment":[{"href":"https:\/\/de-middel.com\/es\/wp-json\/wp\/v2\/media?parent=3162"}],"wp:term":[{"taxonomy":"product_brand","embeddable":true,"href":"https:\/\/de-middel.com\/es\/wp-json\/wp\/v2\/product_brand?post=3162"},{"taxonomy":"product_cat","embeddable":true,"href":"https:\/\/de-middel.com\/es\/wp-json\/wp\/v2\/product_cat?post=3162"},{"taxonomy":"product_tag","embeddable":true,"href":"https:\/\/de-middel.com\/es\/wp-json\/wp\/v2\/product_tag?post=3162"}],"curies":[{"name":"wp","href":"https:\/\/api.w.org\/{rel}","templated":true}]}}