{"id":3178,"date":"2025-12-27T18:07:35","date_gmt":"2025-12-27T18:07:35","guid":{"rendered":"https:\/\/de-middel.com\/product\/pulsera-sunburst-cabeza-de-leon\/"},"modified":"2025-12-27T18:07:35","modified_gmt":"2025-12-27T18:07:35","slug":"pulsera-sunburst-cabeza-de-leon","status":"publish","type":"product","link":"https:\/\/de-middel.com\/es\/producto\/pulsera-sunburst-cabeza-de-leon\/","title":{"rendered":"pulsera sunburst cabeza de le\u00f3n."},"content":{"rendered":"<p>Pulsera vintage de eslabones m\u00faltiples en metal dorado. El motivo central presenta una cabeza de le\u00f3n dimensional dentro de un disco de sol, bordeada por un marco repetido con el logotipo CC. La pieza est\u00e1 fabricada con una cadena de grueso calibre y se sujeta con un cierre de gancho o de anilla el\u00e1stica.  <\/p>\n","protected":false},"excerpt":{"rendered":"<p>Pulsera vintage de eslabones m\u00faltiples en metal dorado. El motivo central presenta una cabeza de le\u00f3n dimensional dentro de un disco de sol, bordeada por un marco repetido con el logotipo CC. La pieza est\u00e1 fabricada con una cadena de grueso calibre y se sujeta con un cierre de anilla o anilla de resorte.  <\/p>\n","protected":false},"featured_media":1511,"template":"","meta":{"_acf_changed":false},"product_brand":[147],"product_cat":[423,422,365,450],"product_tag":[],"class_list":{"0":"post-3178","1":"product","2":"type-product","3":"status-publish","4":"has-post-thumbnail","6":"product_brand-chanel","7":"product_cat-iconicos-chanel","8":"product_cat-joyeria","9":"product_cat-moda","10":"product_cat-pulseras","11":"pa_color-dorado","13":"first","14":"instock","15":"shipping-taxable","16":"purchasable","17":"product-type-simple"},"acf":[],"aioseo_notices":[],"_links":{"self":[{"href":"https:\/\/de-middel.com\/es\/wp-json\/wp\/v2\/product\/3178","targetHints":{"allow":["GET"]}}],"collection":[{"href":"https:\/\/de-middel.com\/es\/wp-json\/wp\/v2\/product"}],"about":[{"href":"https:\/\/de-middel.com\/es\/wp-json\/wp\/v2\/types\/product"}],"wp:featuredmedia":[{"embeddable":true,"href":"https:\/\/de-middel.com\/es\/wp-json\/wp\/v2\/media\/1511"}],"wp:attachment":[{"href":"https:\/\/de-middel.com\/es\/wp-json\/wp\/v2\/media?parent=3178"}],"wp:term":[{"taxonomy":"product_brand","embeddable":true,"href":"https:\/\/de-middel.com\/es\/wp-json\/wp\/v2\/product_brand?post=3178"},{"taxonomy":"product_cat","embeddable":true,"href":"https:\/\/de-middel.com\/es\/wp-json\/wp\/v2\/product_cat?post=3178"},{"taxonomy":"product_tag","embeddable":true,"href":"https:\/\/de-middel.com\/es\/wp-json\/wp\/v2\/product_tag?post=3178"}],"curies":[{"name":"wp","href":"https:\/\/api.w.org\/{rel}","templated":true}]}}