{"id":3196,"date":"2025-12-27T17:49:33","date_gmt":"2025-12-27T17:49:33","guid":{"rendered":"https:\/\/de-middel.com\/product\/botines-de-mattelasse\/"},"modified":"2025-12-27T17:49:33","modified_gmt":"2025-12-27T17:49:33","slug":"botines-de-mattelasse","status":"publish","type":"product","link":"https:\/\/de-middel.com\/es\/producto\/botines-de-mattelasse\/","title":{"rendered":"Botines de Mattelass\u00e9"},"content":{"rendered":"<p>Una silueta de calzado a la altura del tobillo que utiliza un tac\u00f3n en bloque columnar de 65 mm y una puntera cuadrada redondeada. El exterior est\u00e1 fabricado con piel de becerro de primera calidad, tratada con un patr\u00f3n de puntadas matelass\u00e9 (acolchado) de alta densidad. Incluye una cremallera lateral tonal y una suela de cuero reforzada.  <\/p>\n","protected":false},"excerpt":{"rendered":"<p>Una silueta de calzado a la altura del tobillo que utiliza un tac\u00f3n en bloque columnar de 65 mm y una puntera cuadrada redondeada. El exterior est\u00e1 fabricado con piel de becerro de primera calidad, tratada con un patr\u00f3n de punto matelass\u00e9 (acolchado) de alta densidad. Incluye una cremallera lateral tonal y una suela de cuero reforzada.  <\/p>\n","protected":false},"featured_media":1496,"template":"","meta":{"_acf_changed":false},"product_brand":[147],"product_cat":[457,458,365,438],"product_tag":[],"class_list":{"0":"post-3196","1":"product","2":"type-product","3":"status-publish","4":"has-post-thumbnail","6":"product_brand-chanel","7":"product_cat-eu-38-uk-5-us-7-5","8":"product_cat-eu-39-uk-5-5-us-8","9":"product_cat-moda","10":"product_cat-zapatos","11":"pa_color-marron","13":"first","14":"instock","15":"shipping-taxable","16":"purchasable","17":"product-type-simple"},"acf":[],"aioseo_notices":[],"_links":{"self":[{"href":"https:\/\/de-middel.com\/es\/wp-json\/wp\/v2\/product\/3196","targetHints":{"allow":["GET"]}}],"collection":[{"href":"https:\/\/de-middel.com\/es\/wp-json\/wp\/v2\/product"}],"about":[{"href":"https:\/\/de-middel.com\/es\/wp-json\/wp\/v2\/types\/product"}],"wp:featuredmedia":[{"embeddable":true,"href":"https:\/\/de-middel.com\/es\/wp-json\/wp\/v2\/media\/1496"}],"wp:attachment":[{"href":"https:\/\/de-middel.com\/es\/wp-json\/wp\/v2\/media?parent=3196"}],"wp:term":[{"taxonomy":"product_brand","embeddable":true,"href":"https:\/\/de-middel.com\/es\/wp-json\/wp\/v2\/product_brand?post=3196"},{"taxonomy":"product_cat","embeddable":true,"href":"https:\/\/de-middel.com\/es\/wp-json\/wp\/v2\/product_cat?post=3196"},{"taxonomy":"product_tag","embeddable":true,"href":"https:\/\/de-middel.com\/es\/wp-json\/wp\/v2\/product_tag?post=3196"}],"curies":[{"name":"wp","href":"https:\/\/api.w.org\/{rel}","templated":true}]}}