{"id":3203,"date":"2025-12-27T17:57:29","date_gmt":"2025-12-27T17:57:29","guid":{"rendered":"https:\/\/de-middel.com\/product\/bolso-mediano-c-marron-sepia\/"},"modified":"2025-12-27T17:57:29","modified_gmt":"2025-12-27T17:57:29","slug":"bolso-mediano-c-marron-sepia","status":"publish","type":"product","link":"https:\/\/de-middel.com\/es\/producto\/bolso-mediano-c-marron-sepia\/","title":{"rendered":"Bolso mediano C Marr\u00f3n Sepia"},"content":{"rendered":"<p>Un bolso bandolera estructurado fabricado en suave piel de becerro marr\u00f3n sepia con un ribete de ante en contraste bajo la solapa. El punto central es un atrevido herraje en forma de \u00abC\u00bb dorado. Incluye un asa superior corta de piel, una correa larga desmontable para el hombro y una combinaci\u00f3n de herrajes dorados y plateados. El interior est\u00e1 forrado en lona tonal con un bolsillo plano espec\u00edfico.   <\/p>\n","protected":false},"excerpt":{"rendered":"<p>Un bolso bandolera estructurado fabricado en suave piel de becerro marr\u00f3n sepia con un ribete de ante en contraste bajo la solapa. El punto central es un atrevido herraje en forma de \u00abC\u00bb dorado. Incluye un asa superior corta de piel, una correa larga desmontable para el hombro y una combinaci\u00f3n de herrajes dorados y plateados. El interior est\u00e1 forrado en lona tonal con un bolsillo plano espec\u00edfico.   <\/p>\n","protected":false},"featured_media":1504,"template":"","meta":{"_acf_changed":false},"product_brand":[291],"product_cat":[367,366,365],"product_tag":[],"class_list":{"0":"post-3203","1":"product","2":"type-product","3":"status-publish","4":"has-post-thumbnail","6":"product_brand-chloe","7":"product_cat-bolsos-de-mano-y-tote-bags","8":"product_cat-bolsos-y-equipaje","9":"product_cat-moda","10":"pa_color-rojo","12":"first","13":"instock","14":"shipping-taxable","15":"purchasable","16":"product-type-simple"},"acf":[],"aioseo_notices":[],"_links":{"self":[{"href":"https:\/\/de-middel.com\/es\/wp-json\/wp\/v2\/product\/3203","targetHints":{"allow":["GET"]}}],"collection":[{"href":"https:\/\/de-middel.com\/es\/wp-json\/wp\/v2\/product"}],"about":[{"href":"https:\/\/de-middel.com\/es\/wp-json\/wp\/v2\/types\/product"}],"wp:featuredmedia":[{"embeddable":true,"href":"https:\/\/de-middel.com\/es\/wp-json\/wp\/v2\/media\/1504"}],"wp:attachment":[{"href":"https:\/\/de-middel.com\/es\/wp-json\/wp\/v2\/media?parent=3203"}],"wp:term":[{"taxonomy":"product_brand","embeddable":true,"href":"https:\/\/de-middel.com\/es\/wp-json\/wp\/v2\/product_brand?post=3203"},{"taxonomy":"product_cat","embeddable":true,"href":"https:\/\/de-middel.com\/es\/wp-json\/wp\/v2\/product_cat?post=3203"},{"taxonomy":"product_tag","embeddable":true,"href":"https:\/\/de-middel.com\/es\/wp-json\/wp\/v2\/product_tag?post=3203"}],"curies":[{"name":"wp","href":"https:\/\/api.w.org\/{rel}","templated":true}]}}