{"id":3215,"date":"2025-12-27T17:53:54","date_gmt":"2025-12-27T17:53:54","guid":{"rendered":"https:\/\/de-middel.com\/product\/chanel-zapato-plataforma-cc-beige\/"},"modified":"2025-12-27T17:53:54","modified_gmt":"2025-12-27T17:53:54","slug":"chanel-zapato-plataforma-cc-beige","status":"publish","type":"product","link":"https:\/\/de-middel.com\/es\/producto\/chanel-zapato-plataforma-cc-beige\/","title":{"rendered":"Chanel Zapato Plataforma CC Beige"},"content":{"rendered":"<p>Unos refinados botines Chanel en piel de color topo con el caracter\u00edstico acolchado matelass\u00e9. Dise\u00f1ados con puntera redondeada, tac\u00f3n en bloque fijo y cierre de cremallera lateral. <\/p>\n","protected":false},"excerpt":{"rendered":"<p>Unos refinados botines Chanel en piel de color topo con el caracter\u00edstico acolchado matelass\u00e9. Dise\u00f1ados con puntera redondeada, tac\u00f3n en bloque fijo y cierre de cremallera lateral. <\/p>\n","protected":false},"featured_media":1500,"template":"","meta":{"_acf_changed":false},"product_brand":[147],"product_cat":[457,365,438],"product_tag":[],"class_list":{"0":"post-3215","1":"product","2":"type-product","3":"status-publish","4":"has-post-thumbnail","6":"product_brand-chanel","7":"product_cat-eu-38-uk-5-us-7-5","8":"product_cat-moda","9":"product_cat-zapatos","10":"pa_color-marron","12":"first","13":"instock","14":"shipping-taxable","15":"purchasable","16":"product-type-simple"},"acf":[],"aioseo_notices":[],"_links":{"self":[{"href":"https:\/\/de-middel.com\/es\/wp-json\/wp\/v2\/product\/3215","targetHints":{"allow":["GET"]}}],"collection":[{"href":"https:\/\/de-middel.com\/es\/wp-json\/wp\/v2\/product"}],"about":[{"href":"https:\/\/de-middel.com\/es\/wp-json\/wp\/v2\/types\/product"}],"wp:featuredmedia":[{"embeddable":true,"href":"https:\/\/de-middel.com\/es\/wp-json\/wp\/v2\/media\/1500"}],"wp:attachment":[{"href":"https:\/\/de-middel.com\/es\/wp-json\/wp\/v2\/media?parent=3215"}],"wp:term":[{"taxonomy":"product_brand","embeddable":true,"href":"https:\/\/de-middel.com\/es\/wp-json\/wp\/v2\/product_brand?post=3215"},{"taxonomy":"product_cat","embeddable":true,"href":"https:\/\/de-middel.com\/es\/wp-json\/wp\/v2\/product_cat?post=3215"},{"taxonomy":"product_tag","embeddable":true,"href":"https:\/\/de-middel.com\/es\/wp-json\/wp\/v2\/product_tag?post=3215"}],"curies":[{"name":"wp","href":"https:\/\/api.w.org\/{rel}","templated":true}]}}