{"id":3255,"date":"2025-12-19T13:45:00","date_gmt":"2025-12-19T13:45:00","guid":{"rendered":"https:\/\/de-middel.com\/product\/set-de-viaje-vintage-de-3-piezas\/"},"modified":"2025-12-19T13:45:00","modified_gmt":"2025-12-19T13:45:00","slug":"set-de-viaje-vintage-de-3-piezas","status":"publish","type":"product","link":"https:\/\/de-middel.com\/es\/producto\/set-de-viaje-vintage-de-3-piezas\/","title":{"rendered":"Set de viaje Vintage de 3 piezas"},"content":{"rendered":"<p>Conjunto de viaje vintage de 3 piezas de Christian Dior, de los a\u00f1os 70\/80. El conjunto consta de una maleta, una bolsa de viaje y un portatrajes. Todas las piezas est\u00e1n confeccionadas con el caracter\u00edstico tejido con el logotipo Dior, con ribetes de color marr\u00f3n oscuro y herrajes dorados, con letras Dior continuas.  <\/p>\n","protected":false},"excerpt":{"rendered":"<p>Conjunto de viaje vintage de 3 piezas de Christian Dior, de los a\u00f1os 70\/80. El conjunto consta de una maleta, una bolsa de viaje y un portatrajes. Todas las piezas est\u00e1n confeccionadas con el caracter\u00edstico tejido con el logotipo Dior, con ribetes de color marr\u00f3n oscuro y herrajes dorados, con letras Dior continuas.  <\/p>\n","protected":false},"featured_media":681,"template":"","meta":{"_acf_changed":false},"product_brand":[149],"product_cat":[366,365,443],"product_tag":[],"class_list":{"0":"post-3255","1":"product","2":"type-product","3":"status-publish","4":"has-post-thumbnail","6":"product_brand-christian-dior","7":"product_cat-bolsos-y-equipaje","8":"product_cat-moda","9":"product_cat-viajes-y-viajes-de-fin-de-semana","10":"pa_collection-moda","11":"pa_color-marron","13":"first","14":"instock","15":"shipping-taxable","16":"purchasable","17":"product-type-simple"},"acf":[],"aioseo_notices":[],"_links":{"self":[{"href":"https:\/\/de-middel.com\/es\/wp-json\/wp\/v2\/product\/3255","targetHints":{"allow":["GET"]}}],"collection":[{"href":"https:\/\/de-middel.com\/es\/wp-json\/wp\/v2\/product"}],"about":[{"href":"https:\/\/de-middel.com\/es\/wp-json\/wp\/v2\/types\/product"}],"wp:featuredmedia":[{"embeddable":true,"href":"https:\/\/de-middel.com\/es\/wp-json\/wp\/v2\/media\/681"}],"wp:attachment":[{"href":"https:\/\/de-middel.com\/es\/wp-json\/wp\/v2\/media?parent=3255"}],"wp:term":[{"taxonomy":"product_brand","embeddable":true,"href":"https:\/\/de-middel.com\/es\/wp-json\/wp\/v2\/product_brand?post=3255"},{"taxonomy":"product_cat","embeddable":true,"href":"https:\/\/de-middel.com\/es\/wp-json\/wp\/v2\/product_cat?post=3255"},{"taxonomy":"product_tag","embeddable":true,"href":"https:\/\/de-middel.com\/es\/wp-json\/wp\/v2\/product_tag?post=3255"}],"curies":[{"name":"wp","href":"https:\/\/api.w.org\/{rel}","templated":true}]}}