{"id":3259,"date":"2025-12-19T13:48:27","date_gmt":"2025-12-19T13:48:27","guid":{"rendered":"https:\/\/de-middel.com\/product\/maleta-bourget\/"},"modified":"2026-01-16T07:23:23","modified_gmt":"2026-01-16T07:23:23","slug":"maleta-bourget","status":"publish","type":"product","link":"https:\/\/de-middel.com\/es\/producto\/maleta-bourget\/","title":{"rendered":"Maleta \u00abBourget"},"content":{"rendered":"<p>La maleta Goyard \u00abBourget\u00bb combina el dise\u00f1o cl\u00e1sico de un ba\u00fal con la funcionalidad moderna. Fabricada en resistente lona Goyardine y piel de vaca Clamecy, incorpora joyas de paladio (2 cierres de ba\u00fal y correa con cierre), compartimentos de seguridad internos, correas de sujeci\u00f3n el\u00e1sticas y forro de algod\u00f3n amarillo. Dise\u00f1ada para viajes exigentes, incluye asas de transporte de piel, un asa telesc\u00f3pica de aluminio, esquinas de piel estilo ba\u00fal y ruedas giratorias de 360 grados.  <\/p>\n","protected":false},"excerpt":{"rendered":"<p>La maleta Goyard \u00abBourget\u00bb combina el dise\u00f1o cl\u00e1sico de un ba\u00fal con la funcionalidad moderna. Fabricada en resistente lona Goyardine y piel de vaca Clamecy, incorpora joyas de paladio (2 cierres de ba\u00fal y correa con cierre), compartimentos de seguridad internos, correas de sujeci\u00f3n el\u00e1sticas y forro de algod\u00f3n amarillo. Dise\u00f1ada para viajes exigentes, incluye asas de transporte de piel, un asa telesc\u00f3pica de aluminio, esquinas de piel estilo ba\u00fal y ruedas giratorias de 360 grados.  <\/p>\n","protected":false},"featured_media":3258,"template":"","meta":{"_acf_changed":false},"product_brand":[150],"product_cat":[366,365,443],"product_tag":[],"class_list":{"0":"post-3259","1":"product","2":"type-product","3":"status-publish","4":"has-post-thumbnail","6":"product_brand-goyard","7":"product_cat-bolsos-y-equipaje","8":"product_cat-moda","9":"product_cat-viajes-y-viajes-de-fin-de-semana","10":"pa_collection-moda","11":"pa_color-verde","13":"first","14":"instock","15":"shipping-taxable","16":"purchasable","17":"product-type-simple"},"acf":[],"aioseo_notices":[],"_links":{"self":[{"href":"https:\/\/de-middel.com\/es\/wp-json\/wp\/v2\/product\/3259","targetHints":{"allow":["GET"]}}],"collection":[{"href":"https:\/\/de-middel.com\/es\/wp-json\/wp\/v2\/product"}],"about":[{"href":"https:\/\/de-middel.com\/es\/wp-json\/wp\/v2\/types\/product"}],"wp:featuredmedia":[{"embeddable":true,"href":"https:\/\/de-middel.com\/es\/wp-json\/wp\/v2\/media\/3258"}],"wp:attachment":[{"href":"https:\/\/de-middel.com\/es\/wp-json\/wp\/v2\/media?parent=3259"}],"wp:term":[{"taxonomy":"product_brand","embeddable":true,"href":"https:\/\/de-middel.com\/es\/wp-json\/wp\/v2\/product_brand?post=3259"},{"taxonomy":"product_cat","embeddable":true,"href":"https:\/\/de-middel.com\/es\/wp-json\/wp\/v2\/product_cat?post=3259"},{"taxonomy":"product_tag","embeddable":true,"href":"https:\/\/de-middel.com\/es\/wp-json\/wp\/v2\/product_tag?post=3259"}],"curies":[{"name":"wp","href":"https:\/\/api.w.org\/{rel}","templated":true}]}}