{"id":3272,"date":"2025-12-27T13:00:01","date_gmt":"2025-12-27T13:00:01","guid":{"rendered":"https:\/\/de-middel.com\/product\/bolso-be-dior-de-2-asas-2015\/"},"modified":"2025-12-27T13:00:01","modified_gmt":"2025-12-27T13:00:01","slug":"bolso-be-dior-de-2-asas-2015","status":"publish","type":"product","link":"https:\/\/de-middel.com\/es\/producto\/bolso-be-dior-de-2-asas-2015\/","title":{"rendered":"Bolso \u00abBe Dior\u00bb de 2 asas (2015)"},"content":{"rendered":"<p>Este elegante bolso de dos asas \u00abBe Dior\u00bb est\u00e1 confeccionado en suave piel de becerro azul claro, con un asa superior de charol naranja en contraste. El dise\u00f1o estructurado se acent\u00faa con herrajes plateados pulidos y el emblem\u00e1tico colgante \u00abDIOR\u00bb. Incluye una correa opcional para el hombro y un interior organizado con m\u00faltiples compartimentos para mantener su silueta limpia y arquitect\u00f3nica.  <\/p>\n","protected":false},"excerpt":{"rendered":"<p>Este elegante bolso de dos asas \u00abBe Dior\u00bb est\u00e1 confeccionado en suave piel de becerro azul claro, con un asa superior de charol naranja en contraste. El dise\u00f1o estructurado se acent\u00faa con herrajes plateados pulidos y el emblem\u00e1tico colgante \u00abDIOR\u00bb. Incluye una correa opcional para el hombro y un interior organizado con m\u00faltiples compartimentos para mantener su silueta limpia y arquitect\u00f3nica.  <\/p>\n","protected":false},"featured_media":1410,"template":"","meta":{"_acf_changed":false},"product_brand":[287],"product_cat":[367,366,365],"product_tag":[],"class_list":{"0":"post-3272","1":"product","2":"type-product","3":"status-publish","4":"has-post-thumbnail","6":"product_brand-dior","7":"product_cat-bolsos-de-mano-y-tote-bags","8":"product_cat-bolsos-y-equipaje","9":"product_cat-moda","10":"pa_color-amarillo","11":"pa_color-azul","13":"first","14":"instock","15":"shipping-taxable","16":"purchasable","17":"product-type-simple"},"acf":[],"aioseo_notices":[],"_links":{"self":[{"href":"https:\/\/de-middel.com\/es\/wp-json\/wp\/v2\/product\/3272","targetHints":{"allow":["GET"]}}],"collection":[{"href":"https:\/\/de-middel.com\/es\/wp-json\/wp\/v2\/product"}],"about":[{"href":"https:\/\/de-middel.com\/es\/wp-json\/wp\/v2\/types\/product"}],"wp:featuredmedia":[{"embeddable":true,"href":"https:\/\/de-middel.com\/es\/wp-json\/wp\/v2\/media\/1410"}],"wp:attachment":[{"href":"https:\/\/de-middel.com\/es\/wp-json\/wp\/v2\/media?parent=3272"}],"wp:term":[{"taxonomy":"product_brand","embeddable":true,"href":"https:\/\/de-middel.com\/es\/wp-json\/wp\/v2\/product_brand?post=3272"},{"taxonomy":"product_cat","embeddable":true,"href":"https:\/\/de-middel.com\/es\/wp-json\/wp\/v2\/product_cat?post=3272"},{"taxonomy":"product_tag","embeddable":true,"href":"https:\/\/de-middel.com\/es\/wp-json\/wp\/v2\/product_tag?post=3272"}],"curies":[{"name":"wp","href":"https:\/\/api.w.org\/{rel}","templated":true}]}}