{"id":3288,"date":"2025-12-27T13:11:28","date_gmt":"2025-12-27T13:11:28","guid":{"rendered":"https:\/\/de-middel.com\/product\/bolsa-de-viaje-grande\/"},"modified":"2026-01-16T07:18:29","modified_gmt":"2026-01-16T07:18:29","slug":"bolsa-de-viaje-grande","status":"publish","type":"product","link":"https:\/\/de-middel.com\/es\/producto\/bolsa-de-viaje-grande\/","title":{"rendered":"Bolsa de viaje grande"},"content":{"rendered":"<p>Bolso bandolera de gran formato de la serie \u00abNew Travel Line\u00bb (circa 2002-2003). Fabricada en jacquard de nailon caqui\/marr\u00f3n con un motivo cuadrado CC tonal repetido. La arquitectura incluye una base reforzada de cuero marr\u00f3n, correas planas de cuero para los hombros y herrajes plateados mate. El interior est\u00e1 dividido en dos grandes compartimentos con cremallera.   <\/p>\n","protected":false},"excerpt":{"rendered":"<p>Bolso bandolera de gran formato de la serie \u00abNew Travel Line\u00bb (circa 2002-2003). Fabricada en jacquard de nailon caqui\/marr\u00f3n con un motivo cuadrado CC tonal repetido. La arquitectura incluye una base reforzada de cuero marr\u00f3n, correas planas de cuero para los hombros y herrajes plateados mate. El interior est\u00e1 dividido en dos grandes compartimentos con cremallera.   <\/p>\n","protected":false},"featured_media":1412,"template":"","meta":{"_acf_changed":false},"product_brand":[147],"product_cat":[367,366,365],"product_tag":[],"class_list":{"0":"post-3288","1":"product","2":"type-product","3":"status-publish","4":"has-post-thumbnail","6":"product_brand-chanel","7":"product_cat-bolsos-de-mano-y-tote-bags","8":"product_cat-bolsos-y-equipaje","9":"product_cat-moda","10":"pa_color-marron","12":"first","13":"instock","14":"shipping-taxable","15":"purchasable","16":"product-type-simple"},"acf":[],"aioseo_notices":[],"_links":{"self":[{"href":"https:\/\/de-middel.com\/es\/wp-json\/wp\/v2\/product\/3288","targetHints":{"allow":["GET"]}}],"collection":[{"href":"https:\/\/de-middel.com\/es\/wp-json\/wp\/v2\/product"}],"about":[{"href":"https:\/\/de-middel.com\/es\/wp-json\/wp\/v2\/types\/product"}],"wp:featuredmedia":[{"embeddable":true,"href":"https:\/\/de-middel.com\/es\/wp-json\/wp\/v2\/media\/1412"}],"wp:attachment":[{"href":"https:\/\/de-middel.com\/es\/wp-json\/wp\/v2\/media?parent=3288"}],"wp:term":[{"taxonomy":"product_brand","embeddable":true,"href":"https:\/\/de-middel.com\/es\/wp-json\/wp\/v2\/product_brand?post=3288"},{"taxonomy":"product_cat","embeddable":true,"href":"https:\/\/de-middel.com\/es\/wp-json\/wp\/v2\/product_cat?post=3288"},{"taxonomy":"product_tag","embeddable":true,"href":"https:\/\/de-middel.com\/es\/wp-json\/wp\/v2\/product_tag?post=3288"}],"curies":[{"name":"wp","href":"https:\/\/api.w.org\/{rel}","templated":true}]}}